{"id":27003,"date":"2025-01-02T17:49:49","date_gmt":"2025-01-02T16:49:49","guid":{"rendered":"https:\/\/vitalstoffversand.com\/produkt\/vit4ever-maslo-migdalowe-biale-1000-g\/"},"modified":"2026-03-15T17:28:55","modified_gmt":"2026-03-15T16:28:55","slug":"vit4ever-maslo-migdalowe-biale-1000-g","status":"publish","type":"product","link":"https:\/\/dev.vitalstoffversand.com\/pl\/produkt-pl\/vit4ever-maslo-migdalowe-biale-1000-g\/","title":{"rendered":"Vit4ever <br>Mas\u0142o migda\u0142owe bia\u0142e &#8211; 1000 g"},"content":{"rendered":"<p>White Almond Butter Smooth sk\u0142ada si\u0119 w 100% z pra\u017conych, blanszowanych migda\u0142\u00f3w i ma naturalny smak.<\/p>\n<p>Opr\u00f3cz zawarto\u015bci bia\u0142ka na poziomie 25% i 8,5 grama b\u0142onnika na 100 gram\u00f3w, dostarcza r\u00f3wnie\u017c cennych witamin i minera\u0142\u00f3w.<\/p>\n<p>Jako pasta do smarowania lub do uszlachetniania deser\u00f3w i wypiek\u00f3w.<\/p>\n<p>Uwaga: W przypadku tego produktu normalnym zjawiskiem jest wyp\u0142ywanie oleju na powierzchni\u0119. Wystarczy kr\u00f3tko wymiesza\u0107, aby przywr\u00f3ci\u0107 kremow\u0105 konsystencj\u0119. <\/p>\n<ul>\n<li>wega\u0144ski<\/li>\n<li>Bezglutenowy<\/li>\n<li>Bez dodatku cukru, oleju palmowego i soli<\/li>\n<\/ul>\n","protected":false},"excerpt":{"rendered":"<p>White Almond Butter Smooth sk\u0142ada si\u0119 w 100% z pra\u017conych, blanszowanych migda\u0142\u00f3w i ma naturalny smak. Opr\u00f3cz zawarto\u015bci bia\u0142ka na poziomie 25% i 8,5 grama b\u0142onnika na 100 gram\u00f3w, dostarcza r\u00f3wnie\u017c cennych witamin i minera\u0142\u00f3w. Jako pasta do smarowania lub do uszlachetniania deser\u00f3w i wypiek\u00f3w. Uwaga: W przypadku tego produktu normalnym zjawiskiem jest wyp\u0142ywanie oleju [&hellip;]<\/p>\n","protected":false},"featured_media":53025,"template":"","meta":{"_acf_changed":false},"product_brand":[10220],"product_cat":[549,569],"product_tag":[],"class_list":{"0":"post-27003","1":"product","2":"type-product","3":"status-publish","4":"has-post-thumbnail","6":"product_brand-vit4ever-pl","7":"product_cat-gotowanie-i-przekaski","8":"product_cat-produkty-od-a-z","10":"first","11":"outofstock","12":"taxable","13":"shipping-taxable","14":"purchasable","15":"product-type-simple"},"acf":[],"_links":{"self":[{"href":"https:\/\/dev.vitalstoffversand.com\/pl\/wp-json\/wp\/v2\/product\/27003","targetHints":{"allow":["GET"]}}],"collection":[{"href":"https:\/\/dev.vitalstoffversand.com\/pl\/wp-json\/wp\/v2\/product"}],"about":[{"href":"https:\/\/dev.vitalstoffversand.com\/pl\/wp-json\/wp\/v2\/types\/product"}],"wp:featuredmedia":[{"embeddable":true,"href":"https:\/\/dev.vitalstoffversand.com\/pl\/wp-json\/wp\/v2\/media\/53025"}],"wp:attachment":[{"href":"https:\/\/dev.vitalstoffversand.com\/pl\/wp-json\/wp\/v2\/media?parent=27003"}],"wp:term":[{"taxonomy":"product_brand","embeddable":true,"href":"https:\/\/dev.vitalstoffversand.com\/pl\/wp-json\/wp\/v2\/product_brand?post=27003"},{"taxonomy":"product_cat","embeddable":true,"href":"https:\/\/dev.vitalstoffversand.com\/pl\/wp-json\/wp\/v2\/product_cat?post=27003"},{"taxonomy":"product_tag","embeddable":true,"href":"https:\/\/dev.vitalstoffversand.com\/pl\/wp-json\/wp\/v2\/product_tag?post=27003"}],"curies":[{"name":"wp","href":"https:\/\/api.w.org\/{rel}","templated":true}]}}