{"id":26984,"date":"2024-11-11T14:18:40","date_gmt":"2024-11-11T13:18:40","guid":{"rendered":"https:\/\/vitalstoffversand.com\/produkt\/vit4ever-dietetyczna-mieszanka-blonnika-400-g\/"},"modified":"2026-03-15T16:56:15","modified_gmt":"2026-03-15T15:56:15","slug":"vit4ever-dietetyczna-mieszanka-blonnika-400-g","status":"publish","type":"product","link":"https:\/\/dev.vitalstoffversand.com\/pl\/produkt-pl\/vit4ever-dietetyczna-mieszanka-blonnika-400-g\/","title":{"rendered":"Vit4ever <br>Dietetyczna mieszanka b\u0142onnika &#8211; 400 g"},"content":{"rendered":"<p>B\u0142onnik jest niezb\u0119dny dla zdrowego uk\u0142adu pokarmowego i dobrego trawienia. Zdrowe jelita s\u0105 niezb\u0119dne dla silnego uk\u0142adu odporno\u015bciowego, ale \u201enowoczesne\u201d nawyki \u017cywieniowe cz\u0119sto oznaczaj\u0105, \u017ce nie spo\u017cywamy ju\u017c wystarczaj\u0105cej ilo\u015bci b\u0142onnika.<\/p>\n<p>Aromatyzowany kwasem cytrynowym, naturalnym aromatem ananasowym i erytrytolem.<\/p>\n<ul>\n<li>Wegan<\/li>\n<li>Bez glutenu<\/li>\n<li>Bez laktozy<\/li>\n<li>Bez GMO<\/li>\n<li>Wyprodukowane zgodnie z surowymi normami jako\u015bci UE<\/li>\n<\/ul>\n","protected":false},"excerpt":{"rendered":"<p>B\u0142onnik jest niezb\u0119dny dla zdrowego uk\u0142adu pokarmowego i dobrego trawienia. Zdrowe jelita s\u0105 niezb\u0119dne dla silnego uk\u0142adu odporno\u015bciowego, ale \u201enowoczesne\u201d nawyki \u017cywieniowe cz\u0119sto oznaczaj\u0105, \u017ce nie spo\u017cywamy ju\u017c wystarczaj\u0105cej ilo\u015bci b\u0142onnika. Aromatyzowany kwasem cytrynowym, naturalnym aromatem ananasowym i erytrytolem. Wegan Bez glutenu Bez laktozy Bez GMO Wyprodukowane zgodnie z surowymi normami jako\u015bci UE<\/p>\n","protected":false},"featured_media":52865,"template":"","meta":{"_acf_changed":false},"product_brand":[10220],"product_cat":[560,569],"product_tag":[],"class_list":{"0":"post-26984","1":"product","2":"type-product","3":"status-publish","4":"has-post-thumbnail","6":"product_brand-vit4ever-pl","7":"product_cat-skladniki-odzywcze","8":"product_cat-produkty-od-a-z","10":"first","11":"instock","12":"taxable","13":"shipping-taxable","14":"purchasable","15":"product-type-simple"},"acf":[],"_links":{"self":[{"href":"https:\/\/dev.vitalstoffversand.com\/pl\/wp-json\/wp\/v2\/product\/26984","targetHints":{"allow":["GET"]}}],"collection":[{"href":"https:\/\/dev.vitalstoffversand.com\/pl\/wp-json\/wp\/v2\/product"}],"about":[{"href":"https:\/\/dev.vitalstoffversand.com\/pl\/wp-json\/wp\/v2\/types\/product"}],"wp:featuredmedia":[{"embeddable":true,"href":"https:\/\/dev.vitalstoffversand.com\/pl\/wp-json\/wp\/v2\/media\/52865"}],"wp:attachment":[{"href":"https:\/\/dev.vitalstoffversand.com\/pl\/wp-json\/wp\/v2\/media?parent=26984"}],"wp:term":[{"taxonomy":"product_brand","embeddable":true,"href":"https:\/\/dev.vitalstoffversand.com\/pl\/wp-json\/wp\/v2\/product_brand?post=26984"},{"taxonomy":"product_cat","embeddable":true,"href":"https:\/\/dev.vitalstoffversand.com\/pl\/wp-json\/wp\/v2\/product_cat?post=26984"},{"taxonomy":"product_tag","embeddable":true,"href":"https:\/\/dev.vitalstoffversand.com\/pl\/wp-json\/wp\/v2\/product_tag?post=26984"}],"curies":[{"name":"wp","href":"https:\/\/api.w.org\/{rel}","templated":true}]}}