{"id":26914,"date":"2024-11-10T16:42:50","date_gmt":"2024-11-10T15:42:50","guid":{"rendered":"https:\/\/vitalstoffversand.com\/produkt\/vit4ever-ekstrakt-z-aceroli-300-g\/"},"modified":"2026-03-14T19:06:04","modified_gmt":"2026-03-14T18:06:04","slug":"vit4ever-ekstrakt-z-aceroli-300-g","status":"publish","type":"product","link":"https:\/\/dev.vitalstoffversand.com\/pl\/produkt-pl\/vit4ever-ekstrakt-z-aceroli-300-g\/","title":{"rendered":"Vit4ever <br>Proszek z ekstraktu z aceroli (witamina C) \u2013 300 g"},"content":{"rendered":"<p>Acerola (Malpighia glabra) jest jednym z 3 najlepszych owoc\u00f3w na \u015bwiecie o najwy\u017cszej zawarto\u015bci naturalnej <a href=\"https:\/\/dev.vitalstoffversand.com\/knowledge-base\/vitamin-c\/\" target=\"_blank\" rel=\"noopener\"><strong><span style=\"color: #0000ff;\">\u2192 witaminy C<\/span><\/strong><\/a>.<\/p>\n<p>Opr\u00f3cz witaminy C, owoce aceroli zawieraj\u0105 r\u00f3wnie\u017c wiele wt\u00f3rnych substancji ro\u015blinnych, przeciwutleniaczy, witamin, minera\u0142\u00f3w, pierwiastk\u00f3w \u015bladowych i beta-karotenu, flawonoid\u00f3w, rutyny i antocyjan\u00f3w.<\/p>\n<ul>\n<li>Wegan<\/li>\n<li>Bez glutenu<\/li>\n<li>Bez laktozy<\/li>\n<li>Bez GMO<\/li>\n<li>Wyprodukowane zgodnie z surowymi normami jako\u015bci UE<\/li>\n<\/ul>\n","protected":false},"excerpt":{"rendered":"<p>Acerola (Malpighia glabra) jest jednym z 3 najlepszych owoc\u00f3w na \u015bwiecie o najwy\u017cszej zawarto\u015bci naturalnej \u2192 witaminy C. Opr\u00f3cz witaminy C, owoce aceroli zawieraj\u0105 r\u00f3wnie\u017c wiele wt\u00f3rnych substancji ro\u015blinnych, przeciwutleniaczy, witamin, minera\u0142\u00f3w, pierwiastk\u00f3w \u015bladowych i beta-karotenu, flawonoid\u00f3w, rutyny i antocyjan\u00f3w. Wegan Bez glutenu Bez laktozy Bez GMO Wyprodukowane zgodnie z surowymi normami jako\u015bci UE<\/p>\n","protected":false},"featured_media":52321,"template":"","meta":{"_acf_changed":false},"product_brand":[10220],"product_cat":[564,569],"product_tag":[],"class_list":{"0":"post-26914","1":"product","2":"type-product","3":"status-publish","4":"has-post-thumbnail","6":"product_brand-vit4ever-pl","7":"product_cat-witaminy","8":"product_cat-produkty-od-a-z","10":"first","11":"instock","12":"taxable","13":"shipping-taxable","14":"purchasable","15":"product-type-simple"},"acf":[],"_links":{"self":[{"href":"https:\/\/dev.vitalstoffversand.com\/pl\/wp-json\/wp\/v2\/product\/26914","targetHints":{"allow":["GET"]}}],"collection":[{"href":"https:\/\/dev.vitalstoffversand.com\/pl\/wp-json\/wp\/v2\/product"}],"about":[{"href":"https:\/\/dev.vitalstoffversand.com\/pl\/wp-json\/wp\/v2\/types\/product"}],"wp:featuredmedia":[{"embeddable":true,"href":"https:\/\/dev.vitalstoffversand.com\/pl\/wp-json\/wp\/v2\/media\/52321"}],"wp:attachment":[{"href":"https:\/\/dev.vitalstoffversand.com\/pl\/wp-json\/wp\/v2\/media?parent=26914"}],"wp:term":[{"taxonomy":"product_brand","embeddable":true,"href":"https:\/\/dev.vitalstoffversand.com\/pl\/wp-json\/wp\/v2\/product_brand?post=26914"},{"taxonomy":"product_cat","embeddable":true,"href":"https:\/\/dev.vitalstoffversand.com\/pl\/wp-json\/wp\/v2\/product_cat?post=26914"},{"taxonomy":"product_tag","embeddable":true,"href":"https:\/\/dev.vitalstoffversand.com\/pl\/wp-json\/wp\/v2\/product_tag?post=26914"}],"curies":[{"name":"wp","href":"https:\/\/api.w.org\/{rel}","templated":true}]}}