{"id":26881,"date":"2024-11-10T16:14:48","date_gmt":"2024-11-10T15:14:48","guid":{"rendered":"https:\/\/vitalstoffversand.com\/produkt\/vit4ever-ekstrakt-z-aceroli-z-25-witamina-c-rozne-ilosci\/"},"modified":"2026-03-16T11:44:52","modified_gmt":"2026-03-16T10:44:52","slug":"vit4ever-ekstrakt-z-aceroli-z-25-witamina-c-rozne-ilosci","status":"publish","type":"product","link":"https:\/\/dev.vitalstoffversand.com\/pl\/produkt-pl\/vit4ever-ekstrakt-z-aceroli-z-25-witamina-c-rozne-ilosci\/","title":{"rendered":"Vit4ever <br>Naturalna witamina C \u2013 ekstrakt z aceroli \u2013 365 kapsu\u0142ek"},"content":{"rendered":"<p>Naturalne <a href=\"https:\/\/dev.vitalstoffversand.com\/knowledge-base\/vitamin-c\/\" target=\"_blank\" rel=\"noopener\"><span style=\"color: #0000ff;\"><strong>\u2192 Witamina C<\/strong><\/span><\/a> przyczynia si\u0119 do wielu funkcji w naszym organizmie.<\/p>\n<p>Jako proszek z owoc\u00f3w aceroli oferuje r\u00f3wnie\u017c bardzo wysok\u0105 biodost\u0119pno\u015b\u0107.<\/p>\n<ul>\n<li>Wegan<\/li>\n<li>Bez glutenu<\/li>\n<li>Bez laktozy<\/li>\n<li>Bez GMO<\/li>\n<li>Wyprodukowane zgodnie z surowymi normami jako\u015bci UE<\/li>\n<\/ul>\n","protected":false},"excerpt":{"rendered":"<p>Naturalne \u2192 Witamina C przyczynia si\u0119 do wielu funkcji w naszym organizmie. Jako proszek z owoc\u00f3w aceroli oferuje r\u00f3wnie\u017c bardzo wysok\u0105 biodost\u0119pno\u015b\u0107. Wegan Bez glutenu Bez laktozy Bez GMO Wyprodukowane zgodnie z surowymi normami jako\u015bci UE<\/p>\n","protected":false},"featured_media":54617,"template":"","meta":{"_acf_changed":false},"product_brand":[10220],"product_cat":[564,569],"product_tag":[],"class_list":{"0":"post-26881","1":"product","2":"type-product","3":"status-publish","4":"has-post-thumbnail","6":"product_brand-vit4ever-pl","7":"product_cat-witaminy","8":"product_cat-produkty-od-a-z","10":"first","11":"instock","12":"taxable","13":"shipping-taxable","14":"purchasable","15":"product-type-simple"},"acf":[],"_links":{"self":[{"href":"https:\/\/dev.vitalstoffversand.com\/pl\/wp-json\/wp\/v2\/product\/26881","targetHints":{"allow":["GET"]}}],"collection":[{"href":"https:\/\/dev.vitalstoffversand.com\/pl\/wp-json\/wp\/v2\/product"}],"about":[{"href":"https:\/\/dev.vitalstoffversand.com\/pl\/wp-json\/wp\/v2\/types\/product"}],"wp:featuredmedia":[{"embeddable":true,"href":"https:\/\/dev.vitalstoffversand.com\/pl\/wp-json\/wp\/v2\/media\/54617"}],"wp:attachment":[{"href":"https:\/\/dev.vitalstoffversand.com\/pl\/wp-json\/wp\/v2\/media?parent=26881"}],"wp:term":[{"taxonomy":"product_brand","embeddable":true,"href":"https:\/\/dev.vitalstoffversand.com\/pl\/wp-json\/wp\/v2\/product_brand?post=26881"},{"taxonomy":"product_cat","embeddable":true,"href":"https:\/\/dev.vitalstoffversand.com\/pl\/wp-json\/wp\/v2\/product_cat?post=26881"},{"taxonomy":"product_tag","embeddable":true,"href":"https:\/\/dev.vitalstoffversand.com\/pl\/wp-json\/wp\/v2\/product_tag?post=26881"}],"curies":[{"name":"wp","href":"https:\/\/api.w.org\/{rel}","templated":true}]}}