{"id":26830,"date":"2024-11-10T15:21:50","date_gmt":"2024-11-10T14:21:50","guid":{"rendered":"https:\/\/vitalstoffversand.com\/produkt\/vit4ever-ekstrakt-reishi-intenso-180-kapsulek\/"},"modified":"2026-03-14T18:08:14","modified_gmt":"2026-03-14T17:08:14","slug":"vit4ever-ekstrakt-reishi-intenso-180-kapsulek","status":"publish","type":"product","link":"https:\/\/dev.vitalstoffversand.com\/pl\/produkt-pl\/vit4ever-ekstrakt-reishi-intenso-180-kapsulek\/","title":{"rendered":"Vit4ever <br>Ekstrakt z Reishi Intenso \u2013 270 kapsu\u0142ek"},"content":{"rendered":"<p>Wysokodawkowy ekstrakt z reishi (\u0142ac. Ganoderma lucidum) o 40% zawarto\u015bci polisacharyd\u00f3w.<\/p>\n<p>Reishi jest u\u017cywany do wielu cel\u00f3w od ponad 4000 lat i oferuje szeroki zakres zastosowa\u0144.<\/p>\n<p>Ekstrakty z grzyb\u00f3w maj\u0105 wy\u017cszy udzia\u0142 polisacharyd\u00f3w ni\u017c ca\u0142y proszek grzybowy, ale cenne inne sk\u0142adniki grzyba s\u0105 tracone w procesie ekstrakcji.<\/p>\n<p>Dlatego zalecamy przyjmowanie ekstrakt\u00f3w z grzyb\u00f3w reishi razem z <a href=\"https:\/\/dev.vitalstoffversand.com\/produkt\/natura-med-bio-reishi-pilzpulver-100-g\/\" target=\"_blank\" rel=\"noopener\"><span style=\"color: #0000ff;\"><u>Natura Med Organic Reishi Mushroom Powder<\/u><\/span><\/a>, na przyk\u0142ad w celu wykorzystania innego spektrum sk\u0142adnik\u00f3w ca\u0142ego grzyba opr\u00f3cz wysokiej zawarto\u015bci polisacharyd\u00f3w z ekstraktu.<\/p>\n<ul>\n<li>Wegan<\/li>\n<li>Bez glutenu<\/li>\n<li>Bez laktozy<\/li>\n<li>Bez GMO<\/li>\n<li>Wyprodukowane zgodnie z surowymi normami jako\u015bci UE<\/li>\n<\/ul>\n","protected":false},"excerpt":{"rendered":"<p>Wysokodawkowy ekstrakt z reishi (\u0142ac. Ganoderma lucidum) o 40% zawarto\u015bci polisacharyd\u00f3w. Reishi jest u\u017cywany do wielu cel\u00f3w od ponad 4000 lat i oferuje szeroki zakres zastosowa\u0144. Ekstrakty z grzyb\u00f3w maj\u0105 wy\u017cszy udzia\u0142 polisacharyd\u00f3w ni\u017c ca\u0142y proszek grzybowy, ale cenne inne sk\u0142adniki grzyba s\u0105 tracone w procesie ekstrakcji. Dlatego zalecamy przyjmowanie ekstrakt\u00f3w z grzyb\u00f3w reishi razem [&hellip;]<\/p>\n","protected":false},"featured_media":51688,"template":"","meta":{"_acf_changed":false},"product_brand":[10220],"product_cat":[570],"product_tag":[],"class_list":{"0":"post-26830","1":"product","2":"type-product","3":"status-publish","4":"has-post-thumbnail","6":"product_brand-vit4ever-pl","7":"product_cat-grzyby-witalne","9":"first","10":"instock","11":"taxable","12":"shipping-taxable","13":"purchasable","14":"product-type-simple"},"acf":[],"_links":{"self":[{"href":"https:\/\/dev.vitalstoffversand.com\/pl\/wp-json\/wp\/v2\/product\/26830","targetHints":{"allow":["GET"]}}],"collection":[{"href":"https:\/\/dev.vitalstoffversand.com\/pl\/wp-json\/wp\/v2\/product"}],"about":[{"href":"https:\/\/dev.vitalstoffversand.com\/pl\/wp-json\/wp\/v2\/types\/product"}],"wp:featuredmedia":[{"embeddable":true,"href":"https:\/\/dev.vitalstoffversand.com\/pl\/wp-json\/wp\/v2\/media\/51688"}],"wp:attachment":[{"href":"https:\/\/dev.vitalstoffversand.com\/pl\/wp-json\/wp\/v2\/media?parent=26830"}],"wp:term":[{"taxonomy":"product_brand","embeddable":true,"href":"https:\/\/dev.vitalstoffversand.com\/pl\/wp-json\/wp\/v2\/product_brand?post=26830"},{"taxonomy":"product_cat","embeddable":true,"href":"https:\/\/dev.vitalstoffversand.com\/pl\/wp-json\/wp\/v2\/product_cat?post=26830"},{"taxonomy":"product_tag","embeddable":true,"href":"https:\/\/dev.vitalstoffversand.com\/pl\/wp-json\/wp\/v2\/product_tag?post=26830"}],"curies":[{"name":"wp","href":"https:\/\/api.w.org\/{rel}","templated":true}]}}