{"id":26824,"date":"2024-11-14T17:27:09","date_gmt":"2024-11-14T16:27:09","guid":{"rendered":"https:\/\/vitalstoffversand.com\/produkt\/vit4ever-kolagen-500-g\/"},"modified":"2026-03-14T17:41:11","modified_gmt":"2026-03-14T16:41:11","slug":"vit4ever-kolagen-500-g","status":"publish","type":"product","link":"https:\/\/dev.vitalstoffversand.com\/pl\/produkt-pl\/vit4ever-kolagen-500-g\/","title":{"rendered":"Vit4ever <br>Kolagen &#8211; 500 g"},"content":{"rendered":"<p>Kolagen wyst\u0119puje w du\u017cych ilo\u015bciach w ko\u015bciach, \u015bci\u0119gnach, wi\u0119zad\u0142ach, stawach i sk\u00f3rze.<\/p>\n<p>Dzi\u0119ki hydrolizie hydrolizat kolagenu Premium Peptolab-Light jest ju\u017c rozbity na ma\u0142e lipidy i mo\u017ce by\u0107 lepiej wch\u0142aniany przez organizm.<\/p>\n<p>Peptolab-Light zawiera kolagen typu I i III, w tym 18 aminokwas\u00f3w, z kt\u00f3rych wi\u0119kszo\u015b\u0107 to glicyna, prolina i hydroksyprolina. <\/p>\n<p><strong>Uwaga:<\/strong> Ten produkt nie posiada certyfikatu halal.<\/p>\n<ul>\n<li>Bez glutenu<\/li>\n<li>Bez laktozy<\/li>\n<li>Bez GMO<\/li>\n<li>Wyprodukowane zgodnie z surowymi normami jako\u015bci UE<\/li>\n<\/ul>\n","protected":false},"excerpt":{"rendered":"<p>Kolagen wyst\u0119puje w du\u017cych ilo\u015bciach w ko\u015bciach, \u015bci\u0119gnach, wi\u0119zad\u0142ach, stawach i sk\u00f3rze. Dzi\u0119ki hydrolizie hydrolizat kolagenu Premium Peptolab-Light jest ju\u017c rozbity na ma\u0142e lipidy i mo\u017ce by\u0107 lepiej wch\u0142aniany przez organizm. Peptolab-Light zawiera kolagen typu I i III, w tym 18 aminokwas\u00f3w, z kt\u00f3rych wi\u0119kszo\u015b\u0107 to glicyna, prolina i hydroksyprolina. Uwaga: Ten produkt nie posiada [&hellip;]<\/p>\n","protected":false},"featured_media":62425,"template":"","meta":{"_acf_changed":false},"product_brand":[10220],"product_cat":[557,569],"product_tag":[],"class_list":{"0":"post-26824","1":"product","2":"type-product","3":"status-publish","4":"has-post-thumbnail","6":"product_brand-vit4ever-pl","7":"product_cat-bialka","8":"product_cat-produkty-od-a-z","10":"first","11":"outofstock","12":"taxable","13":"shipping-taxable","14":"purchasable","15":"product-type-simple"},"acf":[],"_links":{"self":[{"href":"https:\/\/dev.vitalstoffversand.com\/pl\/wp-json\/wp\/v2\/product\/26824","targetHints":{"allow":["GET"]}}],"collection":[{"href":"https:\/\/dev.vitalstoffversand.com\/pl\/wp-json\/wp\/v2\/product"}],"about":[{"href":"https:\/\/dev.vitalstoffversand.com\/pl\/wp-json\/wp\/v2\/types\/product"}],"wp:featuredmedia":[{"embeddable":true,"href":"https:\/\/dev.vitalstoffversand.com\/pl\/wp-json\/wp\/v2\/media\/62425"}],"wp:attachment":[{"href":"https:\/\/dev.vitalstoffversand.com\/pl\/wp-json\/wp\/v2\/media?parent=26824"}],"wp:term":[{"taxonomy":"product_brand","embeddable":true,"href":"https:\/\/dev.vitalstoffversand.com\/pl\/wp-json\/wp\/v2\/product_brand?post=26824"},{"taxonomy":"product_cat","embeddable":true,"href":"https:\/\/dev.vitalstoffversand.com\/pl\/wp-json\/wp\/v2\/product_cat?post=26824"},{"taxonomy":"product_tag","embeddable":true,"href":"https:\/\/dev.vitalstoffversand.com\/pl\/wp-json\/wp\/v2\/product_tag?post=26824"}],"curies":[{"name":"wp","href":"https:\/\/api.w.org\/{rel}","templated":true}]}}