{"id":26009,"date":"2025-04-05T12:39:45","date_gmt":"2025-04-05T10:39:45","guid":{"rendered":"https:\/\/vitalstoffversand.com\/produkt\/vit4ever-witamina-b12-365-pastylek-do-ssania-rozne-smaki\/"},"modified":"2026-03-14T14:45:35","modified_gmt":"2026-03-14T13:45:35","slug":"vit4ever-witamina-b12-365-pastylek-do-ssania-rozne-smaki","status":"publish","type":"product","link":"https:\/\/dev.vitalstoffversand.com\/pl\/produkt-pl\/vit4ever-witamina-b12-365-pastylek-do-ssania-rozne-smaki\/","title":{"rendered":"Vit4ever <br>Witamina B12 o smaku malinowym \u2013 365 tabletek"},"content":{"rendered":"<div id=\"tab-description\" class=\"woocommerce-Tabs-panel woocommerce-Tabs-panel--description panel entry-content wc-tab\" role=\"tabpanel\" aria-labelledby=\"tab-title-description\"><a href=\"https:\/\/dev.vitalstoffversand.com\/knowledge-base\/vitamin-b12\/\" target=\"_blank\" rel=\"noopener\"><strong><span style=\"color: #0000ff;\">\u2192 Witamina B12<\/span><\/strong><\/a> wyst\u0119puje g\u0142\u00f3wnie w \u017cywno\u015bci pochodzenia zwierz\u0119cego, dlatego suplementacja jest szczeg\u00f3lnie wa\u017cna dla os\u00f3b, kt\u00f3re stosuj\u0105 g\u0142\u00f3wnie lub wy\u0142\u0105cznie diet\u0119 wega\u0144sk\u0105 lub fleksitaria\u0144sk\u0105.<\/div>\n<div role=\"tabpanel\" aria-labelledby=\"tab-title-description\"><\/div>\n<div role=\"tabpanel\" aria-labelledby=\"tab-title-description\">Tabletki do ssania z witamin\u0105 B12 charakteryzuj\u0105 si\u0119 wyj\u0105tkowo wysok\u0105 biodost\u0119pno\u015bci\u0105 dzi\u0119ki podawaniu podj\u0119zykowemu oraz maj\u0105 pyszny malinowy smak.<\/div>\n<div role=\"tabpanel\" aria-labelledby=\"tab-title-description\"><\/div>\n<div role=\"tabpanel\" aria-labelledby=\"tab-title-description\">Tabletki mo\u017cna r\u00f3wnie\u017c \u017cu\u0107 lub po\u0142yka\u0107.<\/div>\n<div role=\"tabpanel\" aria-labelledby=\"tab-title-description\"><\/div>\n<div class=\"woocommerce-Tabs-panel woocommerce-Tabs-panel--description panel entry-content wc-tab\" role=\"tabpanel\" aria-labelledby=\"tab-title-description\">\n<ul>\n<li>Wegan<\/li>\n<li>Bez glutenu<\/li>\n<li>Bez laktozy<\/li>\n<li>Bez GMO<\/li>\n<li>Wyprodukowane zgodnie z surowymi normami jako\u015bci UE<\/li>\n<\/ul>\n<\/div>\n","protected":false},"excerpt":{"rendered":"<p>\u2192 Witamina B12 wyst\u0119puje g\u0142\u00f3wnie w \u017cywno\u015bci pochodzenia zwierz\u0119cego, dlatego suplementacja jest szczeg\u00f3lnie wa\u017cna dla os\u00f3b, kt\u00f3re stosuj\u0105 g\u0142\u00f3wnie lub wy\u0142\u0105cznie diet\u0119 wega\u0144sk\u0105 lub fleksitaria\u0144sk\u0105. Tabletki do ssania z witamin\u0105 B12 charakteryzuj\u0105 si\u0119 wyj\u0105tkowo wysok\u0105 biodost\u0119pno\u015bci\u0105 dzi\u0119ki podawaniu podj\u0119zykowemu oraz maj\u0105 pyszny malinowy smak. Tabletki mo\u017cna r\u00f3wnie\u017c \u017cu\u0107 lub po\u0142yka\u0107. Wegan Bez glutenu Bez laktozy [&hellip;]<\/p>\n","protected":false},"featured_media":50406,"template":"","meta":{"_acf_changed":false},"product_brand":[10220],"product_cat":[564,569],"product_tag":[],"class_list":{"0":"post-26009","1":"product","2":"type-product","3":"status-publish","4":"has-post-thumbnail","6":"product_brand-vit4ever-pl","7":"product_cat-witaminy","8":"product_cat-produkty-od-a-z","10":"first","11":"instock","12":"taxable","13":"shipping-taxable","14":"purchasable","15":"product-type-simple"},"acf":[],"_links":{"self":[{"href":"https:\/\/dev.vitalstoffversand.com\/pl\/wp-json\/wp\/v2\/product\/26009","targetHints":{"allow":["GET"]}}],"collection":[{"href":"https:\/\/dev.vitalstoffversand.com\/pl\/wp-json\/wp\/v2\/product"}],"about":[{"href":"https:\/\/dev.vitalstoffversand.com\/pl\/wp-json\/wp\/v2\/types\/product"}],"wp:featuredmedia":[{"embeddable":true,"href":"https:\/\/dev.vitalstoffversand.com\/pl\/wp-json\/wp\/v2\/media\/50406"}],"wp:attachment":[{"href":"https:\/\/dev.vitalstoffversand.com\/pl\/wp-json\/wp\/v2\/media?parent=26009"}],"wp:term":[{"taxonomy":"product_brand","embeddable":true,"href":"https:\/\/dev.vitalstoffversand.com\/pl\/wp-json\/wp\/v2\/product_brand?post=26009"},{"taxonomy":"product_cat","embeddable":true,"href":"https:\/\/dev.vitalstoffversand.com\/pl\/wp-json\/wp\/v2\/product_cat?post=26009"},{"taxonomy":"product_tag","embeddable":true,"href":"https:\/\/dev.vitalstoffversand.com\/pl\/wp-json\/wp\/v2\/product_tag?post=26009"}],"curies":[{"name":"wp","href":"https:\/\/api.w.org\/{rel}","templated":true}]}}