{"id":23675,"date":"2025-03-19T15:55:49","date_gmt":"2025-03-19T14:55:49","guid":{"rendered":"https:\/\/vitalstoffversand.com\/produkt\/vit4ever-multiwitamina-a-z-365-tabletek\/"},"modified":"2026-03-14T14:41:35","modified_gmt":"2026-03-14T13:41:35","slug":"vit4ever-multiwitamina-a-z-365-tabletek","status":"publish","type":"product","link":"https:\/\/dev.vitalstoffversand.com\/pl\/produkt-pl\/vit4ever-multiwitamina-a-z-365-tabletek\/","title":{"rendered":"Vit4ever <br>Multiwitamina A-Z &#8211; 365 tabletek"},"content":{"rendered":"<p>Nie masz pewno\u015bci, czy brakuje Ci pewnych wa\u017cnych sk\u0142adnik\u00f3w od\u017cywczych i jakie one s\u0105, czy te\u017c szukasz \u201ewszechstronnego\u201d \u015brodka, kt\u00f3ry dostarczy Twojemu organizmowi r\u00f3\u017cnych wa\u017cnych substancji?<\/p>\n<p>Multiwitamina A-Z \u0142\u0105czy w sobie 32 witaminy, minera\u0142y, pierwiastki \u015bladowe, aminokwasy i inne wa\u017cne substancje w jednej tabletce.<\/p>\n<ul>\n<li>Wegan<\/li>\n<li>Bez glutenu<\/li>\n<li>Bez laktozy<\/li>\n<li>Bez GMO<\/li>\n<li>Wyprodukowane zgodnie z surowymi normami jako\u015bci UE<\/li>\n<\/ul>\n","protected":false},"excerpt":{"rendered":"<p>Nie masz pewno\u015bci, czy brakuje Ci pewnych wa\u017cnych sk\u0142adnik\u00f3w od\u017cywczych i jakie one s\u0105, czy te\u017c szukasz \u201ewszechstronnego\u201d \u015brodka, kt\u00f3ry dostarczy Twojemu organizmowi r\u00f3\u017cnych wa\u017cnych substancji? Multiwitamina A-Z \u0142\u0105czy w sobie 32 witaminy, minera\u0142y, pierwiastki \u015bladowe, aminokwasy i inne wa\u017cne substancje w jednej tabletce. Wegan Bez glutenu Bez laktozy Bez GMO Wyprodukowane zgodnie z surowymi [&hellip;]<\/p>\n","protected":false},"featured_media":50358,"template":"","meta":{"_acf_changed":false},"product_brand":[10220],"product_cat":[564,569],"product_tag":[],"class_list":{"0":"post-23675","1":"product","2":"type-product","3":"status-publish","4":"has-post-thumbnail","6":"product_brand-vit4ever-pl","7":"product_cat-witaminy","8":"product_cat-produkty-od-a-z","10":"first","11":"instock","12":"taxable","13":"shipping-taxable","14":"purchasable","15":"product-type-simple"},"acf":[],"_links":{"self":[{"href":"https:\/\/dev.vitalstoffversand.com\/pl\/wp-json\/wp\/v2\/product\/23675","targetHints":{"allow":["GET"]}}],"collection":[{"href":"https:\/\/dev.vitalstoffversand.com\/pl\/wp-json\/wp\/v2\/product"}],"about":[{"href":"https:\/\/dev.vitalstoffversand.com\/pl\/wp-json\/wp\/v2\/types\/product"}],"wp:featuredmedia":[{"embeddable":true,"href":"https:\/\/dev.vitalstoffversand.com\/pl\/wp-json\/wp\/v2\/media\/50358"}],"wp:attachment":[{"href":"https:\/\/dev.vitalstoffversand.com\/pl\/wp-json\/wp\/v2\/media?parent=23675"}],"wp:term":[{"taxonomy":"product_brand","embeddable":true,"href":"https:\/\/dev.vitalstoffversand.com\/pl\/wp-json\/wp\/v2\/product_brand?post=23675"},{"taxonomy":"product_cat","embeddable":true,"href":"https:\/\/dev.vitalstoffversand.com\/pl\/wp-json\/wp\/v2\/product_cat?post=23675"},{"taxonomy":"product_tag","embeddable":true,"href":"https:\/\/dev.vitalstoffversand.com\/pl\/wp-json\/wp\/v2\/product_tag?post=23675"}],"curies":[{"name":"wp","href":"https:\/\/api.w.org\/{rel}","templated":true}]}}