{"id":23444,"date":"2024-11-10T13:38:48","date_gmt":"2024-11-10T12:38:48","guid":{"rendered":"https:\/\/vitalstoffversand.com\/produkt\/vit4ever-ekstrakt-z-kadzidlowca-rozne-ilosci\/"},"modified":"2026-03-14T16:58:02","modified_gmt":"2026-03-14T15:58:02","slug":"vit4ever-ekstrakt-z-kadzidlowca-rozne-ilosci","status":"publish","type":"product","link":"https:\/\/dev.vitalstoffversand.com\/pl\/produkt-pl\/vit4ever-ekstrakt-z-kadzidlowca-rozne-ilosci\/","title":{"rendered":"Vit4ever <br>Ekstrakt z kadzid\u0142a \u2013 365 kapsu\u0142ek"},"content":{"rendered":"<p>Ekstrakt z kadzid\u0142owca zawieraj\u0105cy 85% kwasu bosweliowego.<\/p>\n<p>Kadzid\u0142owiec jest znany jako ro\u015blina lecznicza od tysi\u0119cy lat, poniewa\u017c zawarty w nim kwas bosweliowy promuje enzym przeciwzapalny, kt\u00f3ry z kolei tworzy przeciwzapalne leukotrieny.<\/p>\n<p>Ekstrakt z kadzid\u0142owca jest zatem bardzo popularny w leczeniu problem\u00f3w ze stawami lub stan\u00f3w zapalnych jelit.<\/p>\n<ul>\n<li>Wegan<\/li>\n<li>Bez glutenu<\/li>\n<li>Bez laktozy<\/li>\n<li>Bez GMO<\/li>\n<li>Wyprodukowane zgodnie z surowymi normami jako\u015bci UE<\/li>\n<\/ul>\n","protected":false},"excerpt":{"rendered":"<p>Ekstrakt z kadzid\u0142owca zawieraj\u0105cy 85% kwasu bosweliowego. Kadzid\u0142owiec jest znany jako ro\u015blina lecznicza od tysi\u0119cy lat, poniewa\u017c zawarty w nim kwas bosweliowy promuje enzym przeciwzapalny, kt\u00f3ry z kolei tworzy przeciwzapalne leukotrieny. Ekstrakt z kadzid\u0142owca jest zatem bardzo popularny w leczeniu problem\u00f3w ze stawami lub stan\u00f3w zapalnych jelit. Wegan Bez glutenu Bez laktozy Bez GMO Wyprodukowane [&hellip;]<\/p>\n","protected":false},"featured_media":62156,"template":"","meta":{"_acf_changed":false},"product_brand":[10220],"product_cat":[560,569],"product_tag":[],"class_list":{"0":"post-23444","1":"product","2":"type-product","3":"status-publish","4":"has-post-thumbnail","6":"product_brand-vit4ever-pl","7":"product_cat-skladniki-odzywcze","8":"product_cat-produkty-od-a-z","10":"first","11":"instock","12":"taxable","13":"shipping-taxable","14":"purchasable","15":"product-type-simple"},"acf":[],"_links":{"self":[{"href":"https:\/\/dev.vitalstoffversand.com\/pl\/wp-json\/wp\/v2\/product\/23444","targetHints":{"allow":["GET"]}}],"collection":[{"href":"https:\/\/dev.vitalstoffversand.com\/pl\/wp-json\/wp\/v2\/product"}],"about":[{"href":"https:\/\/dev.vitalstoffversand.com\/pl\/wp-json\/wp\/v2\/types\/product"}],"wp:featuredmedia":[{"embeddable":true,"href":"https:\/\/dev.vitalstoffversand.com\/pl\/wp-json\/wp\/v2\/media\/62156"}],"wp:attachment":[{"href":"https:\/\/dev.vitalstoffversand.com\/pl\/wp-json\/wp\/v2\/media?parent=23444"}],"wp:term":[{"taxonomy":"product_brand","embeddable":true,"href":"https:\/\/dev.vitalstoffversand.com\/pl\/wp-json\/wp\/v2\/product_brand?post=23444"},{"taxonomy":"product_cat","embeddable":true,"href":"https:\/\/dev.vitalstoffversand.com\/pl\/wp-json\/wp\/v2\/product_cat?post=23444"},{"taxonomy":"product_tag","embeddable":true,"href":"https:\/\/dev.vitalstoffversand.com\/pl\/wp-json\/wp\/v2\/product_tag?post=23444"}],"curies":[{"name":"wp","href":"https:\/\/api.w.org\/{rel}","templated":true}]}}