{"id":22596,"date":"2024-11-08T16:05:35","date_gmt":"2024-11-08T15:05:35","guid":{"rendered":"https:\/\/vitalstoffversand.com\/produkt\/vit4ever-olej-z-wiesiolka-rozne-ilosci\/"},"modified":"2026-03-14T14:04:11","modified_gmt":"2026-03-14T13:04:11","slug":"vit4ever-olej-z-wiesiolka-rozne-ilosci","status":"publish","type":"product","link":"https:\/\/dev.vitalstoffversand.com\/pl\/produkt-pl\/vit4ever-olej-z-wiesiolka-rozne-ilosci\/","title":{"rendered":"Vit4ever <br>Olej z wiesio\u0142ka \u2013 365 kapsu\u0142ek"},"content":{"rendered":"<p>Kapsu\u0142ki z olejem z wiesio\u0142ka zawieraj\u0105 10% kwasu gamma-linolenowego (GLA), a tak\u017ce kwas linolenowy omega-6, inne nienasycone kwasy t\u0142uszczowe i r\u00f3\u017cne aminokwasy, minera\u0142y i witamin\u0119 E.<\/p>\n<p>Olej z wiesio\u0142ka mo\u017ce mie\u0107 pozytywny wp\u0142yw na sk\u00f3r\u0119 i jest cz\u0119sto stosowany w medycynie ludowej w przypadku chor\u00f3b sk\u00f3ry i suchej sk\u00f3ry.<\/p>\n<ul>\n<li>Bez glutenu<\/li>\n<li>Bez laktozy<\/li>\n<li>Bez GMO<\/li>\n<li>Wyprodukowane zgodnie z surowymi normami jako\u015bci UE<\/li>\n<\/ul>\n","protected":false},"excerpt":{"rendered":"<p>Kapsu\u0142ki z olejem z wiesio\u0142ka zawieraj\u0105 10% kwasu gamma-linolenowego (GLA), a tak\u017ce kwas linolenowy omega-6, inne nienasycone kwasy t\u0142uszczowe i r\u00f3\u017cne aminokwasy, minera\u0142y i witamin\u0119 E. Olej z wiesio\u0142ka mo\u017ce mie\u0107 pozytywny wp\u0142yw na sk\u00f3r\u0119 i jest cz\u0119sto stosowany w medycynie ludowej w przypadku chor\u00f3b sk\u00f3ry i suchej sk\u00f3ry. Bez glutenu Bez laktozy Bez GMO [&hellip;]<\/p>\n","protected":false},"featured_media":61451,"template":"","meta":{"_acf_changed":false},"product_brand":[10220],"product_cat":[553,569],"product_tag":[],"class_list":{"0":"post-22596","1":"product","2":"type-product","3":"status-publish","4":"has-post-thumbnail","6":"product_brand-vit4ever-pl","7":"product_cat-kwasy-tluszczowe","8":"product_cat-produkty-od-a-z","10":"first","11":"instock","12":"taxable","13":"shipping-taxable","14":"purchasable","15":"product-type-simple"},"acf":[],"_links":{"self":[{"href":"https:\/\/dev.vitalstoffversand.com\/pl\/wp-json\/wp\/v2\/product\/22596","targetHints":{"allow":["GET"]}}],"collection":[{"href":"https:\/\/dev.vitalstoffversand.com\/pl\/wp-json\/wp\/v2\/product"}],"about":[{"href":"https:\/\/dev.vitalstoffversand.com\/pl\/wp-json\/wp\/v2\/types\/product"}],"wp:featuredmedia":[{"embeddable":true,"href":"https:\/\/dev.vitalstoffversand.com\/pl\/wp-json\/wp\/v2\/media\/61451"}],"wp:attachment":[{"href":"https:\/\/dev.vitalstoffversand.com\/pl\/wp-json\/wp\/v2\/media?parent=22596"}],"wp:term":[{"taxonomy":"product_brand","embeddable":true,"href":"https:\/\/dev.vitalstoffversand.com\/pl\/wp-json\/wp\/v2\/product_brand?post=22596"},{"taxonomy":"product_cat","embeddable":true,"href":"https:\/\/dev.vitalstoffversand.com\/pl\/wp-json\/wp\/v2\/product_cat?post=22596"},{"taxonomy":"product_tag","embeddable":true,"href":"https:\/\/dev.vitalstoffversand.com\/pl\/wp-json\/wp\/v2\/product_tag?post=22596"}],"curies":[{"name":"wp","href":"https:\/\/api.w.org\/{rel}","templated":true}]}}