{"id":22351,"date":"2025-01-02T17:47:20","date_gmt":"2025-01-02T16:47:20","guid":{"rendered":"https:\/\/vitalstoffversand.com\/produkt\/gen-eaa-energy-mix-500-g-rozne-smaki\/"},"modified":"2026-03-12T12:35:25","modified_gmt":"2026-03-12T11:35:25","slug":"gen-eaa-energy-mix-500-g-rozne-smaki","status":"publish","type":"product","link":"https:\/\/dev.vitalstoffversand.com\/pl\/produkt-pl\/gen-eaa-energy-mix-500-g-rozne-smaki\/","title":{"rendered":"GEN <br>EAA Energy Mix &#8211; 500 g &#8211; r\u00f3\u017cne smaki"},"content":{"rendered":"<p>EAA Energy Mix ist ein Booster der besonderen Art.EAA Energy Mix to specjalny rodzaj boostera.EAA Energy Mix to specjalny rodzaj boostera.<\/p>\n<p>Opr\u00f3cz 9 niezb\u0119dnych aminokwas\u00f3w, booster zawiera dodatkowo kofein\u0119, tauryn\u0119, ekstrakt z guarany i witamin\u0119 B6, dzi\u0119ki czemu zapewnia kompleksowe wsparcie w zakresie dostarczania sk\u0142adnik\u00f3w od\u017cywczych do mi\u0119\u015bni, regeneracji mi\u0119\u015bni, a tak\u017ce energii i koncentracji.<\/p>\n<p>Dost\u0119pne w 8 pysznych smakach.<\/p>\n<ul>\n<li>Wegan<\/li>\n<li>Bez glutenu<\/li>\n<li>Bez laktozy<\/li>\n<li>Bez GMO<\/li>\n<li>Wyprodukowane zgodnie z surowymi normami jako\u015bci UE<\/li>\n<\/ul>\n","protected":false},"excerpt":{"rendered":"<p>EAA Energy Mix ist ein Booster der besonderen Art.EAA Energy Mix to specjalny rodzaj boostera.EAA Energy Mix to specjalny rodzaj boostera. Opr\u00f3cz 9 niezb\u0119dnych aminokwas\u00f3w, booster zawiera dodatkowo kofein\u0119, tauryn\u0119, ekstrakt z guarany i witamin\u0119 B6, dzi\u0119ki czemu zapewnia kompleksowe wsparcie w zakresie dostarczania sk\u0142adnik\u00f3w od\u017cywczych do mi\u0119\u015bni, regeneracji mi\u0119\u015bni, a tak\u017ce energii i koncentracji. [&hellip;]<\/p>\n","protected":false},"featured_media":47254,"template":"","meta":{"_acf_changed":false},"product_brand":[10199],"product_cat":[552,569,561],"product_tag":[],"class_list":{"0":"post-22351","1":"product","2":"type-product","3":"status-publish","4":"has-post-thumbnail","6":"product_brand-gen-german-elite-nutrition-pl","7":"product_cat-aminokwasy","8":"product_cat-produkty-od-a-z","9":"product_cat-suplementy-sportowe","11":"first","12":"instock","13":"taxable","14":"shipping-taxable","15":"purchasable","16":"product-type-variable"},"acf":[],"_links":{"self":[{"href":"https:\/\/dev.vitalstoffversand.com\/pl\/wp-json\/wp\/v2\/product\/22351","targetHints":{"allow":["GET"]}}],"collection":[{"href":"https:\/\/dev.vitalstoffversand.com\/pl\/wp-json\/wp\/v2\/product"}],"about":[{"href":"https:\/\/dev.vitalstoffversand.com\/pl\/wp-json\/wp\/v2\/types\/product"}],"wp:featuredmedia":[{"embeddable":true,"href":"https:\/\/dev.vitalstoffversand.com\/pl\/wp-json\/wp\/v2\/media\/47254"}],"wp:attachment":[{"href":"https:\/\/dev.vitalstoffversand.com\/pl\/wp-json\/wp\/v2\/media?parent=22351"}],"wp:term":[{"taxonomy":"product_brand","embeddable":true,"href":"https:\/\/dev.vitalstoffversand.com\/pl\/wp-json\/wp\/v2\/product_brand?post=22351"},{"taxonomy":"product_cat","embeddable":true,"href":"https:\/\/dev.vitalstoffversand.com\/pl\/wp-json\/wp\/v2\/product_cat?post=22351"},{"taxonomy":"product_tag","embeddable":true,"href":"https:\/\/dev.vitalstoffversand.com\/pl\/wp-json\/wp\/v2\/product_tag?post=22351"}],"curies":[{"name":"wp","href":"https:\/\/api.w.org\/{rel}","templated":true}]}}