{"id":22306,"date":"2024-12-30T11:59:48","date_gmt":"2024-12-30T10:59:48","guid":{"rendered":"https:\/\/vitalstoffversand.com\/produkt\/gen-push-it-to-the-limit-rozne-odmiany\/"},"modified":"2026-03-12T11:55:44","modified_gmt":"2026-03-12T10:55:44","slug":"gen-push-it-to-the-limit-rozne-odmiany","status":"publish","type":"product","link":"https:\/\/dev.vitalstoffversand.com\/pl\/produkt-pl\/gen-push-it-to-the-limit-rozne-odmiany\/","title":{"rendered":"GEN <br>Push it to the limit &#8211; r\u00f3\u017cne smaki"},"content":{"rendered":"<p>Push it to the Limit oferuje optymalne wsparcie podczas treningu.<\/p>\n<p>19 zharmonizowanych sk\u0142adnik\u00f3w zapewnia optymaln\u0105 podstaw\u0119 do treningu.<\/p>\n<p>Produkt ten koncentruje si\u0119 na skuteczno\u015bci, dlatego nie zawiera zb\u0119dnych wype\u0142niaczy, takich jak kreatyna, kt\u00f3r\u0105 i tak przyjmuje si\u0119 osobno lub codziennie.<\/p>\n<p>Dost\u0119pne w smakach kiwi-winogrono, cola-wi\u015bnia i mango-truskawka.<\/p>\n<ul>\n<li>Wegan<\/li>\n<li>Bez glutenu<\/li>\n<li>Bez laktozy<\/li>\n<li>Bez GMO<\/li>\n<li>Wyprodukowane zgodnie z surowymi normami jako\u015bci UE<\/li>\n<\/ul>\n","protected":false},"excerpt":{"rendered":"<p>Push it to the Limit oferuje optymalne wsparcie podczas treningu. 19 zharmonizowanych sk\u0142adnik\u00f3w zapewnia optymaln\u0105 podstaw\u0119 do treningu. Produkt ten koncentruje si\u0119 na skuteczno\u015bci, dlatego nie zawiera zb\u0119dnych wype\u0142niaczy, takich jak kreatyna, kt\u00f3r\u0105 i tak przyjmuje si\u0119 osobno lub codziennie. Dost\u0119pne w smakach kiwi-winogrono, cola-wi\u015bnia i mango-truskawka. Wegan Bez glutenu Bez laktozy Bez GMO Wyprodukowane [&hellip;]<\/p>\n","protected":false},"featured_media":46966,"template":"","meta":{"_acf_changed":false},"product_brand":[10199],"product_cat":[560,569],"product_tag":[],"class_list":{"0":"post-22306","1":"product","2":"type-product","3":"status-publish","4":"has-post-thumbnail","6":"product_brand-gen-german-elite-nutrition-pl","7":"product_cat-skladniki-odzywcze","8":"product_cat-produkty-od-a-z","10":"first","11":"instock","12":"taxable","13":"shipping-taxable","14":"purchasable","15":"product-type-variable"},"acf":[],"_links":{"self":[{"href":"https:\/\/dev.vitalstoffversand.com\/pl\/wp-json\/wp\/v2\/product\/22306","targetHints":{"allow":["GET"]}}],"collection":[{"href":"https:\/\/dev.vitalstoffversand.com\/pl\/wp-json\/wp\/v2\/product"}],"about":[{"href":"https:\/\/dev.vitalstoffversand.com\/pl\/wp-json\/wp\/v2\/types\/product"}],"wp:featuredmedia":[{"embeddable":true,"href":"https:\/\/dev.vitalstoffversand.com\/pl\/wp-json\/wp\/v2\/media\/46966"}],"wp:attachment":[{"href":"https:\/\/dev.vitalstoffversand.com\/pl\/wp-json\/wp\/v2\/media?parent=22306"}],"wp:term":[{"taxonomy":"product_brand","embeddable":true,"href":"https:\/\/dev.vitalstoffversand.com\/pl\/wp-json\/wp\/v2\/product_brand?post=22306"},{"taxonomy":"product_cat","embeddable":true,"href":"https:\/\/dev.vitalstoffversand.com\/pl\/wp-json\/wp\/v2\/product_cat?post=22306"},{"taxonomy":"product_tag","embeddable":true,"href":"https:\/\/dev.vitalstoffversand.com\/pl\/wp-json\/wp\/v2\/product_tag?post=22306"}],"curies":[{"name":"wp","href":"https:\/\/api.w.org\/{rel}","templated":true}]}}