{"id":22286,"date":"2024-11-14T11:40:53","date_gmt":"2024-11-14T10:40:53","guid":{"rendered":"https:\/\/vitalstoffversand.com\/produkt\/gen-argimax-l-arginine-triple-complex-180-kapsulek\/"},"modified":"2026-03-12T15:04:20","modified_gmt":"2026-03-12T14:04:20","slug":"gen-argimax-l-arginine-triple-complex-180-kapsulek","status":"publish","type":"product","link":"https:\/\/dev.vitalstoffversand.com\/pl\/produkt-pl\/gen-argimax-l-arginine-triple-complex-180-kapsulek\/","title":{"rendered":"GEN <br>Argimax L-Arginine Triple Complex &#8211; 180 kapsu\u0142ek"},"content":{"rendered":"<p>L-arginina jest wa\u017cnym sk\u0142adnikiem bia\u0142ek i jest zar\u00f3wno wch\u0142aniana z po\u017cywienia, jak i wytwarzana przez sam organizm.<\/p>\n<p>W organizmie L-arginina bierze udzia\u0142 w wielu procesach metabolicznych i odgrywa rol\u0119 w produkcji tlenku azotu.<\/p>\n<p>Jednocze\u015bnie arginina bierze udzia\u0142 w rozk\u0142adzie produkt\u00f3w odpadowych w organizmie w ramach syntezy mocznika.<\/p>\n<p>Argimax L-Arginine Triple Complex zawiera trzy r\u00f3\u017cne formy argininy (AAKG (2:1), L-Arginina HCL i Azotan L-Argininy), aby zapewni\u0107 r\u00f3wnomiern\u0105 poda\u017c sk\u0142adnika aktywnego.<\/p>\n<ul>\n<li>Wegan<\/li>\n<li>Bez glutenu<\/li>\n<li>Bez laktozy<\/li>\n<li>Bez GMO<\/li>\n<li>Wyprodukowane zgodnie z surowymi normami jako\u015bci UE<\/li>\n<\/ul>\n","protected":false},"excerpt":{"rendered":"<p>L-arginina jest wa\u017cnym sk\u0142adnikiem bia\u0142ek i jest zar\u00f3wno wch\u0142aniana z po\u017cywienia, jak i wytwarzana przez sam organizm. W organizmie L-arginina bierze udzia\u0142 w wielu procesach metabolicznych i odgrywa rol\u0119 w produkcji tlenku azotu. Jednocze\u015bnie arginina bierze udzia\u0142 w rozk\u0142adzie produkt\u00f3w odpadowych w organizmie w ramach syntezy mocznika. Argimax L-Arginine Triple Complex zawiera trzy r\u00f3\u017cne formy [&hellip;]<\/p>\n","protected":false},"featured_media":46830,"template":"","meta":{"_acf_changed":false},"product_brand":[10199],"product_cat":[552,569],"product_tag":[],"class_list":{"0":"post-22286","1":"product","2":"type-product","3":"status-publish","4":"has-post-thumbnail","6":"product_brand-gen-german-elite-nutrition-pl","7":"product_cat-aminokwasy","8":"product_cat-produkty-od-a-z","10":"first","11":"outofstock","12":"taxable","13":"shipping-taxable","14":"purchasable","15":"product-type-simple"},"acf":[],"_links":{"self":[{"href":"https:\/\/dev.vitalstoffversand.com\/pl\/wp-json\/wp\/v2\/product\/22286","targetHints":{"allow":["GET"]}}],"collection":[{"href":"https:\/\/dev.vitalstoffversand.com\/pl\/wp-json\/wp\/v2\/product"}],"about":[{"href":"https:\/\/dev.vitalstoffversand.com\/pl\/wp-json\/wp\/v2\/types\/product"}],"wp:featuredmedia":[{"embeddable":true,"href":"https:\/\/dev.vitalstoffversand.com\/pl\/wp-json\/wp\/v2\/media\/46830"}],"wp:attachment":[{"href":"https:\/\/dev.vitalstoffversand.com\/pl\/wp-json\/wp\/v2\/media?parent=22286"}],"wp:term":[{"taxonomy":"product_brand","embeddable":true,"href":"https:\/\/dev.vitalstoffversand.com\/pl\/wp-json\/wp\/v2\/product_brand?post=22286"},{"taxonomy":"product_cat","embeddable":true,"href":"https:\/\/dev.vitalstoffversand.com\/pl\/wp-json\/wp\/v2\/product_cat?post=22286"},{"taxonomy":"product_tag","embeddable":true,"href":"https:\/\/dev.vitalstoffversand.com\/pl\/wp-json\/wp\/v2\/product_tag?post=22286"}],"curies":[{"name":"wp","href":"https:\/\/api.w.org\/{rel}","templated":true}]}}