{"id":22261,"date":"2024-12-19T16:45:03","date_gmt":"2024-12-19T15:45:03","guid":{"rendered":"https:\/\/vitalstoffversand.com\/produkt\/gen-clearpea-vegan-clear-protein-454-g-rozne-smaki\/"},"modified":"2026-03-12T11:48:28","modified_gmt":"2026-03-12T10:48:28","slug":"gen-clearpea-vegan-clear-protein-454-g-rozne-smaki","status":"publish","type":"product","link":"https:\/\/dev.vitalstoffversand.com\/pl\/produkt-pl\/gen-clearpea-vegan-clear-protein-454-g-rozne-smaki\/","title":{"rendered":"GEN <br>ClearPea\u00ae &#8211; Vegan Clear Protein &#8211; 454 g &#8211; r\u00f3\u017cne smaki"},"content":{"rendered":"<p>Vegan Clear Pea Protein sk\u0142ada si\u0119 z hydrolizowanego bia\u0142ka grochu, kt\u00f3re zosta\u0142o wzbogacone o L-leucyn\u0119, L-izoleucyn\u0119 i L-walin\u0119, a tak\u017ce inne aminokwasy, aby uzyska\u0107 wysokiej jako\u015bci profil aminokwasowy.<\/p>\n<p>Dost\u0119pny w 6 pysznych smakach, niskokaloryczny i bez cukru.<\/p>\n<ul>\n<li>Wegan<\/li>\n<li>Bez glutenu<\/li>\n<li>Bez laktozy<\/li>\n<li>Bez GMO<\/li>\n<li>Wyprodukowane zgodnie z surowymi normami jako\u015bci UE<\/li>\n<\/ul>\n","protected":false},"excerpt":{"rendered":"<p>Vegan Clear Pea Protein sk\u0142ada si\u0119 z hydrolizowanego bia\u0142ka grochu, kt\u00f3re zosta\u0142o wzbogacone o L-leucyn\u0119, L-izoleucyn\u0119 i L-walin\u0119, a tak\u017ce inne aminokwasy, aby uzyska\u0107 wysokiej jako\u015bci profil aminokwasowy. Dost\u0119pny w 6 pysznych smakach, niskokaloryczny i bez cukru. Wegan Bez glutenu Bez laktozy Bez GMO Wyprodukowane zgodnie z surowymi normami jako\u015bci UE<\/p>\n","protected":false},"featured_media":46806,"template":"","meta":{"_acf_changed":false},"product_brand":[10199],"product_cat":[557,569],"product_tag":[],"class_list":{"0":"post-22261","1":"product","2":"type-product","3":"status-publish","4":"has-post-thumbnail","6":"product_brand-gen-german-elite-nutrition-pl","7":"product_cat-bialka","8":"product_cat-produkty-od-a-z","10":"first","11":"instock","12":"taxable","13":"shipping-taxable","14":"purchasable","15":"product-type-variable"},"acf":[],"_links":{"self":[{"href":"https:\/\/dev.vitalstoffversand.com\/pl\/wp-json\/wp\/v2\/product\/22261","targetHints":{"allow":["GET"]}}],"collection":[{"href":"https:\/\/dev.vitalstoffversand.com\/pl\/wp-json\/wp\/v2\/product"}],"about":[{"href":"https:\/\/dev.vitalstoffversand.com\/pl\/wp-json\/wp\/v2\/types\/product"}],"wp:featuredmedia":[{"embeddable":true,"href":"https:\/\/dev.vitalstoffversand.com\/pl\/wp-json\/wp\/v2\/media\/46806"}],"wp:attachment":[{"href":"https:\/\/dev.vitalstoffversand.com\/pl\/wp-json\/wp\/v2\/media?parent=22261"}],"wp:term":[{"taxonomy":"product_brand","embeddable":true,"href":"https:\/\/dev.vitalstoffversand.com\/pl\/wp-json\/wp\/v2\/product_brand?post=22261"},{"taxonomy":"product_cat","embeddable":true,"href":"https:\/\/dev.vitalstoffversand.com\/pl\/wp-json\/wp\/v2\/product_cat?post=22261"},{"taxonomy":"product_tag","embeddable":true,"href":"https:\/\/dev.vitalstoffversand.com\/pl\/wp-json\/wp\/v2\/product_tag?post=22261"}],"curies":[{"name":"wp","href":"https:\/\/api.w.org\/{rel}","templated":true}]}}