{"id":22230,"date":"2024-11-14T17:23:36","date_gmt":"2024-11-14T16:23:36","guid":{"rendered":"https:\/\/vitalstoffversand.com\/produkt\/gen-joint-max-180-kapsulek\/"},"modified":"2026-03-12T12:39:15","modified_gmt":"2026-03-12T11:39:15","slug":"gen-joint-max-180-kapsulek","status":"publish","type":"product","link":"https:\/\/dev.vitalstoffversand.com\/pl\/produkt-pl\/gen-joint-max-180-kapsulek\/","title":{"rendered":"GEN <br>Bone Force \u2013 180 kapsu\u0142ek"},"content":{"rendered":"<p>Bone Force, ulepszony nast\u0119pca GEN Joint Max, to preparat o wysokiej dawce 12 sk\u0142adnik\u00f3w, kt\u00f3re od\u017cywiaj\u0105 stawy.<\/p>\n<p>W tym przypadku klasyczne sk\u0142adniki na stawy zosta\u0142y po\u0142\u0105czone z wybranymi ekstraktami ro\u015blinnymi i funkcjonalnymi mikroelementami.<\/p>\n<ul>\n<li>Bez glutenu<\/li>\n<li>Bez laktozy<\/li>\n<li>Bez GMO<\/li>\n<li>Wyprodukowane zgodnie z surowymi normami jako\u015bci UE<\/li>\n<\/ul>\n","protected":false},"excerpt":{"rendered":"<p>Bone Force, ulepszony nast\u0119pca GEN Joint Max, to preparat o wysokiej dawce 12 sk\u0142adnik\u00f3w, kt\u00f3re od\u017cywiaj\u0105 stawy. W tym przypadku klasyczne sk\u0142adniki na stawy zosta\u0142y po\u0142\u0105czone z wybranymi ekstraktami ro\u015blinnymi i funkcjonalnymi mikroelementami. Bez glutenu Bez laktozy Bez GMO Wyprodukowane zgodnie z surowymi normami jako\u015bci UE<\/p>\n","protected":false},"featured_media":62165,"template":"","meta":{"_acf_changed":false},"product_brand":[10199],"product_cat":[560,569],"product_tag":[],"class_list":{"0":"post-22230","1":"product","2":"type-product","3":"status-publish","4":"has-post-thumbnail","6":"product_brand-gen-german-elite-nutrition-pl","7":"product_cat-skladniki-odzywcze","8":"product_cat-produkty-od-a-z","10":"first","11":"instock","12":"taxable","13":"shipping-taxable","14":"purchasable","15":"product-type-simple"},"acf":[],"_links":{"self":[{"href":"https:\/\/dev.vitalstoffversand.com\/pl\/wp-json\/wp\/v2\/product\/22230","targetHints":{"allow":["GET"]}}],"collection":[{"href":"https:\/\/dev.vitalstoffversand.com\/pl\/wp-json\/wp\/v2\/product"}],"about":[{"href":"https:\/\/dev.vitalstoffversand.com\/pl\/wp-json\/wp\/v2\/types\/product"}],"wp:featuredmedia":[{"embeddable":true,"href":"https:\/\/dev.vitalstoffversand.com\/pl\/wp-json\/wp\/v2\/media\/62165"}],"wp:attachment":[{"href":"https:\/\/dev.vitalstoffversand.com\/pl\/wp-json\/wp\/v2\/media?parent=22230"}],"wp:term":[{"taxonomy":"product_brand","embeddable":true,"href":"https:\/\/dev.vitalstoffversand.com\/pl\/wp-json\/wp\/v2\/product_brand?post=22230"},{"taxonomy":"product_cat","embeddable":true,"href":"https:\/\/dev.vitalstoffversand.com\/pl\/wp-json\/wp\/v2\/product_cat?post=22230"},{"taxonomy":"product_tag","embeddable":true,"href":"https:\/\/dev.vitalstoffversand.com\/pl\/wp-json\/wp\/v2\/product_tag?post=22230"}],"curies":[{"name":"wp","href":"https:\/\/api.w.org\/{rel}","templated":true}]}}