{"id":22200,"date":"2024-11-12T14:35:02","date_gmt":"2024-11-12T13:35:02","guid":{"rendered":"https:\/\/vitalstoffversand.com\/produkt\/gen-wheypresso-protein-coffee-908-g-rozne-smaki\/"},"modified":"2026-03-12T12:21:30","modified_gmt":"2026-03-12T11:21:30","slug":"gen-wheypresso-protein-coffee-908-g-rozne-smaki","status":"publish","type":"product","link":"https:\/\/dev.vitalstoffversand.com\/pl\/produkt-pl\/gen-wheypresso-protein-coffee-908-g-rozne-smaki\/","title":{"rendered":"GEN <br>Wheypresso Protein Coffee &#8211; 908 g &#8211; r\u00f3\u017cne smaki"},"content":{"rendered":"<p>Wheypresso to najwy\u017cszej jako\u015bci kawa proteinowa dost\u0119pna w 6 pysznych smakach.<\/p>\n<p>Po\u0142\u0105cz pyszn\u0105 kaw\u0119 z celami fitness, poniewa\u017c ka\u017cda porcja kawy proteinowej dostarcza do 22 gram\u00f3w bia\u0142ka.<\/p>\n<p>Pyszny na ciep\u0142o i na zimno.<\/p>\n<ul>\n<li>Bez glutenu<\/li>\n<li>Wyprodukowane zgodnie z surowymi normami jako\u015bci UE<\/li>\n<\/ul>\n","protected":false},"excerpt":{"rendered":"<p>Wheypresso to najwy\u017cszej jako\u015bci kawa proteinowa dost\u0119pna w 6 pysznych smakach. Po\u0142\u0105cz pyszn\u0105 kaw\u0119 z celami fitness, poniewa\u017c ka\u017cda porcja kawy proteinowej dostarcza do 22 gram\u00f3w bia\u0142ka. Pyszny na ciep\u0142o i na zimno. Bez glutenu Wyprodukowane zgodnie z surowymi normami jako\u015bci UE<\/p>\n","protected":false},"featured_media":46414,"template":"","meta":{"_acf_changed":false},"product_brand":[10199],"product_cat":[557,549,569],"product_tag":[],"class_list":{"0":"post-22200","1":"product","2":"type-product","3":"status-publish","4":"has-post-thumbnail","6":"product_brand-gen-german-elite-nutrition-pl","7":"product_cat-bialka","8":"product_cat-gotowanie-i-przekaski","9":"product_cat-produkty-od-a-z","11":"first","12":"outofstock","13":"taxable","14":"shipping-taxable","15":"purchasable","16":"product-type-variable"},"acf":[],"_links":{"self":[{"href":"https:\/\/dev.vitalstoffversand.com\/pl\/wp-json\/wp\/v2\/product\/22200","targetHints":{"allow":["GET"]}}],"collection":[{"href":"https:\/\/dev.vitalstoffversand.com\/pl\/wp-json\/wp\/v2\/product"}],"about":[{"href":"https:\/\/dev.vitalstoffversand.com\/pl\/wp-json\/wp\/v2\/types\/product"}],"wp:featuredmedia":[{"embeddable":true,"href":"https:\/\/dev.vitalstoffversand.com\/pl\/wp-json\/wp\/v2\/media\/46414"}],"wp:attachment":[{"href":"https:\/\/dev.vitalstoffversand.com\/pl\/wp-json\/wp\/v2\/media?parent=22200"}],"wp:term":[{"taxonomy":"product_brand","embeddable":true,"href":"https:\/\/dev.vitalstoffversand.com\/pl\/wp-json\/wp\/v2\/product_brand?post=22200"},{"taxonomy":"product_cat","embeddable":true,"href":"https:\/\/dev.vitalstoffversand.com\/pl\/wp-json\/wp\/v2\/product_cat?post=22200"},{"taxonomy":"product_tag","embeddable":true,"href":"https:\/\/dev.vitalstoffversand.com\/pl\/wp-json\/wp\/v2\/product_tag?post=22200"}],"curies":[{"name":"wp","href":"https:\/\/api.w.org\/{rel}","templated":true}]}}