{"id":22177,"date":"2024-11-12T14:33:37","date_gmt":"2024-11-12T13:33:37","guid":{"rendered":"https:\/\/vitalstoffversand.com\/produkt\/gen-adaptogene-antistress-cortisol-control-120-kapsulek\/"},"modified":"2026-03-12T11:58:05","modified_gmt":"2026-03-12T10:58:05","slug":"gen-adaptogene-antistress-cortisol-control-120-kapsulek","status":"publish","type":"product","link":"https:\/\/dev.vitalstoffversand.com\/pl\/produkt-pl\/gen-adaptogene-antistress-cortisol-control-120-kapsulek\/","title":{"rendered":"GEN <br>Adaptogene Antistress &amp; Cortisol Control &#8211; 120 kapsu\u0142ek"},"content":{"rendered":"<p>Adaptogenny preparat Antistress &amp; Cortisol Control zawiera 8 wysoko dawkowanych i odpowiednio dobranych ekstrakt\u00f3w ro\u015blinnych, kt\u00f3re, jak wykazano naukowo, mog\u0105 zmniejsza\u0107 stres, poprawia\u0107 samopoczucie i zwi\u0119ksza\u0107 wydajno\u015b\u0107 umys\u0142ow\u0105.<\/p>\n<ul>\n<li>Wegan<\/li>\n<li>Bez glutenu<\/li>\n<li>Bez laktozy<\/li>\n<li>Bez GMO<\/li>\n<li>Wyprodukowane zgodnie z surowymi normami jako\u015bci UE<\/li>\n<\/ul>\n","protected":false},"excerpt":{"rendered":"<p>Adaptogenny preparat Antistress &amp; Cortisol Control zawiera 8 wysoko dawkowanych i odpowiednio dobranych ekstrakt\u00f3w ro\u015blinnych, kt\u00f3re, jak wykazano naukowo, mog\u0105 zmniejsza\u0107 stres, poprawia\u0107 samopoczucie i zwi\u0119ksza\u0107 wydajno\u015b\u0107 umys\u0142ow\u0105. Wegan Bez glutenu Bez laktozy Bez GMO Wyprodukowane zgodnie z surowymi normami jako\u015bci UE<\/p>\n","protected":false},"featured_media":46366,"template":"","meta":{"_acf_changed":false},"product_brand":[10199],"product_cat":[560,569],"product_tag":[],"class_list":{"0":"post-22177","1":"product","2":"type-product","3":"status-publish","4":"has-post-thumbnail","6":"product_brand-gen-german-elite-nutrition-pl","7":"product_cat-skladniki-odzywcze","8":"product_cat-produkty-od-a-z","10":"first","11":"instock","12":"taxable","13":"shipping-taxable","14":"purchasable","15":"product-type-simple"},"acf":[],"_links":{"self":[{"href":"https:\/\/dev.vitalstoffversand.com\/pl\/wp-json\/wp\/v2\/product\/22177","targetHints":{"allow":["GET"]}}],"collection":[{"href":"https:\/\/dev.vitalstoffversand.com\/pl\/wp-json\/wp\/v2\/product"}],"about":[{"href":"https:\/\/dev.vitalstoffversand.com\/pl\/wp-json\/wp\/v2\/types\/product"}],"wp:featuredmedia":[{"embeddable":true,"href":"https:\/\/dev.vitalstoffversand.com\/pl\/wp-json\/wp\/v2\/media\/46366"}],"wp:attachment":[{"href":"https:\/\/dev.vitalstoffversand.com\/pl\/wp-json\/wp\/v2\/media?parent=22177"}],"wp:term":[{"taxonomy":"product_brand","embeddable":true,"href":"https:\/\/dev.vitalstoffversand.com\/pl\/wp-json\/wp\/v2\/product_brand?post=22177"},{"taxonomy":"product_cat","embeddable":true,"href":"https:\/\/dev.vitalstoffversand.com\/pl\/wp-json\/wp\/v2\/product_cat?post=22177"},{"taxonomy":"product_tag","embeddable":true,"href":"https:\/\/dev.vitalstoffversand.com\/pl\/wp-json\/wp\/v2\/product_tag?post=22177"}],"curies":[{"name":"wp","href":"https:\/\/api.w.org\/{rel}","templated":true}]}}