{"id":21776,"date":"2024-11-12T13:14:08","date_gmt":"2024-11-12T12:14:08","guid":{"rendered":"https:\/\/vitalstoffversand.com\/produkt\/gen-bcaa-211-450-g-rozne-smaki\/"},"modified":"2026-04-02T18:15:42","modified_gmt":"2026-04-02T16:15:42","slug":"gen-bcaa-211-450-g-rozne-smaki","status":"publish","type":"product","link":"https:\/\/dev.vitalstoffversand.com\/pl\/produkt-pl\/gen-bcaa-211-450-g-rozne-smaki\/","title":{"rendered":"GEN <br>BCAA 2:1:1 &#8211; 450 g"},"content":{"rendered":"<p>BCAA w idealnym stosunku 2:1:1 aminokwas\u00f3w leucyny, izoleucyny i waliny.<\/p>\n<p>Aby synergistycznie wspiera\u0107 proces regeneracji, aminokwasy BCAA zosta\u0142y uzupe\u0142nione o L-glutamin\u0119 i L-tauryn\u0119.<\/p>\n<ul>\n<li>Wegan<\/li>\n<li>Bez glutenu<\/li>\n<li>Bez laktozy<\/li>\n<li>Bez GMO<\/li>\n<li>Wyprodukowane zgodnie z surowymi normami jako\u015bci UE<\/li>\n<\/ul>\n","protected":false},"excerpt":{"rendered":"<p>BCAA w idealnym stosunku 2:1:1 aminokwas\u00f3w leucyny, izoleucyny i waliny. Aby synergistycznie wspiera\u0107 proces regeneracji, aminokwasy BCAA zosta\u0142y uzupe\u0142nione o L-glutamin\u0119 i L-tauryn\u0119. Wegan Bez glutenu Bez laktozy Bez GMO Wyprodukowane zgodnie z surowymi normami jako\u015bci UE<\/p>\n","protected":false},"featured_media":46326,"template":"","meta":{"_acf_changed":false},"product_brand":[10199],"product_cat":[552,569],"product_tag":[],"class_list":{"0":"post-21776","1":"product","2":"type-product","3":"status-publish","4":"has-post-thumbnail","6":"product_brand-gen-german-elite-nutrition-pl","7":"product_cat-aminokwasy","8":"product_cat-produkty-od-a-z","10":"first","11":"instock","12":"taxable","13":"shipping-taxable","14":"purchasable","15":"product-type-variable"},"acf":[],"_links":{"self":[{"href":"https:\/\/dev.vitalstoffversand.com\/pl\/wp-json\/wp\/v2\/product\/21776","targetHints":{"allow":["GET"]}}],"collection":[{"href":"https:\/\/dev.vitalstoffversand.com\/pl\/wp-json\/wp\/v2\/product"}],"about":[{"href":"https:\/\/dev.vitalstoffversand.com\/pl\/wp-json\/wp\/v2\/types\/product"}],"wp:featuredmedia":[{"embeddable":true,"href":"https:\/\/dev.vitalstoffversand.com\/pl\/wp-json\/wp\/v2\/media\/46326"}],"wp:attachment":[{"href":"https:\/\/dev.vitalstoffversand.com\/pl\/wp-json\/wp\/v2\/media?parent=21776"}],"wp:term":[{"taxonomy":"product_brand","embeddable":true,"href":"https:\/\/dev.vitalstoffversand.com\/pl\/wp-json\/wp\/v2\/product_brand?post=21776"},{"taxonomy":"product_cat","embeddable":true,"href":"https:\/\/dev.vitalstoffversand.com\/pl\/wp-json\/wp\/v2\/product_cat?post=21776"},{"taxonomy":"product_tag","embeddable":true,"href":"https:\/\/dev.vitalstoffversand.com\/pl\/wp-json\/wp\/v2\/product_tag?post=21776"}],"curies":[{"name":"wp","href":"https:\/\/api.w.org\/{rel}","templated":true}]}}