{"id":21661,"date":"2024-11-12T12:55:51","date_gmt":"2024-11-12T11:55:51","guid":{"rendered":"https:\/\/vitalstoffversand.com\/produkt\/gen-clear-whey-protein-900-g-rozne-smaki\/"},"modified":"2026-03-30T15:03:17","modified_gmt":"2026-03-30T13:03:17","slug":"gen-clear-whey-protein-900-g-rozne-smaki","status":"publish","type":"product","link":"https:\/\/dev.vitalstoffversand.com\/pl\/produkt-pl\/gen-clear-whey-protein-900-g-rozne-smaki\/","title":{"rendered":"GEN <br>Clear Whey Protein &#8211; 900 g &#8211; r\u00f3\u017cne smaki"},"content":{"rendered":"<p>Izolat bia\u0142ka serwatkowego Clear Whey otrzymywany jest z serwatki i charakteryzuje si\u0119 bardzo wysokim wsp\u00f3\u0142czynnikiem wch\u0142aniania oraz wysok\u0105 warto\u015bci\u0105 biologiczn\u0105.<\/p>\n<p>Izolat bia\u0142ka serwatkowego zawiera ponad 46% niezb\u0119dnych aminokwas\u00f3w (EAA), w tym 16% BCAA i p\u00f3\u0142-niezb\u0119dnych aminokwas\u00f3w, z ca\u0142kowit\u0105 zawarto\u015bci\u0105 bia\u0142ka ponad 80%. <\/p>\n<p>GEN Clear Whey Protein jest dost\u0119pny w wielu smakach i nie zawiera prawie \u017cadnego cukru, t\u0142uszczu ani innych w\u0119glowodan\u00f3w.<\/p>\n<ul>\n<li>Wyprodukowane zgodnie z surowymi normami jako\u015bci UE<\/li>\n<\/ul>\n","protected":false},"excerpt":{"rendered":"<p>Izolat bia\u0142ka serwatkowego Clear Whey otrzymywany jest z serwatki i charakteryzuje si\u0119 bardzo wysokim wsp\u00f3\u0142czynnikiem wch\u0142aniania oraz wysok\u0105 warto\u015bci\u0105 biologiczn\u0105. Izolat bia\u0142ka serwatkowego zawiera ponad 46% niezb\u0119dnych aminokwas\u00f3w (EAA), w tym 16% BCAA i p\u00f3\u0142-niezb\u0119dnych aminokwas\u00f3w, z ca\u0142kowit\u0105 zawarto\u015bci\u0105 bia\u0142ka ponad 80%. GEN Clear Whey Protein jest dost\u0119pny w wielu smakach i nie zawiera prawie [&hellip;]<\/p>\n","protected":false},"featured_media":45717,"template":"","meta":{"_acf_changed":false},"product_brand":[10199],"product_cat":[557,569],"product_tag":[],"class_list":{"0":"post-21661","1":"product","2":"type-product","3":"status-publish","4":"has-post-thumbnail","6":"product_brand-gen-german-elite-nutrition-pl","7":"product_cat-bialka","8":"product_cat-produkty-od-a-z","10":"first","11":"instock","12":"taxable","13":"shipping-taxable","14":"purchasable","15":"product-type-variable"},"acf":[],"_links":{"self":[{"href":"https:\/\/dev.vitalstoffversand.com\/pl\/wp-json\/wp\/v2\/product\/21661","targetHints":{"allow":["GET"]}}],"collection":[{"href":"https:\/\/dev.vitalstoffversand.com\/pl\/wp-json\/wp\/v2\/product"}],"about":[{"href":"https:\/\/dev.vitalstoffversand.com\/pl\/wp-json\/wp\/v2\/types\/product"}],"wp:featuredmedia":[{"embeddable":true,"href":"https:\/\/dev.vitalstoffversand.com\/pl\/wp-json\/wp\/v2\/media\/45717"}],"wp:attachment":[{"href":"https:\/\/dev.vitalstoffversand.com\/pl\/wp-json\/wp\/v2\/media?parent=21661"}],"wp:term":[{"taxonomy":"product_brand","embeddable":true,"href":"https:\/\/dev.vitalstoffversand.com\/pl\/wp-json\/wp\/v2\/product_brand?post=21661"},{"taxonomy":"product_cat","embeddable":true,"href":"https:\/\/dev.vitalstoffversand.com\/pl\/wp-json\/wp\/v2\/product_cat?post=21661"},{"taxonomy":"product_tag","embeddable":true,"href":"https:\/\/dev.vitalstoffversand.com\/pl\/wp-json\/wp\/v2\/product_tag?post=21661"}],"curies":[{"name":"wp","href":"https:\/\/api.w.org\/{rel}","templated":true}]}}