{"id":21312,"date":"2024-11-12T12:16:50","date_gmt":"2024-11-12T11:16:50","guid":{"rendered":"https:\/\/vitalstoffversand.com\/produkt\/gen-beta-alanina-500-g\/"},"modified":"2026-03-11T14:52:26","modified_gmt":"2026-03-11T13:52:26","slug":"gen-beta-alanina-500-g","status":"publish","type":"product","link":"https:\/\/dev.vitalstoffversand.com\/pl\/produkt-pl\/gen-beta-alanina-500-g\/","title":{"rendered":"GEN <br>Beta Alanina &#8211; 500 g"},"content":{"rendered":"<p>Beta alanina jest nieistotnym aminokwasem, kt\u00f3ry nasz organizm mo\u017ce r\u00f3wnie\u017c wytwarza\u0107 samodzielnie.<\/p>\n<p>Z pomoc\u0105 L-histydyny organizm przekszta\u0142ca beta alanin\u0119 w karnozyn\u0119, kt\u00f3ra jest wa\u017cna dla naszej r\u00f3wnowagi kwasowo-zasadowej.<\/p>\n<p>Pod tym wzgl\u0119dem suplementacja beta alanin\u0105 mo\u017ce zwi\u0119kszy\u0107 zapasy karnozyny, a tym samym lepiej zapobiega\u0107 nadkwasocie, szczeg\u00f3lnie u sportowc\u00f3w.<\/p>\n<ul>\n<li>Wegan<\/li>\n<li>Bez glutenu<\/li>\n<li>Bez laktozy<\/li>\n<li>Bez GMO<\/li>\n<li>Wyprodukowane zgodnie z surowymi normami jako\u015bci UE<\/li>\n<\/ul>\n","protected":false},"excerpt":{"rendered":"<p>Beta alanina jest nieistotnym aminokwasem, kt\u00f3ry nasz organizm mo\u017ce r\u00f3wnie\u017c wytwarza\u0107 samodzielnie. Z pomoc\u0105 L-histydyny organizm przekszta\u0142ca beta alanin\u0119 w karnozyn\u0119, kt\u00f3ra jest wa\u017cna dla naszej r\u00f3wnowagi kwasowo-zasadowej. Pod tym wzgl\u0119dem suplementacja beta alanin\u0105 mo\u017ce zwi\u0119kszy\u0107 zapasy karnozyny, a tym samym lepiej zapobiega\u0107 nadkwasocie, szczeg\u00f3lnie u sportowc\u00f3w. Wegan Bez glutenu Bez laktozy Bez GMO Wyprodukowane [&hellip;]<\/p>\n","protected":false},"featured_media":44869,"template":"","meta":{"_acf_changed":false},"product_brand":[10199],"product_cat":[552,569],"product_tag":[],"class_list":{"0":"post-21312","1":"product","2":"type-product","3":"status-publish","4":"has-post-thumbnail","6":"product_brand-gen-german-elite-nutrition-pl","7":"product_cat-aminokwasy","8":"product_cat-produkty-od-a-z","10":"first","11":"instock","12":"taxable","13":"shipping-taxable","14":"purchasable","15":"product-type-simple"},"acf":[],"_links":{"self":[{"href":"https:\/\/dev.vitalstoffversand.com\/pl\/wp-json\/wp\/v2\/product\/21312","targetHints":{"allow":["GET"]}}],"collection":[{"href":"https:\/\/dev.vitalstoffversand.com\/pl\/wp-json\/wp\/v2\/product"}],"about":[{"href":"https:\/\/dev.vitalstoffversand.com\/pl\/wp-json\/wp\/v2\/types\/product"}],"wp:featuredmedia":[{"embeddable":true,"href":"https:\/\/dev.vitalstoffversand.com\/pl\/wp-json\/wp\/v2\/media\/44869"}],"wp:attachment":[{"href":"https:\/\/dev.vitalstoffversand.com\/pl\/wp-json\/wp\/v2\/media?parent=21312"}],"wp:term":[{"taxonomy":"product_brand","embeddable":true,"href":"https:\/\/dev.vitalstoffversand.com\/pl\/wp-json\/wp\/v2\/product_brand?post=21312"},{"taxonomy":"product_cat","embeddable":true,"href":"https:\/\/dev.vitalstoffversand.com\/pl\/wp-json\/wp\/v2\/product_cat?post=21312"},{"taxonomy":"product_tag","embeddable":true,"href":"https:\/\/dev.vitalstoffversand.com\/pl\/wp-json\/wp\/v2\/product_tag?post=21312"}],"curies":[{"name":"wp","href":"https:\/\/api.w.org\/{rel}","templated":true}]}}