{"id":21243,"date":"2024-11-12T11:46:01","date_gmt":"2024-11-12T10:46:01","guid":{"rendered":"https:\/\/vitalstoffversand.com\/produkt\/gen-bcaa-211-neutralne-500-g\/"},"modified":"2026-03-11T14:31:42","modified_gmt":"2026-03-11T13:31:42","slug":"gen-bcaa-211-neutralne-500-g","status":"publish","type":"product","link":"https:\/\/dev.vitalstoffversand.com\/pl\/produkt-pl\/gen-bcaa-211-neutralne-500-g\/","title":{"rendered":"GEN <br>BCAA 2:1:1 neutralne &#8211; 500 g"},"content":{"rendered":"<p>BCAA jest skr\u00f3tem od Branched-Chain Amino Acids (aminokwasy rozga\u0142\u0119zione) i obejmuje aminokwasy proteinogenne: leucyn\u0119, walin\u0119 i izoleucyn\u0119.<\/p>\n<p>S\u0105 one niezb\u0119dne i nie mog\u0105 by\u0107 wytwarzane przez sam organizm.<\/p>\n<p>BCAA 2:1:1 nie zawiera aromat\u00f3w.<\/p>\n<p>Zazwyczaj BCAA maj\u0105 gorzki smak i s\u0105 stosunkowo trudno rozpuszczalne.<\/p>\n<ul>\n<li>Wegan<\/li>\n<li>Bez glutenu<\/li>\n<li>Bez laktozy<\/li>\n<li>Bez GMO<\/li>\n<li>Wyprodukowane zgodnie z surowymi normami jako\u015bci UE<\/li>\n<\/ul>\n","protected":false},"excerpt":{"rendered":"<p>BCAA jest skr\u00f3tem od Branched-Chain Amino Acids (aminokwasy rozga\u0142\u0119zione) i obejmuje aminokwasy proteinogenne: leucyn\u0119, walin\u0119 i izoleucyn\u0119. S\u0105 one niezb\u0119dne i nie mog\u0105 by\u0107 wytwarzane przez sam organizm. BCAA 2:1:1 nie zawiera aromat\u00f3w. Zazwyczaj BCAA maj\u0105 gorzki smak i s\u0105 stosunkowo trudno rozpuszczalne. Wegan Bez glutenu Bez laktozy Bez GMO Wyprodukowane zgodnie z surowymi normami [&hellip;]<\/p>\n","protected":false},"featured_media":44437,"template":"","meta":{"_acf_changed":false},"product_brand":[10199],"product_cat":[552,569],"product_tag":[],"class_list":{"0":"post-21243","1":"product","2":"type-product","3":"status-publish","4":"has-post-thumbnail","6":"product_brand-gen-german-elite-nutrition-pl","7":"product_cat-aminokwasy","8":"product_cat-produkty-od-a-z","10":"first","11":"instock","12":"taxable","13":"shipping-taxable","14":"purchasable","15":"product-type-simple"},"acf":[],"_links":{"self":[{"href":"https:\/\/dev.vitalstoffversand.com\/pl\/wp-json\/wp\/v2\/product\/21243","targetHints":{"allow":["GET"]}}],"collection":[{"href":"https:\/\/dev.vitalstoffversand.com\/pl\/wp-json\/wp\/v2\/product"}],"about":[{"href":"https:\/\/dev.vitalstoffversand.com\/pl\/wp-json\/wp\/v2\/types\/product"}],"wp:featuredmedia":[{"embeddable":true,"href":"https:\/\/dev.vitalstoffversand.com\/pl\/wp-json\/wp\/v2\/media\/44437"}],"wp:attachment":[{"href":"https:\/\/dev.vitalstoffversand.com\/pl\/wp-json\/wp\/v2\/media?parent=21243"}],"wp:term":[{"taxonomy":"product_brand","embeddable":true,"href":"https:\/\/dev.vitalstoffversand.com\/pl\/wp-json\/wp\/v2\/product_brand?post=21243"},{"taxonomy":"product_cat","embeddable":true,"href":"https:\/\/dev.vitalstoffversand.com\/pl\/wp-json\/wp\/v2\/product_cat?post=21243"},{"taxonomy":"product_tag","embeddable":true,"href":"https:\/\/dev.vitalstoffversand.com\/pl\/wp-json\/wp\/v2\/product_tag?post=21243"}],"curies":[{"name":"wp","href":"https:\/\/api.w.org\/{rel}","templated":true}]}}