{"id":21110,"date":"2024-11-12T11:13:50","date_gmt":"2024-11-12T10:13:50","guid":{"rendered":"https:\/\/vitalstoffversand.com\/produkt\/gen-aakg-alfa-ketoglutaran-l-argininy-21-500-g\/"},"modified":"2026-03-11T14:13:23","modified_gmt":"2026-03-11T13:13:23","slug":"gen-aakg-alfa-ketoglutaran-l-argininy-21-500-g","status":"publish","type":"product","link":"https:\/\/dev.vitalstoffversand.com\/pl\/produkt-pl\/gen-aakg-alfa-ketoglutaran-l-argininy-21-500-g\/","title":{"rendered":"GEN <br>AAKG &#8211; alfa-ketoglutaran L-argininy 2:1 &#8211; 500 g"},"content":{"rendered":"<p>AAKG to skr\u00f3t od alfa-ketoglutaranu argininy, kt\u00f3ry opiera si\u0119 na aminokwasie L-argininie, kt\u00f3ry jest aminokwasem proteinogennym, czyli tworz\u0105cym bia\u0142ka.<\/p>\n<p>Osoby zorientowane na wydajno\u015b\u0107, a w szczeg\u00f3lno\u015bci sportowcy, maj\u0105 wi\u0119ksze zapotrzebowanie na arginin\u0119, kt\u00f3rej nasz organizm zazwyczaj nie jest w stanie pokry\u0107 z w\u0142asnej produkcji.<\/p>\n<p>AAKG powstaje w wyniku po\u0142\u0105czenia argininy i alfa-ketoglutaranu. To po\u0142\u0105czenie zwi\u0119ksza wch\u0142anianie nawet o 50% w por\u00f3wnaniu do zwyk\u0142ej argininy.<\/p>\n<p>Uwaga: alfa-ketoglutaran L-argininy w proszku ma zazwyczaj s\u0142ony smak, co nale\u017cy traktowa\u0107 jako oznak\u0119 czysto\u015bci produktu.<\/p>\n<ul>\n<li>Wegan<\/li>\n<li>Bez glutenu<\/li>\n<li>Bez laktozy<\/li>\n<li>Bez GMO<\/li>\n<li>Wyprodukowane zgodnie z surowymi normami jako\u015bci UE<\/li>\n<\/ul>\n","protected":false},"excerpt":{"rendered":"<p>AAKG to skr\u00f3t od alfa-ketoglutaranu argininy, kt\u00f3ry opiera si\u0119 na aminokwasie L-argininie, kt\u00f3ry jest aminokwasem proteinogennym, czyli tworz\u0105cym bia\u0142ka. Osoby zorientowane na wydajno\u015b\u0107, a w szczeg\u00f3lno\u015bci sportowcy, maj\u0105 wi\u0119ksze zapotrzebowanie na arginin\u0119, kt\u00f3rej nasz organizm zazwyczaj nie jest w stanie pokry\u0107 z w\u0142asnej produkcji. AAKG powstaje w wyniku po\u0142\u0105czenia argininy i alfa-ketoglutaranu. To po\u0142\u0105czenie zwi\u0119ksza [&hellip;]<\/p>\n","protected":false},"featured_media":44213,"template":"","meta":{"_acf_changed":false},"product_brand":[10199],"product_cat":[552,569],"product_tag":[],"class_list":{"0":"post-21110","1":"product","2":"type-product","3":"status-publish","4":"has-post-thumbnail","6":"product_brand-gen-german-elite-nutrition-pl","7":"product_cat-aminokwasy","8":"product_cat-produkty-od-a-z","10":"first","11":"instock","12":"taxable","13":"shipping-taxable","14":"purchasable","15":"product-type-simple"},"acf":[],"_links":{"self":[{"href":"https:\/\/dev.vitalstoffversand.com\/pl\/wp-json\/wp\/v2\/product\/21110","targetHints":{"allow":["GET"]}}],"collection":[{"href":"https:\/\/dev.vitalstoffversand.com\/pl\/wp-json\/wp\/v2\/product"}],"about":[{"href":"https:\/\/dev.vitalstoffversand.com\/pl\/wp-json\/wp\/v2\/types\/product"}],"wp:featuredmedia":[{"embeddable":true,"href":"https:\/\/dev.vitalstoffversand.com\/pl\/wp-json\/wp\/v2\/media\/44213"}],"wp:attachment":[{"href":"https:\/\/dev.vitalstoffversand.com\/pl\/wp-json\/wp\/v2\/media?parent=21110"}],"wp:term":[{"taxonomy":"product_brand","embeddable":true,"href":"https:\/\/dev.vitalstoffversand.com\/pl\/wp-json\/wp\/v2\/product_brand?post=21110"},{"taxonomy":"product_cat","embeddable":true,"href":"https:\/\/dev.vitalstoffversand.com\/pl\/wp-json\/wp\/v2\/product_cat?post=21110"},{"taxonomy":"product_tag","embeddable":true,"href":"https:\/\/dev.vitalstoffversand.com\/pl\/wp-json\/wp\/v2\/product_tag?post=21110"}],"curies":[{"name":"wp","href":"https:\/\/api.w.org\/{rel}","templated":true}]}}