{"id":21096,"date":"2024-11-12T11:09:47","date_gmt":"2024-11-12T10:09:47","guid":{"rendered":"https:\/\/vitalstoffversand.com\/produkt\/gen-bcaa-ultra-811-365-kapsulek\/"},"modified":"2026-03-11T14:10:52","modified_gmt":"2026-03-11T13:10:52","slug":"gen-bcaa-ultra-811-365-kapsulek","status":"publish","type":"product","link":"https:\/\/dev.vitalstoffversand.com\/pl\/produkt-pl\/gen-bcaa-ultra-811-365-kapsulek\/","title":{"rendered":"GEN <br>BCAA Ultra 8:1:1 &#8211; 365 kapsu\u0142ek"},"content":{"rendered":"<p>BCAA Ultra 8:1:1 zawiera zwi\u0119kszon\u0105 ilo\u015b\u0107 aminokwasu L-leucyny, kt\u00f3ry jest uzupe\u0142niony L-izoleucyn\u0105 i L-walin\u0105.<\/p>\n<p>Standardowe produkty BCAA zazwyczaj zawieraj\u0105 BCAA w stosunku 2:1:1.<\/p>\n<p>Ta kombinacja 8:1:1 jest szczeg\u00f3lnie popularna w\u015br\u00f3d sportowc\u00f3w.<\/p>\n<ul>\n<li>Bez glutenu<\/li>\n<li>Bez laktozy<\/li>\n<li>Bez GMO<\/li>\n<li>Wyprodukowane zgodnie z surowymi normami jako\u015bci UE<\/li>\n<\/ul>\n","protected":false},"excerpt":{"rendered":"<p>BCAA Ultra 8:1:1 zawiera zwi\u0119kszon\u0105 ilo\u015b\u0107 aminokwasu L-leucyny, kt\u00f3ry jest uzupe\u0142niony L-izoleucyn\u0105 i L-walin\u0105. Standardowe produkty BCAA zazwyczaj zawieraj\u0105 BCAA w stosunku 2:1:1. Ta kombinacja 8:1:1 jest szczeg\u00f3lnie popularna w\u015br\u00f3d sportowc\u00f3w. Bez glutenu Bez laktozy Bez GMO Wyprodukowane zgodnie z surowymi normami jako\u015bci UE<\/p>\n","protected":false},"featured_media":44149,"template":"","meta":{"_acf_changed":false},"product_brand":[10199],"product_cat":[552,569],"product_tag":[],"class_list":{"0":"post-21096","1":"product","2":"type-product","3":"status-publish","4":"has-post-thumbnail","6":"product_brand-gen-german-elite-nutrition-pl","7":"product_cat-aminokwasy","8":"product_cat-produkty-od-a-z","10":"first","11":"instock","12":"taxable","13":"shipping-taxable","14":"purchasable","15":"product-type-simple"},"acf":[],"_links":{"self":[{"href":"https:\/\/dev.vitalstoffversand.com\/pl\/wp-json\/wp\/v2\/product\/21096","targetHints":{"allow":["GET"]}}],"collection":[{"href":"https:\/\/dev.vitalstoffversand.com\/pl\/wp-json\/wp\/v2\/product"}],"about":[{"href":"https:\/\/dev.vitalstoffversand.com\/pl\/wp-json\/wp\/v2\/types\/product"}],"wp:featuredmedia":[{"embeddable":true,"href":"https:\/\/dev.vitalstoffversand.com\/pl\/wp-json\/wp\/v2\/media\/44149"}],"wp:attachment":[{"href":"https:\/\/dev.vitalstoffversand.com\/pl\/wp-json\/wp\/v2\/media?parent=21096"}],"wp:term":[{"taxonomy":"product_brand","embeddable":true,"href":"https:\/\/dev.vitalstoffversand.com\/pl\/wp-json\/wp\/v2\/product_brand?post=21096"},{"taxonomy":"product_cat","embeddable":true,"href":"https:\/\/dev.vitalstoffversand.com\/pl\/wp-json\/wp\/v2\/product_cat?post=21096"},{"taxonomy":"product_tag","embeddable":true,"href":"https:\/\/dev.vitalstoffversand.com\/pl\/wp-json\/wp\/v2\/product_tag?post=21096"}],"curies":[{"name":"wp","href":"https:\/\/api.w.org\/{rel}","templated":true}]}}