{"id":21006,"date":"2025-01-13T17:49:08","date_gmt":"2025-01-13T16:49:08","guid":{"rendered":"https:\/\/vitalstoffversand.com\/produkt\/bonemis-olej-z-alg-omega-3-180-kapsulek\/"},"modified":"2026-03-11T13:34:45","modified_gmt":"2026-03-11T12:34:45","slug":"bonemis-olej-z-alg-omega-3-180-kapsulek","status":"publish","type":"product","link":"https:\/\/dev.vitalstoffversand.com\/pl\/produkt-pl\/bonemis-olej-z-alg-omega-3-180-kapsulek\/","title":{"rendered":"Bonemis <br>Olej z alg Omega 3 &#8211; 180 kapsu\u0142ek"},"content":{"rendered":"<p>Kwasy t\u0142uszczowe omega-3 s\u0105 niezb\u0119dne dla naszego organizmu i s\u0105 wch\u0142aniane g\u0142\u00f3wnie przez \u017cywno\u015b\u0107 pochodzenia morskiego.<\/p>\n<p>Olej z alg jest doskona\u0142ym \u017ar\u00f3d\u0142em kwas\u00f3w omega-3 dla wszystkich tych, kt\u00f3rzy w swojej diecie maj\u0105 niewiele ryb morskich lub ca\u0142kowicie unikaj\u0105 ryb ze wzgl\u0119du na diet\u0119 wegetaria\u0144sk\u0105 lub wega\u0144sk\u0105.<\/p>\n<p>Ka\u017cda kapsu\u0142ka zawiera 500 mg oleju z alg o zawarto\u015bci 40 proc. <a href=\"https:\/\/dev.vitalstoffversand.com\/knowledge-base\/docosahexaensaeure-dha\/\" target=\"_blank\" rel=\"noopener\"><strong><span style=\"color: #0000ff;\">\u2192 DHA<\/span><\/strong><\/a> (kwas dokozaheksaenowy) i 20 procent \u2192 EPA <a href=\"https:\/\/dev.vitalstoffversand.com\/knowledge-base\/eicosapentaensaeure-und-docosahexaensaeure-epa-dha\/\" target=\"_blank\" rel=\"noopener\"><strong><span style=\"color: #0000ff;\">\u2192 EPA<\/span><\/strong><\/a> (kwas eikozapentaenowy).<\/p>\n<ul>\n<li>Wegan<\/li>\n<li>Bez glutenu<\/li>\n<li>Bez laktozy<\/li>\n<li>Bez GMO<\/li>\n<li>Wyprodukowane zgodnie z surowymi normami jako\u015bci UE<\/li>\n<\/ul>\n","protected":false},"excerpt":{"rendered":"<p>Kwasy t\u0142uszczowe omega-3 s\u0105 niezb\u0119dne dla naszego organizmu i s\u0105 wch\u0142aniane g\u0142\u00f3wnie przez \u017cywno\u015b\u0107 pochodzenia morskiego. Olej z alg jest doskona\u0142ym \u017ar\u00f3d\u0142em kwas\u00f3w omega-3 dla wszystkich tych, kt\u00f3rzy w swojej diecie maj\u0105 niewiele ryb morskich lub ca\u0142kowicie unikaj\u0105 ryb ze wzgl\u0119du na diet\u0119 wegetaria\u0144sk\u0105 lub wega\u0144sk\u0105. Ka\u017cda kapsu\u0142ka zawiera 500 mg oleju z alg o [&hellip;]<\/p>\n","protected":false},"featured_media":42191,"template":"","meta":{"_acf_changed":false},"product_brand":[10234],"product_cat":[553,569],"product_tag":[],"class_list":{"0":"post-21006","1":"product","2":"type-product","3":"status-publish","4":"has-post-thumbnail","6":"product_brand-bonemis-pl","7":"product_cat-kwasy-tluszczowe","8":"product_cat-produkty-od-a-z","10":"first","11":"instock","12":"taxable","13":"shipping-taxable","14":"purchasable","15":"product-type-simple"},"acf":[],"_links":{"self":[{"href":"https:\/\/dev.vitalstoffversand.com\/pl\/wp-json\/wp\/v2\/product\/21006","targetHints":{"allow":["GET"]}}],"collection":[{"href":"https:\/\/dev.vitalstoffversand.com\/pl\/wp-json\/wp\/v2\/product"}],"about":[{"href":"https:\/\/dev.vitalstoffversand.com\/pl\/wp-json\/wp\/v2\/types\/product"}],"wp:featuredmedia":[{"embeddable":true,"href":"https:\/\/dev.vitalstoffversand.com\/pl\/wp-json\/wp\/v2\/media\/42191"}],"wp:attachment":[{"href":"https:\/\/dev.vitalstoffversand.com\/pl\/wp-json\/wp\/v2\/media?parent=21006"}],"wp:term":[{"taxonomy":"product_brand","embeddable":true,"href":"https:\/\/dev.vitalstoffversand.com\/pl\/wp-json\/wp\/v2\/product_brand?post=21006"},{"taxonomy":"product_cat","embeddable":true,"href":"https:\/\/dev.vitalstoffversand.com\/pl\/wp-json\/wp\/v2\/product_cat?post=21006"},{"taxonomy":"product_tag","embeddable":true,"href":"https:\/\/dev.vitalstoffversand.com\/pl\/wp-json\/wp\/v2\/product_tag?post=21006"}],"curies":[{"name":"wp","href":"https:\/\/api.w.org\/{rel}","templated":true}]}}