{"id":20703,"date":"2025-01-21T18:27:19","date_gmt":"2025-01-21T17:27:19","guid":{"rendered":"https:\/\/vitalstoffversand.com\/?post_type=product&#038;p=20703"},"modified":"2026-03-11T13:30:50","modified_gmt":"2026-03-11T12:30:50","slug":"alphavitals-ekstrakt-z-kory-sosny-opc-240-kapsulek-kopie","status":"publish","type":"product","link":"https:\/\/dev.vitalstoffversand.com\/pl\/produkt-pl\/alphavitals-ekstrakt-z-kory-sosny-opc-240-kapsulek-kopie\/","title":{"rendered":"alphavitalis <br>Wechselsanft (Naprzemiennie mi\u0119kkie) Kompleks sk\u0142adnik\u00f3w aktywnych &#8211; 120 kapsu\u0142ek"},"content":{"rendered":"<p>Wechselsanft Vitalstoffkomplex to zharmonizowane po\u0142\u0105czenie ekstrakt\u00f3w ro\u015blinnych i witamin opracowane specjalnie dla kobiet przechodz\u0105cych menopauz\u0119.<\/p>\n<p>Sk\u0142adniki aktywne: korze\u0144 pochrzynu, sza\u0142wia, czerwona koniczyna, ziele dziurawca, czarny cohosh, pieprz mnicha i chmiel, uzupe\u0142nione o <a href=\"https:\/\/dev.vitalstoffversand.com\/knowledge-base\/vitamin-b6\/\" target=\"_blank\" rel=\"noopener\"><span style=\"color: #0000ff;\"><strong>\u2192 witamina B6<\/strong><\/span><\/a>, <a href=\"https:\/\/dev.vitalstoffversand.com\/knowledge-base\/vitamin-b12\/\" target=\"_blank\" rel=\"noopener\"><strong><span style=\"color: #0000ff;\">\u2192 witamina B12<\/span><\/strong><\/a>, <a href=\"https:\/\/dev.vitalstoffversand.com\/knowledge-base\/vitamin-b9-folat\/\" target=\"_blank\" rel=\"noopener\"><strong>\u2192 kwas foliowy<\/strong><\/a> oraz <a href=\"https:\/\/dev.vitalstoffversand.com\/knowledge-base\/eisen\/\" target=\"_blank\" rel=\"noopener\"><strong><span style=\"color: #0000ff;\">\u2192 \u017celazo<\/span><\/strong><\/a> dzia\u0142aj\u0105 &#8220;r\u0119ka w r\u0119k\u0119&#8221;, je\u015bli chodzi o wspieranie kobiet z objawami menopauzy.<\/p>\n<ul>\n<li>wega\u0144ski<\/li>\n<li>Bez glutenu<\/li>\n<li>Bez laktozy<\/li>\n<li>Bez GMO<\/li>\n<li>Wyprodukowane zgodnie z surowymi normami jako\u015bci UE<\/li>\n<\/ul>\n","protected":false},"excerpt":{"rendered":"<p>Wechselsanft Vitalstoffkomplex to zharmonizowane po\u0142\u0105czenie ekstrakt\u00f3w ro\u015blinnych i witamin opracowane specjalnie dla kobiet przechodz\u0105cych menopauz\u0119. Sk\u0142adniki aktywne: korze\u0144 pochrzynu, sza\u0142wia, czerwona koniczyna, ziele dziurawca, czarny cohosh, pieprz mnicha i chmiel, uzupe\u0142nione o \u2192 witamina B6, \u2192 witamina B12, \u2192 kwas foliowy oraz \u2192 \u017celazo dzia\u0142aj\u0105 &#8220;r\u0119ka w r\u0119k\u0119&#8221;, je\u015bli chodzi o wspieranie kobiet z objawami [&hellip;]<\/p>\n","protected":false},"featured_media":40551,"template":"","meta":{"_acf_changed":false},"product_brand":[10192],"product_cat":[560,569],"product_tag":[],"class_list":{"0":"post-20703","1":"product","2":"type-product","3":"status-publish","4":"has-post-thumbnail","6":"product_brand-alphavitalis-pl","7":"product_cat-skladniki-odzywcze","8":"product_cat-produkty-od-a-z","10":"first","11":"instock","12":"taxable","13":"shipping-taxable","14":"purchasable","15":"product-type-simple"},"acf":[],"_links":{"self":[{"href":"https:\/\/dev.vitalstoffversand.com\/pl\/wp-json\/wp\/v2\/product\/20703","targetHints":{"allow":["GET"]}}],"collection":[{"href":"https:\/\/dev.vitalstoffversand.com\/pl\/wp-json\/wp\/v2\/product"}],"about":[{"href":"https:\/\/dev.vitalstoffversand.com\/pl\/wp-json\/wp\/v2\/types\/product"}],"wp:featuredmedia":[{"embeddable":true,"href":"https:\/\/dev.vitalstoffversand.com\/pl\/wp-json\/wp\/v2\/media\/40551"}],"wp:attachment":[{"href":"https:\/\/dev.vitalstoffversand.com\/pl\/wp-json\/wp\/v2\/media?parent=20703"}],"wp:term":[{"taxonomy":"product_brand","embeddable":true,"href":"https:\/\/dev.vitalstoffversand.com\/pl\/wp-json\/wp\/v2\/product_brand?post=20703"},{"taxonomy":"product_cat","embeddable":true,"href":"https:\/\/dev.vitalstoffversand.com\/pl\/wp-json\/wp\/v2\/product_cat?post=20703"},{"taxonomy":"product_tag","embeddable":true,"href":"https:\/\/dev.vitalstoffversand.com\/pl\/wp-json\/wp\/v2\/product_tag?post=20703"}],"curies":[{"name":"wp","href":"https:\/\/api.w.org\/{rel}","templated":true}]}}