{"id":20695,"date":"2025-01-21T14:51:58","date_gmt":"2025-01-21T13:51:58","guid":{"rendered":"https:\/\/vitalstoffversand.com\/produkt\/alphavitals-ekstrakt-z-kory-sosny-opc-240-kapsulek\/"},"modified":"2026-03-11T13:30:48","modified_gmt":"2026-03-11T12:30:48","slug":"alphavitals-ekstrakt-z-kory-sosny-opc-240-kapsulek","status":"publish","type":"product","link":"https:\/\/dev.vitalstoffversand.com\/pl\/produkt-pl\/alphavitals-ekstrakt-z-kory-sosny-opc-240-kapsulek\/","title":{"rendered":"alphavitalis <br>Ekstrakt z kory sosny (OPC) &#8211; 240 kapsu\u0142ek"},"content":{"rendered":"<p>TOP produkt w\u015br\u00f3d ekstrakt\u00f3w z kory sosny.<\/p>\n<p>Ka\u017cda kapsu\u0142ka zawiera 250 mg ekstraktu z kory sosny z wysok\u0105 dawk\u0105 95% proantocyjanidyn i ponad 80 mg prawdziwego OPC, a tak\u017ce witamin\u0119 C z ekstraktu z dzikiej r\u00f3\u017cy.<\/p>\n<ul>\n<li>Wegan<\/li>\n<li>Bez glutenu<\/li>\n<li>Bez laktozy<\/li>\n<li>Bez GMO<\/li>\n<li>Przebadane laboratoryjnie pod k\u0105tem substancji szkodliwych i zawarto\u015bci OPC<\/li>\n<li>Wyprodukowane zgodnie z surowymi normami jako\u015bci UE<\/li>\n<\/ul>\n","protected":false},"excerpt":{"rendered":"<p>TOP produkt w\u015br\u00f3d ekstrakt\u00f3w z kory sosny. Ka\u017cda kapsu\u0142ka zawiera 250 mg ekstraktu z kory sosny z wysok\u0105 dawk\u0105 95% proantocyjanidyn i ponad 80 mg prawdziwego OPC, a tak\u017ce witamin\u0119 C z ekstraktu z dzikiej r\u00f3\u017cy. Wegan Bez glutenu Bez laktozy Bez GMO Przebadane laboratoryjnie pod k\u0105tem substancji szkodliwych i zawarto\u015bci OPC Wyprodukowane zgodnie z [&hellip;]<\/p>\n","protected":false},"featured_media":40544,"template":"","meta":{"_acf_changed":false},"product_brand":[10192],"product_cat":[560,569],"product_tag":[],"class_list":{"0":"post-20695","1":"product","2":"type-product","3":"status-publish","4":"has-post-thumbnail","6":"product_brand-alphavitalis-pl","7":"product_cat-skladniki-odzywcze","8":"product_cat-produkty-od-a-z","10":"first","11":"instock","12":"taxable","13":"shipping-taxable","14":"purchasable","15":"product-type-simple"},"acf":[],"_links":{"self":[{"href":"https:\/\/dev.vitalstoffversand.com\/pl\/wp-json\/wp\/v2\/product\/20695","targetHints":{"allow":["GET"]}}],"collection":[{"href":"https:\/\/dev.vitalstoffversand.com\/pl\/wp-json\/wp\/v2\/product"}],"about":[{"href":"https:\/\/dev.vitalstoffversand.com\/pl\/wp-json\/wp\/v2\/types\/product"}],"wp:featuredmedia":[{"embeddable":true,"href":"https:\/\/dev.vitalstoffversand.com\/pl\/wp-json\/wp\/v2\/media\/40544"}],"wp:attachment":[{"href":"https:\/\/dev.vitalstoffversand.com\/pl\/wp-json\/wp\/v2\/media?parent=20695"}],"wp:term":[{"taxonomy":"product_brand","embeddable":true,"href":"https:\/\/dev.vitalstoffversand.com\/pl\/wp-json\/wp\/v2\/product_brand?post=20695"},{"taxonomy":"product_cat","embeddable":true,"href":"https:\/\/dev.vitalstoffversand.com\/pl\/wp-json\/wp\/v2\/product_cat?post=20695"},{"taxonomy":"product_tag","embeddable":true,"href":"https:\/\/dev.vitalstoffversand.com\/pl\/wp-json\/wp\/v2\/product_tag?post=20695"}],"curies":[{"name":"wp","href":"https:\/\/api.w.org\/{rel}","templated":true}]}}