{"id":60730,"date":"2025-09-13T18:52:09","date_gmt":"2025-09-13T16:52:09","guid":{"rendered":"https:\/\/vitalstoffversand.com\/zaloz-konto-klienta\/"},"modified":"2025-10-17T16:16:06","modified_gmt":"2025-10-17T14:16:06","slug":"zaloz-konto-klienta","status":"publish","type":"page","link":"https:\/\/dev.vitalstoffversand.com\/pl\/zaloz-konto-klienta\/","title":{"rendered":"Za\u0142\u00f3\u017c konto klienta"},"content":{"rendered":"<div class=\"woocommerce\"><\/div>\n\n\n\n<p><\/p>\n","protected":false},"excerpt":{"rendered":"","protected":false},"author":1,"featured_media":0,"parent":0,"menu_order":0,"comment_status":"closed","ping_status":"closed","template":"","meta":{"_acf_changed":false,"footnotes":""},"class_list":["post-60730","page","type-page","status-publish","hentry"],"acf":[],"_links":{"self":[{"href":"https:\/\/dev.vitalstoffversand.com\/pl\/wp-json\/wp\/v2\/pages\/60730","targetHints":{"allow":["GET"]}}],"collection":[{"href":"https:\/\/dev.vitalstoffversand.com\/pl\/wp-json\/wp\/v2\/pages"}],"about":[{"href":"https:\/\/dev.vitalstoffversand.com\/pl\/wp-json\/wp\/v2\/types\/page"}],"author":[{"embeddable":true,"href":"https:\/\/dev.vitalstoffversand.com\/pl\/wp-json\/wp\/v2\/users\/1"}],"replies":[{"embeddable":true,"href":"https:\/\/dev.vitalstoffversand.com\/pl\/wp-json\/wp\/v2\/comments?post=60730"}],"version-history":[{"count":0,"href":"https:\/\/dev.vitalstoffversand.com\/pl\/wp-json\/wp\/v2\/pages\/60730\/revisions"}],"wp:attachment":[{"href":"https:\/\/dev.vitalstoffversand.com\/pl\/wp-json\/wp\/v2\/media?parent=60730"}],"curies":[{"name":"wp","href":"https:\/\/api.w.org\/{rel}","templated":true}]}}