{"id":19872,"date":"2025-01-07T14:19:05","date_gmt":"2025-01-07T13:19:05","guid":{"rendered":"https:\/\/vitalstoffversand.com\/informacje-o-platnosci\/"},"modified":"2025-08-26T14:22:13","modified_gmt":"2025-08-26T12:22:13","slug":"informacje-o-platnosci","status":"publish","type":"page","link":"https:\/\/dev.vitalstoffversand.com\/pl\/informacje-o-platnosci\/","title":{"rendered":"Informacje o p\u0142atno\u015bci"},"content":{"rendered":"\n<p><\/p>\n\n<div style=\"height:30px\" aria-hidden=\"true\" class=\"wp-block-spacer\"><\/div>\n\n<h2 class=\"wp-block-heading\">Akceptowane waluty<\/h2>\n\n<p>Akceptujemy p\u0142atno\u015bci w <\/p>\n\n<div class=\"wp-block-group is-nowrap is-layout-flex wp-container-core-group-is-layout-6c531013 wp-block-group-is-layout-flex\">\n<p>Euro (EUR &#8211; \u20ac)<br\/>Frank szwajcarski (CHF &#8211; CHF)<br\/>Korona czeska (CZK &#8211; K\u010d\u010d)<br\/>Korona du\u0144ska (DKK &#8211; kr.)<br\/>Funt szterling (GBP &#8211; \u00a3)<br\/>Forint w\u0119gierski (HUF &#8211; Ft)<br\/>Korona norweska (NOK &#8211; kr)<br\/>Polski z\u0142oty (PLN &#8211; z\u0142)<br\/>Rumu\u0144ski lej (RON &#8211; lei)<br\/>Korona szwedzka (SEK &#8211; kr)<\/p>\n\n\n\n<p><a href=\"https:\/\/dev.vitalstoffversand.com\/wp-admin\/post-new.php?lang=en&amp;post_type=page&amp;trid=5412&amp;source_lang=de\"><\/a><\/p>\n<\/div>\n\n<div style=\"height:30px\" aria-hidden=\"true\" class=\"wp-block-spacer\"><\/div>\n\n<h2 class=\"wp-block-heading\">Op\u0142aty za p\u0142atno\u015bci<\/h2>\n\n<p>Nie pobieramy \u017cadnych op\u0142at za \u017cadn\u0105 z oferowanych form p\u0142atno\u015bci.<\/p>\n\n<p>Uwaga: <br\/>W zale\u017cno\u015bci od wybranej formy p\u0142atno\u015bci mog\u0105 powsta\u0107 koszty zewn\u0119trzne, na kt\u00f3re nie mamy wp\u0142ywu.<\/p>\n\n<div style=\"height:30px\" aria-hidden=\"true\" class=\"wp-block-spacer\"><\/div>\n\n<h2 class=\"wp-block-heading\">Metody p\u0142atno\u015bci<\/h2>\n\n<p><strong>Przedp\u0142ata przelewem bankowym<\/strong>:<br\/>Przelew kwoty faktury na nasze konto bankowe z g\u00f3ry.<br\/>Po otrzymaniu p\u0142atno\u015bci niezw\u0142ocznie wy\u015blemy Twoje zam\u00f3wienie.<\/p>\n\n<p><strong>PayPal \/ PayPal Checkout<\/strong>:<br\/>P\u0142a\u0107 bezpiecznie, szybko i wygodnie za pomoc\u0105 swojego konta PayPal.<br\/>Mo\u017cesz r\u00f3wnie\u017c zap\u0142aci\u0107 kart\u0105 kredytow\u0105 lub przelewem bankowym bez konta PayPal.<br\/>Dodatkowo dost\u0119pne s\u0105 funkcje takie jak \u201eZap\u0142a\u0107 p\u00f3\u017aniej\u201d.<br\/><br\/><strong>Amazon Pay<\/strong>:<br\/>U\u017cyj informacji o p\u0142atno\u015bci i wysy\u0142ce przechowywanych w Amazon, aby p\u0142aci\u0107 szybko i bezpiecznie.<\/p>\n\n<p><strong>Karty kredytowe \/ debetowe<\/strong>:<br\/>Akceptujemy wszystkie g\u0142\u00f3wne karty kredytowe i debetowe. <br\/>P\u0142atno\u015b\u0107 jest przetwarzana w bezpieczny i zaszyfrowany spos\u00f3b.<br\/>P\u0142atno\u015bci s\u0105 realizowane przez dostawc\u00f3w us\u0142ug p\u0142atniczych Stripe lub Mollie, kt\u00f3rzy pe\u0142ni\u0105 rol\u0119 interfejsu technicznego mi\u0119dzy naszym sklepem a odpowiednimi dostawcami us\u0142ug p\u0142atniczych.<\/p>\n\n<div style=\"height:20px\" aria-hidden=\"true\" class=\"wp-block-spacer\"><\/div>\n\n<h2 class=\"wp-block-heading\">Inne metody p\u0142atno\u015bci za po\u015brednictwem Mollie i Stripe *<\/h2>\n\n<p>*) Einige Zahlungsarten sind l\u00e4nderspezifisch und nicht \u00fcberall verf\u00fcgbar.<\/p>\n\n<ul class=\"wp-block-list\">\n<li><strong>Zakup Billie na konto (tylko B2B)<\/strong>:  <br\/>Dla zarejestrowanych klient\u00f3w biznesowych: kup teraz, zap\u0142a\u0107 p\u00f3\u017aniej.<br\/><em>Uwaga: Mo\u017cliwa weryfikacja zdolno\u015bci kredytowej przez Billie.<\/em><\/li>\n\n\n\n<li><strong>Trustly<\/strong><br\/>Bezpo\u015bredni przelew bankowy bez rejestracji \u2013 szybki, bezpieczny, w ca\u0142ej Europie.<\/li>\n\n\n\n<li><strong>KLARNA Faktura \/ Zakup ratalny<\/strong>: <br\/>Kup teraz, zap\u0142a\u0107 p\u00f3\u017aniej lub w ratach.<br\/><em>Uwaga: Klarna mo\u017ce przeprowadzi\u0107 kontrol\u0119 zdolno\u015bci kredytowej.<\/em><\/li>\n\n\n\n<li><strong>Riverty<\/strong>:  <br\/>Elastyczne opcje p\u0142atno\u015bci<br\/><em>Uwaga: Riverty mo\u017ce przeprowadzi\u0107 kontrol\u0119 zdolno\u015bci kredytowej.<\/em><\/li>\n\n\n\n<li><strong>Apple Pay \/ Google Pay \/ Microsoft Pay \/ Chrome Pay<\/strong>: <br\/>P\u0142a\u0107 bezpo\u015brednio za pomoc\u0105 swojego urz\u0105dzenia lub przegl\u0105darki.<\/li>\n\n\n\n<li><strong>Mobile Pay \/ Swish \/ Twint \/ Satispay<\/strong><br\/>Mobilne us\u0142ugi p\u0142atnicze umo\u017cliwiaj\u0105ce szybkie transakcje.<\/li>\n\n\n\n<li><strong>Bancontact \/ Belfius Pay \/ KBC\/CBC<\/strong><br\/>Belgijskie metody p\u0142atno\u015bci dla bezpo\u015brednich przelew\u00f3w bankowych.<\/li>\n\n\n\n<li><strong>eps \/ Klarna Sofort bezahlen \/ iDEAL \/ Multibanco \/ Przelewy24 \/ BLIK<\/strong><br\/>Krajowe metody przelew\u00f3w internetowych.<\/li>\n\n\n\n<li><strong>Revolut<\/strong>:  <br\/>Cyfrowe rozwi\u0105zanie bankowe zapewniaj\u0105ce szybkie i bezpieczne p\u0142atno\u015bci.<\/li>\n<\/ul>\n\n<div style=\"height:15px\" aria-hidden=\"true\" class=\"wp-block-spacer\"><\/div>\n\n<p class=\"has-medium-font-size\"><strong>Ochrona danych i informacje prawne<\/strong><\/p>\n\n<p>Wszystkie p\u0142atno\u015bci s\u0105 realizowane przez certyfikowanych dostawc\u00f3w us\u0142ug p\u0142atniczych i przesy\u0142ane w formie zaszyfrowanej.<\/p>\n\n<ul class=\"wp-block-list\">\n<li>Wi\u0119cej informacji znajdziesz w naszych <a href=\"https:\/\/dev.vitalstoffversand.com\/pl\/ogolne-warunki-handlowe\/\" data-type=\"page\" data-id=\"30\">Og\u00f3lnych warunkach handlowych<\/a>.<\/li>\n\n\n\n<li>Wi\u0119cej informacji na temat przetwarzania danych dotycz\u0105cych p\u0142atno\u015bci mo\u017cna znale\u017a\u0107 w naszej <a href=\"https:\/\/dev.vitalstoffversand.com\/pl\/ochrona-danych\/\" data-type=\"page\" data-id=\"27\">polityce prywatno\u015bci<\/a>.<\/li>\n<\/ul>\n\n<p><\/p>\n","protected":false},"excerpt":{"rendered":"<p>Akceptowane waluty Akceptujemy p\u0142atno\u015bci w Euro (EUR &#8211; \u20ac)Frank szwajcarski (CHF &#8211; CHF)Korona czeska (CZK &#8211; K\u010d\u010d)Korona du\u0144ska (DKK &#8211; kr.)Funt szterling (GBP &#8211; \u00a3)Forint w\u0119gierski (HUF &#8211; Ft)Korona norweska (NOK &#8211; kr)Polski z\u0142oty (PLN &#8211; z\u0142)Rumu\u0144ski lej (RON &#8211; lei)Korona szwedzka (SEK &#8211; kr) Op\u0142aty za p\u0142atno\u015bci Nie pobieramy \u017cadnych op\u0142at za \u017cadn\u0105 z [&hellip;]<\/p>\n","protected":false},"author":1,"featured_media":0,"parent":0,"menu_order":0,"comment_status":"closed","ping_status":"closed","template":"","meta":{"_acf_changed":false,"footnotes":""},"class_list":["post-19872","page","type-page","status-publish","hentry"],"acf":[],"_links":{"self":[{"href":"https:\/\/dev.vitalstoffversand.com\/pl\/wp-json\/wp\/v2\/pages\/19872","targetHints":{"allow":["GET"]}}],"collection":[{"href":"https:\/\/dev.vitalstoffversand.com\/pl\/wp-json\/wp\/v2\/pages"}],"about":[{"href":"https:\/\/dev.vitalstoffversand.com\/pl\/wp-json\/wp\/v2\/types\/page"}],"author":[{"embeddable":true,"href":"https:\/\/dev.vitalstoffversand.com\/pl\/wp-json\/wp\/v2\/users\/1"}],"replies":[{"embeddable":true,"href":"https:\/\/dev.vitalstoffversand.com\/pl\/wp-json\/wp\/v2\/comments?post=19872"}],"version-history":[{"count":0,"href":"https:\/\/dev.vitalstoffversand.com\/pl\/wp-json\/wp\/v2\/pages\/19872\/revisions"}],"wp:attachment":[{"href":"https:\/\/dev.vitalstoffversand.com\/pl\/wp-json\/wp\/v2\/media?parent=19872"}],"curies":[{"name":"wp","href":"https:\/\/api.w.org\/{rel}","templated":true}]}}