{"id":23657,"date":"2024-11-12T11:02:44","date_gmt":"2024-11-12T10:02:44","guid":{"rendered":"https:\/\/vitalstoffversand.com\/produkt\/gen-rip-burner-180-capsules\/"},"modified":"2026-03-11T14:03:49","modified_gmt":"2026-03-11T13:03:49","slug":"gen-rip-burner-180-capsules","status":"publish","type":"product","link":"https:\/\/dev.vitalstoffversand.com\/nl\/product-nl\/gen-rip-burner-180-capsules\/","title":{"rendered":"GEN <br>Rip Burner &#8211; 180 capsules"},"content":{"rendered":"<p>Hochdosierte und nat\u00fcrliche Nahrungserg\u00e4nzung sowohl f\u00fcr kalorienreduzierte Ern\u00e4hrung, als auch im &#8220;Pre-Workout&#8221; zur Unterst\u00fctzung von Definitionsphasen.Hooggedoseerd en natuurlijk voedingssupplement voor di\u00ebten met minder calorie\u00ebn en als \u201cpre-workout\u201d om de definitiefasen te ondersteunen.Hooggedoseerd en natuurlijk voedingssupplement voor di\u00ebten met minder calorie\u00ebn en als \u201cpre-workout\u201d om de definitiefasen te ondersteunen.<\/p>\n<p>De complexe combinatie van verschillende plantenextracten is even geschikt voor vrouwen als voor mannen.<\/p>\n<ul>\n<li>Glutenvrij<\/li>\n<li>Lactosevrij<\/li>\n<li>Zonder GMO<\/li>\n<li>Geproduceerd volgens strenge kwaliteitsnormen in de EU<\/li>\n<\/ul>\n","protected":false},"excerpt":{"rendered":"<p>Hochdosierte und nat\u00fcrliche Nahrungserg\u00e4nzung sowohl f\u00fcr kalorienreduzierte Ern\u00e4hrung, als auch im &#8220;Pre-Workout&#8221; zur Unterst\u00fctzung von Definitionsphasen.Hooggedoseerd en natuurlijk voedingssupplement voor di\u00ebten met minder calorie\u00ebn en als \u201cpre-workout\u201d om de definitiefasen te ondersteunen.Hooggedoseerd en natuurlijk voedingssupplement voor di\u00ebten met minder calorie\u00ebn en als \u201cpre-workout\u201d om de definitiefasen te ondersteunen. De complexe combinatie van verschillende plantenextracten is [&hellip;]<\/p>\n","protected":false},"featured_media":44016,"template":"","meta":{"_acf_changed":false},"product_brand":[10195],"product_cat":[709,707],"product_tag":[],"class_list":{"0":"post-23657","1":"product","2":"type-product","3":"status-publish","4":"has-post-thumbnail","6":"product_brand-gen-german-elite-nutrition-nl","7":"product_cat-voedingsstoffen","8":"product_cat-producten-van-a-z","10":"first","11":"instock","12":"taxable","13":"shipping-taxable","14":"purchasable","15":"product-type-simple"},"acf":[],"_links":{"self":[{"href":"https:\/\/dev.vitalstoffversand.com\/nl\/wp-json\/wp\/v2\/product\/23657","targetHints":{"allow":["GET"]}}],"collection":[{"href":"https:\/\/dev.vitalstoffversand.com\/nl\/wp-json\/wp\/v2\/product"}],"about":[{"href":"https:\/\/dev.vitalstoffversand.com\/nl\/wp-json\/wp\/v2\/types\/product"}],"wp:featuredmedia":[{"embeddable":true,"href":"https:\/\/dev.vitalstoffversand.com\/nl\/wp-json\/wp\/v2\/media\/44016"}],"wp:attachment":[{"href":"https:\/\/dev.vitalstoffversand.com\/nl\/wp-json\/wp\/v2\/media?parent=23657"}],"wp:term":[{"taxonomy":"product_brand","embeddable":true,"href":"https:\/\/dev.vitalstoffversand.com\/nl\/wp-json\/wp\/v2\/product_brand?post=23657"},{"taxonomy":"product_cat","embeddable":true,"href":"https:\/\/dev.vitalstoffversand.com\/nl\/wp-json\/wp\/v2\/product_cat?post=23657"},{"taxonomy":"product_tag","embeddable":true,"href":"https:\/\/dev.vitalstoffversand.com\/nl\/wp-json\/wp\/v2\/product_tag?post=23657"}],"curies":[{"name":"wp","href":"https:\/\/api.w.org\/{rel}","templated":true}]}}