{"id":23466,"date":"2024-11-10T13:58:25","date_gmt":"2024-11-10T12:58:25","guid":{"rendered":"https:\/\/vitalstoffversand.com\/produkt\/vit4ever-cafeine-xxl-500-tabletten\/"},"modified":"2026-03-14T17:16:40","modified_gmt":"2026-03-14T16:16:40","slug":"vit4ever-cafeine-xxl-500-tabletten","status":"publish","type":"product","link":"https:\/\/dev.vitalstoffversand.com\/nl\/product-nl\/vit4ever-cafeine-xxl-500-tabletten\/","title":{"rendered":"Vit4ever <br>Cafe\u00efne XXL &#8211; 500 tabletten"},"content":{"rendered":"<p>Cafe\u00efnetabletten met een hoge dosis cafe\u00efne en 200 mg cafe\u00efne per tablet.<\/p>\n<p>Heeft een stimulerend effect op het centrale zenuwstelsel.<\/p>\n<p>De dosering van \u00e9\u00e9n tablet komt overeen met ongeveer een halve liter koffie \/ energiedrank of 0,8 liter groene thee of twee liter cola.<\/p>\n<ul>\n<li>Vegan<\/li>\n<li>Glutenvrij<\/li>\n<li>Lactosevrij<\/li>\n<li>Zonder GMO<\/li>\n<li>Geproduceerd volgens strenge kwaliteitsnormen in de EU<\/li>\n<\/ul>\n","protected":false},"excerpt":{"rendered":"<p>Cafe\u00efnetabletten met een hoge dosis cafe\u00efne en 200 mg cafe\u00efne per tablet. Heeft een stimulerend effect op het centrale zenuwstelsel. De dosering van \u00e9\u00e9n tablet komt overeen met ongeveer een halve liter koffie \/ energiedrank of 0,8 liter groene thee of twee liter cola. Vegan Glutenvrij Lactosevrij Zonder GMO Geproduceerd volgens strenge kwaliteitsnormen in de [&hellip;]<\/p>\n","protected":false},"featured_media":51443,"template":"","meta":{"_acf_changed":false},"product_brand":[10222],"product_cat":[709,707],"product_tag":[],"class_list":{"0":"post-23466","1":"product","2":"type-product","3":"status-publish","4":"has-post-thumbnail","6":"product_brand-vit4ever-nl","7":"product_cat-voedingsstoffen","8":"product_cat-producten-van-a-z","10":"first","11":"instock","12":"taxable","13":"shipping-taxable","14":"purchasable","15":"product-type-simple"},"acf":[],"_links":{"self":[{"href":"https:\/\/dev.vitalstoffversand.com\/nl\/wp-json\/wp\/v2\/product\/23466","targetHints":{"allow":["GET"]}}],"collection":[{"href":"https:\/\/dev.vitalstoffversand.com\/nl\/wp-json\/wp\/v2\/product"}],"about":[{"href":"https:\/\/dev.vitalstoffversand.com\/nl\/wp-json\/wp\/v2\/types\/product"}],"wp:featuredmedia":[{"embeddable":true,"href":"https:\/\/dev.vitalstoffversand.com\/nl\/wp-json\/wp\/v2\/media\/51443"}],"wp:attachment":[{"href":"https:\/\/dev.vitalstoffversand.com\/nl\/wp-json\/wp\/v2\/media?parent=23466"}],"wp:term":[{"taxonomy":"product_brand","embeddable":true,"href":"https:\/\/dev.vitalstoffversand.com\/nl\/wp-json\/wp\/v2\/product_brand?post=23466"},{"taxonomy":"product_cat","embeddable":true,"href":"https:\/\/dev.vitalstoffversand.com\/nl\/wp-json\/wp\/v2\/product_cat?post=23466"},{"taxonomy":"product_tag","embeddable":true,"href":"https:\/\/dev.vitalstoffversand.com\/nl\/wp-json\/wp\/v2\/product_tag?post=23466"}],"curies":[{"name":"wp","href":"https:\/\/api.w.org\/{rel}","templated":true}]}}