{"id":23304,"date":"2024-11-09T17:08:15","date_gmt":"2024-11-09T16:08:15","guid":{"rendered":"https:\/\/vitalstoffversand.com\/produkt\/vit4ever-bio-probio-20-complex-180-capsules\/"},"modified":"2026-03-14T15:14:47","modified_gmt":"2026-03-14T14:14:47","slug":"vit4ever-bio-probio-20-complex-180-capsules","status":"publish","type":"product","link":"https:\/\/dev.vitalstoffversand.com\/nl\/product-nl\/vit4ever-bio-probio-20-complex-180-capsules\/","title":{"rendered":"Vit4ever <br>Bio Probio 20 Complex &#8211; 180 capsules"},"content":{"rendered":"<p>De darm is een centraal en uiterst belangrijk controleorgaan van ons lichaam.<\/p>\n<p>Probio 20 Complex bevat 20 bacteriestammen met 21 miljard CFU goede darmbacteri\u00ebn per dagelijkse portie, evenals een prebioticum, dat praktisch als voedsel voor de darmbacteri\u00ebn dient.<\/p>\n<p>Het gebruik van capsules met een darmcoating (Bright JC Caps) zorgt ervoor dat de bacteri\u00ebn onbeschadigd aankomen waar ze nodig zijn &#8211; in de darm.<\/p>\n<ul>\n<li>Vegan<\/li>\n<li>Glutenvrij<\/li>\n<li>Lactosevrij<\/li>\n<li>Zonder GMO<\/li>\n<li>Geproduceerd volgens strenge kwaliteitsnormen in de EU<\/li>\n<\/ul>\n","protected":false},"excerpt":{"rendered":"<p>De darm is een centraal en uiterst belangrijk controleorgaan van ons lichaam. Probio 20 Complex bevat 20 bacteriestammen met 21 miljard CFU goede darmbacteri\u00ebn per dagelijkse portie, evenals een prebioticum, dat praktisch als voedsel voor de darmbacteri\u00ebn dient. Het gebruik van capsules met een darmcoating (Bright JC Caps) zorgt ervoor dat de bacteri\u00ebn onbeschadigd aankomen [&hellip;]<\/p>\n","protected":false},"featured_media":50562,"template":"","meta":{"_acf_changed":false},"product_brand":[10222],"product_cat":[709,708,707],"product_tag":[],"class_list":{"0":"post-23304","1":"product","2":"type-product","3":"status-publish","4":"has-post-thumbnail","6":"product_brand-vit4ever-nl","7":"product_cat-voedingsstoffen","8":"product_cat-biologisch","9":"product_cat-producten-van-a-z","11":"first","12":"outofstock","13":"taxable","14":"shipping-taxable","15":"purchasable","16":"product-type-simple"},"acf":[],"_links":{"self":[{"href":"https:\/\/dev.vitalstoffversand.com\/nl\/wp-json\/wp\/v2\/product\/23304","targetHints":{"allow":["GET"]}}],"collection":[{"href":"https:\/\/dev.vitalstoffversand.com\/nl\/wp-json\/wp\/v2\/product"}],"about":[{"href":"https:\/\/dev.vitalstoffversand.com\/nl\/wp-json\/wp\/v2\/types\/product"}],"wp:featuredmedia":[{"embeddable":true,"href":"https:\/\/dev.vitalstoffversand.com\/nl\/wp-json\/wp\/v2\/media\/50562"}],"wp:attachment":[{"href":"https:\/\/dev.vitalstoffversand.com\/nl\/wp-json\/wp\/v2\/media?parent=23304"}],"wp:term":[{"taxonomy":"product_brand","embeddable":true,"href":"https:\/\/dev.vitalstoffversand.com\/nl\/wp-json\/wp\/v2\/product_brand?post=23304"},{"taxonomy":"product_cat","embeddable":true,"href":"https:\/\/dev.vitalstoffversand.com\/nl\/wp-json\/wp\/v2\/product_cat?post=23304"},{"taxonomy":"product_tag","embeddable":true,"href":"https:\/\/dev.vitalstoffversand.com\/nl\/wp-json\/wp\/v2\/product_tag?post=23304"}],"curies":[{"name":"wp","href":"https:\/\/api.w.org\/{rel}","templated":true}]}}