{"id":22549,"date":"2024-11-08T12:46:33","date_gmt":"2024-11-08T11:46:33","guid":{"rendered":"https:\/\/vitalstoffversand.com\/produkt\/vit4ever-gewricht-flexit-180-capsules\/"},"modified":"2026-03-12T16:58:22","modified_gmt":"2026-03-12T15:58:22","slug":"vit4ever-gewricht-flexit-180-capsules","status":"publish","type":"product","link":"https:\/\/dev.vitalstoffversand.com\/nl\/product-nl\/vit4ever-gewricht-flexit-180-capsules\/","title":{"rendered":"Vit4ever <br>Joint Flexit &#8211; 180 capsules"},"content":{"rendered":"<p>Met zijn zeer effectieve formule van 9 ingredi\u00ebnten biedt Gelenk Flexit ondersteuning tijdens het sporten of in het dagelijks leven.<\/p>\n<p>De capsules bevatten een actieve ingredi\u00ebntencombinatie van glucosamine, wierookextract, chondro\u00eftine, kurkuma-extract, quercetine, MSM, L-methionine, bromela\u00efne en natuurlijke vitamine C.<\/p>\n<ul>\n<li>Glutenvrij<\/li>\n<li>Lactosevrij<\/li>\n<li>Zonder GMO<\/li>\n<li>Geproduceerd volgens strenge kwaliteitsnormen in de EU<\/li>\n<\/ul>\n","protected":false},"excerpt":{"rendered":"<p>Met zijn zeer effectieve formule van 9 ingredi\u00ebnten biedt Gelenk Flexit ondersteuning tijdens het sporten of in het dagelijks leven. De capsules bevatten een actieve ingredi\u00ebntencombinatie van glucosamine, wierookextract, chondro\u00eftine, kurkuma-extract, quercetine, MSM, L-methionine, bromela\u00efne en natuurlijke vitamine C. Glutenvrij Lactosevrij Zonder GMO Geproduceerd volgens strenge kwaliteitsnormen in de EU<\/p>\n","protected":false},"featured_media":50002,"template":"","meta":{"_acf_changed":false},"product_brand":[10222],"product_cat":[709,707],"product_tag":[],"class_list":{"0":"post-22549","1":"product","2":"type-product","3":"status-publish","4":"has-post-thumbnail","6":"product_brand-vit4ever-nl","7":"product_cat-voedingsstoffen","8":"product_cat-producten-van-a-z","10":"first","11":"outofstock","12":"taxable","13":"shipping-taxable","14":"purchasable","15":"product-type-simple"},"acf":[],"_links":{"self":[{"href":"https:\/\/dev.vitalstoffversand.com\/nl\/wp-json\/wp\/v2\/product\/22549","targetHints":{"allow":["GET"]}}],"collection":[{"href":"https:\/\/dev.vitalstoffversand.com\/nl\/wp-json\/wp\/v2\/product"}],"about":[{"href":"https:\/\/dev.vitalstoffversand.com\/nl\/wp-json\/wp\/v2\/types\/product"}],"wp:featuredmedia":[{"embeddable":true,"href":"https:\/\/dev.vitalstoffversand.com\/nl\/wp-json\/wp\/v2\/media\/50002"}],"wp:attachment":[{"href":"https:\/\/dev.vitalstoffversand.com\/nl\/wp-json\/wp\/v2\/media?parent=22549"}],"wp:term":[{"taxonomy":"product_brand","embeddable":true,"href":"https:\/\/dev.vitalstoffversand.com\/nl\/wp-json\/wp\/v2\/product_brand?post=22549"},{"taxonomy":"product_cat","embeddable":true,"href":"https:\/\/dev.vitalstoffversand.com\/nl\/wp-json\/wp\/v2\/product_cat?post=22549"},{"taxonomy":"product_tag","embeddable":true,"href":"https:\/\/dev.vitalstoffversand.com\/nl\/wp-json\/wp\/v2\/product_tag?post=22549"}],"curies":[{"name":"wp","href":"https:\/\/api.w.org\/{rel}","templated":true}]}}