{"id":21038,"date":"2024-11-12T11:05:47","date_gmt":"2024-11-12T10:05:47","guid":{"rendered":"https:\/\/vitalstoffversand.com\/produkt\/gen-tribulus-max-180-capsules\/"},"modified":"2026-03-11T14:05:23","modified_gmt":"2026-03-11T13:05:23","slug":"gen-tribulus-max-180-capsules","status":"publish","type":"product","link":"https:\/\/dev.vitalstoffversand.com\/nl\/product-nl\/gen-tribulus-max-180-capsules\/","title":{"rendered":"GEN <br>Tribulus Max &#8211; 180 capsules"},"content":{"rendered":"<p>Tribulus Terrestris wordt gekenmerkt door een hoog gehalte aan saponinen, waaronder geglycoliseerde stero\u00efden, stero\u00efde alkalo\u00efden en triterpenen.<\/p>\n<p>Het product levert een maximaal gehalte van 95% saponinen, die zowel sporters als algemeen actieve mannen kunnen ondersteunen.<\/p>\n<ul>\n<li>Vegan<\/li>\n<li>Glutenvrij<\/li>\n<li>Lactosevrij<\/li>\n<li>Zonder GMO<\/li>\n<li>Geproduceerd volgens strenge kwaliteitsnormen in de EU<\/li>\n<\/ul>\n","protected":false},"excerpt":{"rendered":"<p>Tribulus Terrestris wordt gekenmerkt door een hoog gehalte aan saponinen, waaronder geglycoliseerde stero\u00efden, stero\u00efde alkalo\u00efden en triterpenen. Het product levert een maximaal gehalte van 95% saponinen, die zowel sporters als algemeen actieve mannen kunnen ondersteunen. Vegan Glutenvrij Lactosevrij Zonder GMO Geproduceerd volgens strenge kwaliteitsnormen in de EU<\/p>\n","protected":false},"featured_media":44064,"template":"","meta":{"_acf_changed":false},"product_brand":[10195],"product_cat":[719,707],"product_tag":[],"class_list":{"0":"post-21038","1":"product","2":"type-product","3":"status-publish","4":"has-post-thumbnail","6":"product_brand-gen-german-elite-nutrition-nl","7":"product_cat-sportsupplementen","8":"product_cat-producten-van-a-z","10":"first","11":"instock","12":"taxable","13":"shipping-taxable","14":"purchasable","15":"product-type-simple"},"acf":[],"_links":{"self":[{"href":"https:\/\/dev.vitalstoffversand.com\/nl\/wp-json\/wp\/v2\/product\/21038","targetHints":{"allow":["GET"]}}],"collection":[{"href":"https:\/\/dev.vitalstoffversand.com\/nl\/wp-json\/wp\/v2\/product"}],"about":[{"href":"https:\/\/dev.vitalstoffversand.com\/nl\/wp-json\/wp\/v2\/types\/product"}],"wp:featuredmedia":[{"embeddable":true,"href":"https:\/\/dev.vitalstoffversand.com\/nl\/wp-json\/wp\/v2\/media\/44064"}],"wp:attachment":[{"href":"https:\/\/dev.vitalstoffversand.com\/nl\/wp-json\/wp\/v2\/media?parent=21038"}],"wp:term":[{"taxonomy":"product_brand","embeddable":true,"href":"https:\/\/dev.vitalstoffversand.com\/nl\/wp-json\/wp\/v2\/product_brand?post=21038"},{"taxonomy":"product_cat","embeddable":true,"href":"https:\/\/dev.vitalstoffversand.com\/nl\/wp-json\/wp\/v2\/product_cat?post=21038"},{"taxonomy":"product_tag","embeddable":true,"href":"https:\/\/dev.vitalstoffversand.com\/nl\/wp-json\/wp\/v2\/product_tag?post=21038"}],"curies":[{"name":"wp","href":"https:\/\/api.w.org\/{rel}","templated":true}]}}