{"id":788,"date":"2024-10-14T17:25:33","date_gmt":"2024-10-14T15:25:33","guid":{"rendered":"https:\/\/dev.vitalstoffversand.com\/?post_type=product&#038;p=788"},"modified":"2026-04-01T12:57:37","modified_gmt":"2026-04-01T10:57:37","slug":"natura-med-polvere-di-hericium-biologica-kopie","status":"publish","type":"product","link":"https:\/\/dev.vitalstoffversand.com\/it\/prodotto\/natura-med-polvere-di-hericium-biologica-kopie\/","title":{"rendered":"Polvere di fungo Coriolus biologico &#8211; 100 g"},"content":{"rendered":"<p>Il Coriolus versicolor (tramete farfalla) \u00e8 un fungo conosciuto in diverse culture.<\/p>\n<p>A causa della sua classificazione come nuovo alimento (Novel Food) all&#8217;interno dell&#8217;UE e in alcune parti del SEE, non pu\u00f2 essere commercializzato come integratore alimentare o alimento.<\/p>\n<p>Questo prodotto \u00e8 quindi offerto esclusivamente come materia prima senza raccomandazioni d&#8217;uso e non \u00e8 destinato al consumo.<\/p>\n<ul>\n<li>100% naturale<\/li>\n<li>Prodotto secondo rigorosi standard di qualit\u00e0 nell&#8217;UE<\/li>\n<\/ul>\n","protected":false},"excerpt":{"rendered":"<p>Il Coriolus versicolor (tramete farfalla) \u00e8 un fungo conosciuto in diverse culture. A causa della sua classificazione come nuovo alimento (Novel Food) all&#8217;interno dell&#8217;UE e in alcune parti del SEE, non pu\u00f2 essere commercializzato come integratore alimentare o alimento. Questo prodotto \u00e8 quindi offerto esclusivamente come materia prima senza raccomandazioni d&#8217;uso e non \u00e8 destinato [&hellip;]<\/p>\n","protected":false},"featured_media":40479,"template":"","meta":{"_acf_changed":false},"product_brand":[],"product_cat":[364,374,304],"product_tag":[],"class_list":{"0":"post-788","1":"product","2":"type-product","3":"status-publish","4":"has-post-thumbnail","6":"product_cat-prodotti-dalla-a-alla-z","7":"product_cat-funghi-vitali","8":"product_cat-organico","10":"first","11":"instock","12":"taxable","13":"shipping-taxable","14":"purchasable","15":"product-type-simple"},"acf":[],"_links":{"self":[{"href":"https:\/\/dev.vitalstoffversand.com\/it\/wp-json\/wp\/v2\/product\/788","targetHints":{"allow":["GET"]}}],"collection":[{"href":"https:\/\/dev.vitalstoffversand.com\/it\/wp-json\/wp\/v2\/product"}],"about":[{"href":"https:\/\/dev.vitalstoffversand.com\/it\/wp-json\/wp\/v2\/types\/product"}],"wp:featuredmedia":[{"embeddable":true,"href":"https:\/\/dev.vitalstoffversand.com\/it\/wp-json\/wp\/v2\/media\/40479"}],"wp:attachment":[{"href":"https:\/\/dev.vitalstoffversand.com\/it\/wp-json\/wp\/v2\/media?parent=788"}],"wp:term":[{"taxonomy":"product_brand","embeddable":true,"href":"https:\/\/dev.vitalstoffversand.com\/it\/wp-json\/wp\/v2\/product_brand?post=788"},{"taxonomy":"product_cat","embeddable":true,"href":"https:\/\/dev.vitalstoffversand.com\/it\/wp-json\/wp\/v2\/product_cat?post=788"},{"taxonomy":"product_tag","embeddable":true,"href":"https:\/\/dev.vitalstoffversand.com\/it\/wp-json\/wp\/v2\/product_tag?post=788"}],"curies":[{"name":"wp","href":"https:\/\/api.w.org\/{rel}","templated":true}]}}