{"id":67031,"date":"2026-01-13T18:28:12","date_gmt":"2026-01-13T17:28:12","guid":{"rendered":"https:\/\/vitalstoffversand.com\/produkt\/vit4ever-myo-inositolo-in-polvere-300-g\/"},"modified":"2026-03-21T15:52:17","modified_gmt":"2026-03-21T14:52:17","slug":"vit4ever-myo-inositolo-in-polvere-300-g","status":"publish","type":"product","link":"https:\/\/dev.vitalstoffversand.com\/it\/prodotto\/vit4ever-myo-inositolo-in-polvere-300-g\/","title":{"rendered":"Vit4ever <br>Myo-inositolo in polvere &#8211; 300 g"},"content":{"rendered":"<p>Il mio-inositolo \u00e8 una sostanza simile alle vitamine coinvolta in numerosi processi metabolici all&#8217;interno del nostro organismo.<\/p>\n<p>\u00c8 presente naturalmente nel nostro organismo, ma in molti casi pu\u00f2 essere utile assumerla sotto forma di integratore.<\/p>\n<ul>\n<li>Vegano<\/li>\n<li>Senza glutine<\/li>\n<li>Senza lattosio<\/li>\n<li>Senza OGM<\/li>\n<li>Prodotto secondo rigorosi standard di qualit\u00e0 nell&#8217;UE<\/li>\n<\/ul>\n","protected":false},"excerpt":{"rendered":"<p>Il mio-inositolo \u00e8 una sostanza simile alle vitamine coinvolta in numerosi processi metabolici all&#8217;interno del nostro organismo. \u00c8 presente naturalmente nel nostro organismo, ma in molti casi pu\u00f2 essere utile assumerla sotto forma di integratore. Vegano Senza glutine Senza lattosio Senza OGM Prodotto secondo rigorosi standard di qualit\u00e0 nell&#8217;UE<\/p>\n","protected":false},"featured_media":67030,"template":"","meta":{"_acf_changed":false},"product_brand":[10218],"product_cat":[349,364],"product_tag":[],"class_list":{"0":"post-67031","1":"product","2":"type-product","3":"status-publish","4":"has-post-thumbnail","6":"product_brand-vit4ever-it","7":"product_cat-nutrienti","8":"product_cat-prodotti-dalla-a-alla-z","10":"first","11":"instock","12":"taxable","13":"shipping-taxable","14":"purchasable","15":"product-type-simple"},"acf":[],"_links":{"self":[{"href":"https:\/\/dev.vitalstoffversand.com\/it\/wp-json\/wp\/v2\/product\/67031","targetHints":{"allow":["GET"]}}],"collection":[{"href":"https:\/\/dev.vitalstoffversand.com\/it\/wp-json\/wp\/v2\/product"}],"about":[{"href":"https:\/\/dev.vitalstoffversand.com\/it\/wp-json\/wp\/v2\/types\/product"}],"wp:featuredmedia":[{"embeddable":true,"href":"https:\/\/dev.vitalstoffversand.com\/it\/wp-json\/wp\/v2\/media\/67030"}],"wp:attachment":[{"href":"https:\/\/dev.vitalstoffversand.com\/it\/wp-json\/wp\/v2\/media?parent=67031"}],"wp:term":[{"taxonomy":"product_brand","embeddable":true,"href":"https:\/\/dev.vitalstoffversand.com\/it\/wp-json\/wp\/v2\/product_brand?post=67031"},{"taxonomy":"product_cat","embeddable":true,"href":"https:\/\/dev.vitalstoffversand.com\/it\/wp-json\/wp\/v2\/product_cat?post=67031"},{"taxonomy":"product_tag","embeddable":true,"href":"https:\/\/dev.vitalstoffversand.com\/it\/wp-json\/wp\/v2\/product_tag?post=67031"}],"curies":[{"name":"wp","href":"https:\/\/api.w.org\/{rel}","templated":true}]}}