{"id":66803,"date":"2026-01-09T14:30:58","date_gmt":"2026-01-09T13:30:58","guid":{"rendered":"https:\/\/vitalstoffversand.com\/produkt\/vit4ever-biotina-365-compresse\/"},"modified":"2026-03-21T15:52:33","modified_gmt":"2026-03-21T14:52:33","slug":"vit4ever-biotina-365-compresse","status":"publish","type":"product","link":"https:\/\/dev.vitalstoffversand.com\/it\/prodotto\/vit4ever-biotina-365-compresse\/","title":{"rendered":"Vit4ever <br>Biotina &#8211; 365 compresse"},"content":{"rendered":"<p>La biotina \u00e8 nota a molti anche come <strong><span style=\"color: #0000ff;\"><a href=\"https:\/\/dev.vitalstoffversand.com\/knowledge-base\/vitamin-b7-biotin\/\" target=\"_blank\" rel=\"noopener\">\u2192 vitamina B7<\/a><\/span><\/strong> e appartiene al gruppo delle vitamine del gruppo B, essenziali per il nostro organismo.<\/p>\n<p>La biotina \u00e8 idrosolubile, pertanto un sovradosaggio moderato e prolungato non \u00e8 pericoloso.<\/p>\n<ul>\n<li>Vegano<\/li>\n<li>Senza glutine<\/li>\n<li>Senza lattosio<\/li>\n<li>Senza OGM<\/li>\n<li>Prodotto secondo rigorosi standard di qualit\u00e0 nell&#8217;UE<\/li>\n<\/ul>\n","protected":false},"excerpt":{"rendered":"<p>La biotina \u00e8 nota a molti anche come \u2192 vitamina B7 e appartiene al gruppo delle vitamine del gruppo B, essenziali per il nostro organismo. La biotina \u00e8 idrosolubile, pertanto un sovradosaggio moderato e prolungato non \u00e8 pericoloso. Vegano Senza glutine Senza lattosio Senza OGM Prodotto secondo rigorosi standard di qualit\u00e0 nell&#8217;UE<\/p>\n","protected":false},"featured_media":66800,"template":"","meta":{"_acf_changed":false},"product_brand":[10218],"product_cat":[349,364],"product_tag":[],"class_list":{"0":"post-66803","1":"product","2":"type-product","3":"status-publish","4":"has-post-thumbnail","6":"product_brand-vit4ever-it","7":"product_cat-nutrienti","8":"product_cat-prodotti-dalla-a-alla-z","10":"first","11":"instock","12":"taxable","13":"shipping-taxable","14":"purchasable","15":"product-type-simple"},"acf":[],"_links":{"self":[{"href":"https:\/\/dev.vitalstoffversand.com\/it\/wp-json\/wp\/v2\/product\/66803","targetHints":{"allow":["GET"]}}],"collection":[{"href":"https:\/\/dev.vitalstoffversand.com\/it\/wp-json\/wp\/v2\/product"}],"about":[{"href":"https:\/\/dev.vitalstoffversand.com\/it\/wp-json\/wp\/v2\/types\/product"}],"wp:featuredmedia":[{"embeddable":true,"href":"https:\/\/dev.vitalstoffversand.com\/it\/wp-json\/wp\/v2\/media\/66800"}],"wp:attachment":[{"href":"https:\/\/dev.vitalstoffversand.com\/it\/wp-json\/wp\/v2\/media?parent=66803"}],"wp:term":[{"taxonomy":"product_brand","embeddable":true,"href":"https:\/\/dev.vitalstoffversand.com\/it\/wp-json\/wp\/v2\/product_brand?post=66803"},{"taxonomy":"product_cat","embeddable":true,"href":"https:\/\/dev.vitalstoffversand.com\/it\/wp-json\/wp\/v2\/product_cat?post=66803"},{"taxonomy":"product_tag","embeddable":true,"href":"https:\/\/dev.vitalstoffversand.com\/it\/wp-json\/wp\/v2\/product_tag?post=66803"}],"curies":[{"name":"wp","href":"https:\/\/api.w.org\/{rel}","templated":true}]}}