{"id":66361,"date":"2025-10-08T13:28:04","date_gmt":"2025-10-08T11:28:04","guid":{"rendered":"https:\/\/vitalstoffversand.com\/produkt\/vit4ever-caffe-proteico-vegano-barista-diverse-varieta\/"},"modified":"2025-10-08T13:28:04","modified_gmt":"2025-10-08T11:28:04","slug":"vit4ever-caffe-proteico-vegano-barista-diverse-varieta","status":"publish","type":"product","link":"https:\/\/dev.vitalstoffversand.com\/it\/prodotto\/vit4ever-caffe-proteico-vegano-barista-diverse-varieta\/","title":{"rendered":"Vit4ever <br>Caff\u00e8 proteico vegano Barista &#8211; gusti diversi"},"content":{"rendered":"<p>Un isolato proteico di fagioli fava di alta qualit\u00e0, combinato con caff\u00e8 solubile, d\u00e0 vita al Barista Vegan Protein Coffee, una bevanda vegetale.<\/p>\n<p>Assapora le proteine vegetali nella cremosa variante Classic Coffee o nella versione Matcha con un tocco di caff\u00e8.<\/p>\n<ul>\n<li>Vegano<\/li>\n<li>Senza glutine<\/li>\n<li>Senza OGM<\/li>\n<li>Prodotto secondo rigorosi standard di qualit\u00e0 nell&#8217;UE<\/li>\n<\/ul>\n","protected":false},"excerpt":{"rendered":"<p>Un isolato proteico di fagioli fava di alta qualit\u00e0, combinato con caff\u00e8 solubile, d\u00e0 vita al Barista Vegan Protein Coffee, una bevanda vegetale. Assapora le proteine vegetali nella cremosa variante Classic Coffee o nella versione Matcha con un tocco di caff\u00e8. Vegano Senza glutine Senza OGM Prodotto secondo rigorosi standard di qualit\u00e0 nell&#8217;UE<\/p>\n","protected":false},"featured_media":58648,"template":"","meta":{"_acf_changed":false},"product_brand":[10218],"product_cat":[344,364],"product_tag":[],"class_list":{"0":"post-66361","1":"product","2":"type-product","3":"status-publish","4":"has-post-thumbnail","6":"product_brand-vit4ever-it","7":"product_cat-proteine-it","8":"product_cat-prodotti-dalla-a-alla-z","10":"first","11":"instock","12":"taxable","13":"shipping-taxable","14":"purchasable","15":"product-type-variable"},"acf":[],"_links":{"self":[{"href":"https:\/\/dev.vitalstoffversand.com\/it\/wp-json\/wp\/v2\/product\/66361","targetHints":{"allow":["GET"]}}],"collection":[{"href":"https:\/\/dev.vitalstoffversand.com\/it\/wp-json\/wp\/v2\/product"}],"about":[{"href":"https:\/\/dev.vitalstoffversand.com\/it\/wp-json\/wp\/v2\/types\/product"}],"wp:featuredmedia":[{"embeddable":true,"href":"https:\/\/dev.vitalstoffversand.com\/it\/wp-json\/wp\/v2\/media\/58648"}],"wp:attachment":[{"href":"https:\/\/dev.vitalstoffversand.com\/it\/wp-json\/wp\/v2\/media?parent=66361"}],"wp:term":[{"taxonomy":"product_brand","embeddable":true,"href":"https:\/\/dev.vitalstoffversand.com\/it\/wp-json\/wp\/v2\/product_brand?post=66361"},{"taxonomy":"product_cat","embeddable":true,"href":"https:\/\/dev.vitalstoffversand.com\/it\/wp-json\/wp\/v2\/product_cat?post=66361"},{"taxonomy":"product_tag","embeddable":true,"href":"https:\/\/dev.vitalstoffversand.com\/it\/wp-json\/wp\/v2\/product_tag?post=66361"}],"curies":[{"name":"wp","href":"https:\/\/api.w.org\/{rel}","templated":true}]}}