{"id":66098,"date":"2025-12-17T14:18:17","date_gmt":"2025-12-17T13:18:17","guid":{"rendered":"https:\/\/vitalstoffversand.com\/produkt\/vit4ever-malato-di-magnesio-365-capsule\/"},"modified":"2026-03-21T15:52:44","modified_gmt":"2026-03-21T14:52:44","slug":"vit4ever-malato-di-magnesio-365-capsule","status":"publish","type":"product","link":"https:\/\/dev.vitalstoffversand.com\/it\/prodotto\/vit4ever-malato-di-magnesio-365-capsule\/","title":{"rendered":"Vit4ever <br>Malato di magnesio &#8211; 365 capsule"},"content":{"rendered":"<p><span style=\"color: #0000ff;\"><strong><a href=\"https:\/\/dev.vitalstoffversand.com\/knowledge-base\/magnesium\/\" target=\"_blank\" rel=\"noopener\">\u2192 Il magnesio<\/a><\/strong><\/span> \u00e8 un minerale di fondamentale importanza per il nostro organismo, poich\u00e9 \u00e8 coinvolto in numerose funzioni corporee.<\/p>\n<p>Il malato di magnesio combina il magnesio con il malato, la forma salina dell&#8217;acido malico, presente naturalmente nel metabolismo energetico.<\/p>\n<ul>\n<li>Vegano<\/li>\n<li>Senza glutine<\/li>\n<li>Senza lattosio<\/li>\n<li>Senza OGM<\/li>\n<li>Prodotto secondo rigorosi standard di qualit\u00e0 nell&#8217;UE<\/li>\n<\/ul>\n","protected":false},"excerpt":{"rendered":"<p>\u2192 Il magnesio \u00e8 un minerale di fondamentale importanza per il nostro organismo, poich\u00e9 \u00e8 coinvolto in numerose funzioni corporee. Il malato di magnesio combina il magnesio con il malato, la forma salina dell&#8217;acido malico, presente naturalmente nel metabolismo energetico. Vegano Senza glutine Senza lattosio Senza OGM Prodotto secondo rigorosi standard di qualit\u00e0 nell&#8217;UE<\/p>\n","protected":false},"featured_media":66093,"template":"","meta":{"_acf_changed":false},"product_brand":[10218],"product_cat":[341,364],"product_tag":[],"class_list":{"0":"post-66098","1":"product","2":"type-product","3":"status-publish","4":"has-post-thumbnail","6":"product_brand-vit4ever-it","7":"product_cat-minerali-e-oligoelementi","8":"product_cat-prodotti-dalla-a-alla-z","10":"first","11":"instock","12":"taxable","13":"shipping-taxable","14":"purchasable","15":"product-type-simple"},"acf":[],"_links":{"self":[{"href":"https:\/\/dev.vitalstoffversand.com\/it\/wp-json\/wp\/v2\/product\/66098","targetHints":{"allow":["GET"]}}],"collection":[{"href":"https:\/\/dev.vitalstoffversand.com\/it\/wp-json\/wp\/v2\/product"}],"about":[{"href":"https:\/\/dev.vitalstoffversand.com\/it\/wp-json\/wp\/v2\/types\/product"}],"wp:featuredmedia":[{"embeddable":true,"href":"https:\/\/dev.vitalstoffversand.com\/it\/wp-json\/wp\/v2\/media\/66093"}],"wp:attachment":[{"href":"https:\/\/dev.vitalstoffversand.com\/it\/wp-json\/wp\/v2\/media?parent=66098"}],"wp:term":[{"taxonomy":"product_brand","embeddable":true,"href":"https:\/\/dev.vitalstoffversand.com\/it\/wp-json\/wp\/v2\/product_brand?post=66098"},{"taxonomy":"product_cat","embeddable":true,"href":"https:\/\/dev.vitalstoffversand.com\/it\/wp-json\/wp\/v2\/product_cat?post=66098"},{"taxonomy":"product_tag","embeddable":true,"href":"https:\/\/dev.vitalstoffversand.com\/it\/wp-json\/wp\/v2\/product_tag?post=66098"}],"curies":[{"name":"wp","href":"https:\/\/api.w.org\/{rel}","templated":true}]}}