{"id":64821,"date":"2025-09-18T17:52:53","date_gmt":"2025-09-18T15:52:53","guid":{"rendered":"https:\/\/vitalstoffversand.com\/produkt\/gen-glycopump-glicerolo-in-polvere-300-g\/"},"modified":"2026-03-21T15:53:57","modified_gmt":"2026-03-21T14:53:57","slug":"gen-glycopump-glicerolo-in-polvere-300-g","status":"publish","type":"product","link":"https:\/\/dev.vitalstoffversand.com\/it\/prodotto\/gen-glycopump-glicerolo-in-polvere-300-g\/","title":{"rendered":"GEN <br>GlycoPump\u00ae Glicerolo in polvere &#8211; 300 g"},"content":{"rendered":"<p>Glycerol Powder di GEN punta sulla materia prima di alta qualit\u00e0 GlycoPump\u00ae, che grazie a una formula speciale pu\u00f2 vantare un contenuto di principio attivo pari al 65%.<\/p>\n<p>Ideale per supportare l&#8217;allenamento o le attivit\u00e0 sportive in generale.<\/p>\n<ul>\n<li>Vegano<\/li>\n<li>Senza glutine<\/li>\n<li>Senza lattosio<\/li>\n<li>Senza OGM<\/li>\n<li>Prodotto secondo rigorosi standard di qualit\u00e0 nell&#8217;UE<\/li>\n<\/ul>\n","protected":false},"excerpt":{"rendered":"<p>Glycerol Powder di GEN punta sulla materia prima di alta qualit\u00e0 GlycoPump\u00ae, che grazie a una formula speciale pu\u00f2 vantare un contenuto di principio attivo pari al 65%. Ideale per supportare l&#8217;allenamento o le attivit\u00e0 sportive in generale. Vegano Senza glutine Senza lattosio Senza OGM Prodotto secondo rigorosi standard di qualit\u00e0 nell&#8217;UE<\/p>\n","protected":false},"featured_media":47013,"template":"","meta":{"_acf_changed":false},"product_brand":[10198],"product_cat":[354,364],"product_tag":[],"class_list":{"0":"post-64821","1":"product","2":"type-product","3":"status-publish","4":"has-post-thumbnail","6":"product_brand-gen-german-elite-nutrition-it","7":"product_cat-integratori-sportivi","8":"product_cat-prodotti-dalla-a-alla-z","10":"first","11":"instock","12":"taxable","13":"shipping-taxable","14":"purchasable","15":"product-type-simple"},"acf":[],"_links":{"self":[{"href":"https:\/\/dev.vitalstoffversand.com\/it\/wp-json\/wp\/v2\/product\/64821","targetHints":{"allow":["GET"]}}],"collection":[{"href":"https:\/\/dev.vitalstoffversand.com\/it\/wp-json\/wp\/v2\/product"}],"about":[{"href":"https:\/\/dev.vitalstoffversand.com\/it\/wp-json\/wp\/v2\/types\/product"}],"wp:featuredmedia":[{"embeddable":true,"href":"https:\/\/dev.vitalstoffversand.com\/it\/wp-json\/wp\/v2\/media\/47013"}],"wp:attachment":[{"href":"https:\/\/dev.vitalstoffversand.com\/it\/wp-json\/wp\/v2\/media?parent=64821"}],"wp:term":[{"taxonomy":"product_brand","embeddable":true,"href":"https:\/\/dev.vitalstoffversand.com\/it\/wp-json\/wp\/v2\/product_brand?post=64821"},{"taxonomy":"product_cat","embeddable":true,"href":"https:\/\/dev.vitalstoffversand.com\/it\/wp-json\/wp\/v2\/product_cat?post=64821"},{"taxonomy":"product_tag","embeddable":true,"href":"https:\/\/dev.vitalstoffversand.com\/it\/wp-json\/wp\/v2\/product_tag?post=64821"}],"curies":[{"name":"wp","href":"https:\/\/api.w.org\/{rel}","templated":true}]}}