{"id":64802,"date":"2025-04-10T12:00:55","date_gmt":"2025-04-10T10:00:55","guid":{"rendered":"https:\/\/vitalstoffversand.com\/produkt\/gen-creatina-hcl-365-capsule\/"},"modified":"2026-03-12T12:23:15","modified_gmt":"2026-03-12T11:23:15","slug":"gen-creatina-hcl-365-capsule","status":"publish","type":"product","link":"https:\/\/dev.vitalstoffversand.com\/it\/prodotto\/gen-creatina-hcl-365-capsule\/","title":{"rendered":"GEN <br>Creatina HCL &#8211; 365 capsule"},"content":{"rendered":"<p><a href=\"https:\/\/dev.vitalstoffversand.com\/knowledge-base\/creatin-kreatin\/\" target=\"_blank\" rel=\"noopener\"><strong><span style=\"color: #0000ff;\">\u2192 La creatina<\/span><\/strong><\/a> \u00e8 uno degli integratori pi\u00f9 importanti o pi\u00f9 frequentemente utilizzati nello sport agonistico.<\/p>\n<p>La creatina HCL (creatina cloridrato) \u00e8 una creatina legata all&#8217;acido cloridrico e ha lo scopo di prevenire o ridurre i possibili \u201ceffetti collaterali\u201d, come flatulenza o diarrea, che si verificano in alcune persone quando assumono creatina monoidrato.<\/p>\n<p>La forma di dosaggio delle capsule consente una buona e semplice somministrazione, anche in viaggio.<\/p>\n<ul>\n<li>Senza glutine<\/li>\n<li>Senza lattosio<\/li>\n<li>Senza OGM<\/li>\n<li>Prodotto secondo rigorosi standard di qualit\u00e0 nell&#8217;UE<\/li>\n<\/ul>\n","protected":false},"excerpt":{"rendered":"<p>\u2192 La creatina \u00e8 uno degli integratori pi\u00f9 importanti o pi\u00f9 frequentemente utilizzati nello sport agonistico. La creatina HCL (creatina cloridrato) \u00e8 una creatina legata all&#8217;acido cloridrico e ha lo scopo di prevenire o ridurre i possibili \u201ceffetti collaterali\u201d, come flatulenza o diarrea, che si verificano in alcune persone quando assumono creatina monoidrato. La forma [&hellip;]<\/p>\n","protected":false},"featured_media":46509,"template":"","meta":{"_acf_changed":false},"product_brand":[10198],"product_cat":[354,364],"product_tag":[],"class_list":{"0":"post-64802","1":"product","2":"type-product","3":"status-publish","4":"has-post-thumbnail","6":"product_brand-gen-german-elite-nutrition-it","7":"product_cat-integratori-sportivi","8":"product_cat-prodotti-dalla-a-alla-z","10":"first","11":"instock","12":"taxable","13":"shipping-taxable","14":"purchasable","15":"product-type-simple"},"acf":[],"_links":{"self":[{"href":"https:\/\/dev.vitalstoffversand.com\/it\/wp-json\/wp\/v2\/product\/64802","targetHints":{"allow":["GET"]}}],"collection":[{"href":"https:\/\/dev.vitalstoffversand.com\/it\/wp-json\/wp\/v2\/product"}],"about":[{"href":"https:\/\/dev.vitalstoffversand.com\/it\/wp-json\/wp\/v2\/types\/product"}],"wp:featuredmedia":[{"embeddable":true,"href":"https:\/\/dev.vitalstoffversand.com\/it\/wp-json\/wp\/v2\/media\/46509"}],"wp:attachment":[{"href":"https:\/\/dev.vitalstoffversand.com\/it\/wp-json\/wp\/v2\/media?parent=64802"}],"wp:term":[{"taxonomy":"product_brand","embeddable":true,"href":"https:\/\/dev.vitalstoffversand.com\/it\/wp-json\/wp\/v2\/product_brand?post=64802"},{"taxonomy":"product_cat","embeddable":true,"href":"https:\/\/dev.vitalstoffversand.com\/it\/wp-json\/wp\/v2\/product_cat?post=64802"},{"taxonomy":"product_tag","embeddable":true,"href":"https:\/\/dev.vitalstoffversand.com\/it\/wp-json\/wp\/v2\/product_tag?post=64802"}],"curies":[{"name":"wp","href":"https:\/\/api.w.org\/{rel}","templated":true}]}}