{"id":64796,"date":"2024-11-12T13:03:04","date_gmt":"2024-11-12T12:03:04","guid":{"rendered":"https:\/\/vitalstoffversand.com\/produkt\/gen-destrina-ciclica-a-grappolo-1000-g\/"},"modified":"2026-03-11T15:12:54","modified_gmt":"2026-03-11T14:12:54","slug":"gen-destrina-ciclica-a-grappolo-1000-g","status":"publish","type":"product","link":"https:\/\/dev.vitalstoffversand.com\/it\/prodotto\/gen-destrina-ciclica-a-grappolo-1000-g\/","title":{"rendered":"GEN <br>Destrina ciclica a grappolo &#8211; 1000 g"},"content":{"rendered":"<p>Il Cluster Dextrin\u00ae viene rilasciato lentamente nell&#8217;organismo ed \u00e8 quindi considerato una fonte di carboidrati delicata.<\/p>\n<p>Interessante per tutti coloro che necessitano di un apporto energetico continuo.<\/p>\n<p>Il prodotto \u00e8 facilmente solubile e si caratterizza per una bassa osmolarit\u00e0.<\/p>\n<ul>\n<li>Vegano<\/li>\n<li>Senza glutine<\/li>\n<li>Senza lattosio<\/li>\n<li>Senza OGM<\/li>\n<li>Prodotto secondo rigorosi standard di qualit\u00e0 nell&#8217;UE<\/li>\n<\/ul>\n","protected":false},"excerpt":{"rendered":"<p>Il Cluster Dextrin\u00ae viene rilasciato lentamente nell&#8217;organismo ed \u00e8 quindi considerato una fonte di carboidrati delicata. Interessante per tutti coloro che necessitano di un apporto energetico continuo. Il prodotto \u00e8 facilmente solubile e si caratterizza per una bassa osmolarit\u00e0. Vegano Senza glutine Senza lattosio Senza OGM Prodotto secondo rigorosi standard di qualit\u00e0 nell&#8217;UE<\/p>\n","protected":false},"featured_media":45796,"template":"","meta":{"_acf_changed":false},"product_brand":[10198],"product_cat":[354,364],"product_tag":[],"class_list":{"0":"post-64796","1":"product","2":"type-product","3":"status-publish","4":"has-post-thumbnail","6":"product_brand-gen-german-elite-nutrition-it","7":"product_cat-integratori-sportivi","8":"product_cat-prodotti-dalla-a-alla-z","10":"first","11":"instock","12":"taxable","13":"shipping-taxable","14":"purchasable","15":"product-type-simple"},"acf":[],"_links":{"self":[{"href":"https:\/\/dev.vitalstoffversand.com\/it\/wp-json\/wp\/v2\/product\/64796","targetHints":{"allow":["GET"]}}],"collection":[{"href":"https:\/\/dev.vitalstoffversand.com\/it\/wp-json\/wp\/v2\/product"}],"about":[{"href":"https:\/\/dev.vitalstoffversand.com\/it\/wp-json\/wp\/v2\/types\/product"}],"wp:featuredmedia":[{"embeddable":true,"href":"https:\/\/dev.vitalstoffversand.com\/it\/wp-json\/wp\/v2\/media\/45796"}],"wp:attachment":[{"href":"https:\/\/dev.vitalstoffversand.com\/it\/wp-json\/wp\/v2\/media?parent=64796"}],"wp:term":[{"taxonomy":"product_brand","embeddable":true,"href":"https:\/\/dev.vitalstoffversand.com\/it\/wp-json\/wp\/v2\/product_brand?post=64796"},{"taxonomy":"product_cat","embeddable":true,"href":"https:\/\/dev.vitalstoffversand.com\/it\/wp-json\/wp\/v2\/product_cat?post=64796"},{"taxonomy":"product_tag","embeddable":true,"href":"https:\/\/dev.vitalstoffversand.com\/it\/wp-json\/wp\/v2\/product_tag?post=64796"}],"curies":[{"name":"wp","href":"https:\/\/api.w.org\/{rel}","templated":true}]}}