{"id":64784,"date":"2025-10-01T13:58:24","date_gmt":"2025-10-01T11:58:24","guid":{"rendered":"https:\/\/vitalstoffversand.com\/produkt\/gen-cla-240-capsule\/"},"modified":"2026-03-21T15:53:27","modified_gmt":"2026-03-21T14:53:27","slug":"gen-cla-240-capsule","status":"publish","type":"product","link":"https:\/\/dev.vitalstoffversand.com\/it\/prodotto\/gen-cla-240-capsule\/","title":{"rendered":"GEN <br>CLA &#8211; 240 capsule"},"content":{"rendered":"<p>Il CLA (acido linoleico coniugato) \u00e8 una forma modificata dell&#8217;acido linoleico e rientra tra gli acidi grassi essenziali, pi\u00f9 precisamente tra gli acidi grassi omega-6.<\/p>\n<p>Il nostro corpo non \u00e8 in grado di produrre autonomamente questo acido grasso, che deve quindi essere assunto attraverso l&#8217;alimentazione.<\/p>\n<ul>\n<li>Senza glutine<\/li>\n<li>Senza lattosio<\/li>\n<li>Senza OGM<\/li>\n<li>Prodotto secondo rigorosi standard di qualit\u00e0 nell&#8217;UE<\/li>\n<\/ul>\n","protected":false},"excerpt":{"rendered":"<p>Il CLA (acido linoleico coniugato) \u00e8 una forma modificata dell&#8217;acido linoleico e rientra tra gli acidi grassi essenziali, pi\u00f9 precisamente tra gli acidi grassi omega-6. Il nostro corpo non \u00e8 in grado di produrre autonomamente questo acido grasso, che deve quindi essere assunto attraverso l&#8217;alimentazione. Senza glutine Senza lattosio Senza OGM Prodotto secondo rigorosi standard [&hellip;]<\/p>\n","protected":false},"featured_media":44620,"template":"","meta":{"_acf_changed":false},"product_brand":[10198],"product_cat":[336,364],"product_tag":[],"class_list":{"0":"post-64784","1":"product","2":"type-product","3":"status-publish","4":"has-post-thumbnail","6":"product_brand-gen-german-elite-nutrition-it","7":"product_cat-acidi-grassi","8":"product_cat-prodotti-dalla-a-alla-z","10":"first","11":"instock","12":"taxable","13":"shipping-taxable","14":"purchasable","15":"product-type-simple"},"acf":[],"_links":{"self":[{"href":"https:\/\/dev.vitalstoffversand.com\/it\/wp-json\/wp\/v2\/product\/64784","targetHints":{"allow":["GET"]}}],"collection":[{"href":"https:\/\/dev.vitalstoffversand.com\/it\/wp-json\/wp\/v2\/product"}],"about":[{"href":"https:\/\/dev.vitalstoffversand.com\/it\/wp-json\/wp\/v2\/types\/product"}],"wp:featuredmedia":[{"embeddable":true,"href":"https:\/\/dev.vitalstoffversand.com\/it\/wp-json\/wp\/v2\/media\/44620"}],"wp:attachment":[{"href":"https:\/\/dev.vitalstoffversand.com\/it\/wp-json\/wp\/v2\/media?parent=64784"}],"wp:term":[{"taxonomy":"product_brand","embeddable":true,"href":"https:\/\/dev.vitalstoffversand.com\/it\/wp-json\/wp\/v2\/product_brand?post=64784"},{"taxonomy":"product_cat","embeddable":true,"href":"https:\/\/dev.vitalstoffversand.com\/it\/wp-json\/wp\/v2\/product_cat?post=64784"},{"taxonomy":"product_tag","embeddable":true,"href":"https:\/\/dev.vitalstoffversand.com\/it\/wp-json\/wp\/v2\/product_tag?post=64784"}],"curies":[{"name":"wp","href":"https:\/\/api.w.org\/{rel}","templated":true}]}}