{"id":62691,"date":"2026-01-29T18:46:13","date_gmt":"2026-01-29T17:46:13","guid":{"rendered":"https:\/\/vitalstoffversand.com\/?post_type=product&#038;p=62691"},"modified":"2026-03-21T15:52:12","modified_gmt":"2026-03-21T14:52:12","slug":"natura-med-bucce-di-psillio-macinate-biologiche-quantita-varie-kopie","status":"publish","type":"product","link":"https:\/\/dev.vitalstoffversand.com\/it\/prodotto\/natura-med-bucce-di-psillio-macinate-biologiche-quantita-varie-kopie\/","title":{"rendered":"Natura Med <br>Bucce di psillio biologiche macinate &#8211; 500 g"},"content":{"rendered":"<p>La farina o la polvere di buccia di psillio biologica \u00e8 la forma pi\u00f9 fine di buccia di psillio.<\/p>\n<p>Le propriet\u00e0 altamente gonfianti di questo prodotto lo rendono un supporto ideale per una dieta o per la pulizia del colon e la riabilitazione intestinale, nonch\u00e9 per la stitichezza acuta.<\/p>\n<ul>\n<li>100% naturale &#8211; senza additivi<\/li>\n<li>Vegano<\/li>\n<li>Senza glutine<\/li>\n<li>Senza lattosio<\/li>\n<li>Senza OGM<\/li>\n<li>Prodotto secondo rigorosi standard di qualit\u00e0 nell&#8217;UE<\/li>\n<\/ul>\n","protected":false},"excerpt":{"rendered":"<p>La farina o la polvere di buccia di psillio biologica \u00e8 la forma pi\u00f9 fine di buccia di psillio. Le propriet\u00e0 altamente gonfianti di questo prodotto lo rendono un supporto ideale per una dieta o per la pulizia del colon e la riabilitazione intestinale, nonch\u00e9 per la stitichezza acuta. 100% naturale &#8211; senza additivi Vegano [&hellip;]<\/p>\n","protected":false},"featured_media":40498,"template":"","meta":{"_acf_changed":false},"product_brand":[10204],"product_cat":[349,304,364],"product_tag":[],"class_list":{"0":"post-62691","1":"product","2":"type-product","3":"status-publish","4":"has-post-thumbnail","6":"product_brand-natura-med-it","7":"product_cat-nutrienti","8":"product_cat-organico","9":"product_cat-prodotti-dalla-a-alla-z","11":"first","12":"instock","13":"taxable","14":"shipping-taxable","15":"purchasable","16":"product-type-simple"},"acf":[],"_links":{"self":[{"href":"https:\/\/dev.vitalstoffversand.com\/it\/wp-json\/wp\/v2\/product\/62691","targetHints":{"allow":["GET"]}}],"collection":[{"href":"https:\/\/dev.vitalstoffversand.com\/it\/wp-json\/wp\/v2\/product"}],"about":[{"href":"https:\/\/dev.vitalstoffversand.com\/it\/wp-json\/wp\/v2\/types\/product"}],"wp:featuredmedia":[{"embeddable":true,"href":"https:\/\/dev.vitalstoffversand.com\/it\/wp-json\/wp\/v2\/media\/40498"}],"wp:attachment":[{"href":"https:\/\/dev.vitalstoffversand.com\/it\/wp-json\/wp\/v2\/media?parent=62691"}],"wp:term":[{"taxonomy":"product_brand","embeddable":true,"href":"https:\/\/dev.vitalstoffversand.com\/it\/wp-json\/wp\/v2\/product_brand?post=62691"},{"taxonomy":"product_cat","embeddable":true,"href":"https:\/\/dev.vitalstoffversand.com\/it\/wp-json\/wp\/v2\/product_cat?post=62691"},{"taxonomy":"product_tag","embeddable":true,"href":"https:\/\/dev.vitalstoffversand.com\/it\/wp-json\/wp\/v2\/product_tag?post=62691"}],"curies":[{"name":"wp","href":"https:\/\/api.w.org\/{rel}","templated":true}]}}