{"id":60852,"date":"2025-10-11T12:35:26","date_gmt":"2025-10-11T10:35:26","guid":{"rendered":"https:\/\/vitalstoffversand.com\/produkt\/gen-melatonina-a-rilascio-prolungato-365-compresse\/"},"modified":"2026-03-21T15:52:51","modified_gmt":"2026-03-21T14:52:51","slug":"gen-melatonina-a-rilascio-prolungato-365-compresse","status":"publish","type":"product","link":"https:\/\/dev.vitalstoffversand.com\/it\/prodotto\/gen-melatonina-a-rilascio-prolungato-365-compresse\/","title":{"rendered":"GEN <br>Melatonina a rilascio prolungato &#8211; 365 compresse"},"content":{"rendered":"<p>La speciale formula GEN Melatonina a rilascio graduale \u00e8 stata sviluppata per sostenere delicatamente il tuo ritmo naturale del sonno.<\/p>\n<p>La compressa \u00e8 divisibile, met\u00e0 compressa contiene 0,5 mg di melatonina. Questo prodotto offre un perfetto equilibrio tra efficacia e tollerabilit\u00e0 ed \u00e8 quindi particolarmente indicato per chi lavora a turni, per chi viaggia e per chi desidera rilassarsi la sera.<\/p>\n<p>In questo prodotto, la melatonina viene rilasciata in modo controllato e ritardato, garantendo cos\u00ec un effetto uniforme.<\/p>\n<ul>\n<li>vegano<\/li>\n<li>vegetariano<\/li>\n<li>Senza glutine<\/li>\n<li>Senza OGM<\/li>\n<li>Prodotto secondo rigorosi standard di qualit\u00e0 nell&#8217;UE<\/li>\n<\/ul>\n","protected":false},"excerpt":{"rendered":"<p>Rilassati e dormi bene con l&#8217;innovativo Melatonina Time Release.<br \/>\nGusto gradevole al limone per un&#8217;assunzione piacevole.<\/p>\n","protected":false},"featured_media":60847,"template":"","meta":{"_acf_changed":false},"product_brand":[10198],"product_cat":[349,364],"product_tag":[],"class_list":{"0":"post-60852","1":"product","2":"type-product","3":"status-publish","4":"has-post-thumbnail","6":"product_brand-gen-german-elite-nutrition-it","7":"product_cat-nutrienti","8":"product_cat-prodotti-dalla-a-alla-z","10":"first","11":"instock","12":"taxable","13":"shipping-taxable","14":"purchasable","15":"product-type-simple"},"acf":[],"_links":{"self":[{"href":"https:\/\/dev.vitalstoffversand.com\/it\/wp-json\/wp\/v2\/product\/60852","targetHints":{"allow":["GET"]}}],"collection":[{"href":"https:\/\/dev.vitalstoffversand.com\/it\/wp-json\/wp\/v2\/product"}],"about":[{"href":"https:\/\/dev.vitalstoffversand.com\/it\/wp-json\/wp\/v2\/types\/product"}],"wp:featuredmedia":[{"embeddable":true,"href":"https:\/\/dev.vitalstoffversand.com\/it\/wp-json\/wp\/v2\/media\/60847"}],"wp:attachment":[{"href":"https:\/\/dev.vitalstoffversand.com\/it\/wp-json\/wp\/v2\/media?parent=60852"}],"wp:term":[{"taxonomy":"product_brand","embeddable":true,"href":"https:\/\/dev.vitalstoffversand.com\/it\/wp-json\/wp\/v2\/product_brand?post=60852"},{"taxonomy":"product_cat","embeddable":true,"href":"https:\/\/dev.vitalstoffversand.com\/it\/wp-json\/wp\/v2\/product_cat?post=60852"},{"taxonomy":"product_tag","embeddable":true,"href":"https:\/\/dev.vitalstoffversand.com\/it\/wp-json\/wp\/v2\/product_tag?post=60852"}],"curies":[{"name":"wp","href":"https:\/\/api.w.org\/{rel}","templated":true}]}}