{"id":562,"date":"2024-10-09T12:30:22","date_gmt":"2024-10-09T10:30:22","guid":{"rendered":"https:\/\/dev.vitalstoffversand.com\/?post_type=product&#038;p=562"},"modified":"2026-03-11T12:31:35","modified_gmt":"2026-03-11T11:31:35","slug":"polvere-di-reishi-biologica-natura-med","status":"publish","type":"product","link":"https:\/\/dev.vitalstoffversand.com\/it\/prodotto\/polvere-di-reishi-biologica-natura-med\/","title":{"rendered":"Natura Med <br>Polvere di fungo Reishi biologico &#8211; 100 g"},"content":{"rendered":"<p>Il fungo reishi (Ganoderma lucidum) \u00e8 noto anche come ling zi o fungo della lacca lucida ed \u00e8 considerato il re dei funghi medicinali e curativi.<\/p>\n<p>Il reishi contiene oltre 400 sostanze bioattive, tra cui circa 140 diversi triterpeni, 100 diversi polisaccaridi, nonch\u00e9 potassio, calcio, magnesio, selenio, zinco, ferro, rame, vitamine B1, B2, B3, B5 e D e tutti gli aminoacidi essenziali.<\/p>\n<p>Rispetto a molti altri prodotti presenti sul mercato, la nostra polvere di funghi \u00e8 coltivata e lavorata secondo gli standard pi\u00f9 elevati.<\/p>\n<ul>\n<li>100% naturale &#8211; senza additivi<\/li>\n<li>Vegano<\/li>\n<li>Senza glutine<\/li>\n<li>Senza lattosio<\/li>\n<li>Senza OGM<\/li>\n<li>Prodotto secondo rigorosi standard di qualit\u00e0 nell&#8217;UE<\/li>\n<\/ul>\n","protected":false},"excerpt":{"rendered":"<p>La polvere di fungo Reishi biologico \u00e8 un fungo medicinale tradizionalmente apprezzato. Naturale, vegano e lavorato con cura per garantire la massima qualit\u00e0 e un&#8217;elevata biodisponibilit\u00e0.<\/p>\n","protected":false},"featured_media":39112,"template":"","meta":{"_acf_changed":false},"product_brand":[10204],"product_cat":[374,304,364],"product_tag":[],"class_list":{"0":"post-562","1":"product","2":"type-product","3":"status-publish","4":"has-post-thumbnail","6":"product_brand-natura-med-it","7":"product_cat-funghi-vitali","8":"product_cat-organico","9":"product_cat-prodotti-dalla-a-alla-z","11":"first","12":"instock","13":"taxable","14":"shipping-taxable","15":"purchasable","16":"product-type-simple"},"acf":[],"_links":{"self":[{"href":"https:\/\/dev.vitalstoffversand.com\/it\/wp-json\/wp\/v2\/product\/562","targetHints":{"allow":["GET"]}}],"collection":[{"href":"https:\/\/dev.vitalstoffversand.com\/it\/wp-json\/wp\/v2\/product"}],"about":[{"href":"https:\/\/dev.vitalstoffversand.com\/it\/wp-json\/wp\/v2\/types\/product"}],"wp:featuredmedia":[{"embeddable":true,"href":"https:\/\/dev.vitalstoffversand.com\/it\/wp-json\/wp\/v2\/media\/39112"}],"wp:attachment":[{"href":"https:\/\/dev.vitalstoffversand.com\/it\/wp-json\/wp\/v2\/media?parent=562"}],"wp:term":[{"taxonomy":"product_brand","embeddable":true,"href":"https:\/\/dev.vitalstoffversand.com\/it\/wp-json\/wp\/v2\/product_brand?post=562"},{"taxonomy":"product_cat","embeddable":true,"href":"https:\/\/dev.vitalstoffversand.com\/it\/wp-json\/wp\/v2\/product_cat?post=562"},{"taxonomy":"product_tag","embeddable":true,"href":"https:\/\/dev.vitalstoffversand.com\/it\/wp-json\/wp\/v2\/product_tag?post=562"}],"curies":[{"name":"wp","href":"https:\/\/api.w.org\/{rel}","templated":true}]}}