{"id":43199,"date":"2025-09-01T18:52:48","date_gmt":"2025-09-01T16:52:48","guid":{"rendered":"https:\/\/vitalstoffversand.com\/produkt\/vit4ever-nac-800-n-acetil-l-cisteina-240-capsule\/"},"modified":"2026-03-21T15:54:27","modified_gmt":"2026-03-21T14:54:27","slug":"vit4ever-nac-800-n-acetil-l-cisteina-240-capsule","status":"publish","type":"product","link":"https:\/\/dev.vitalstoffversand.com\/it\/prodotto\/vit4ever-nac-800-n-acetil-l-cisteina-240-capsule\/","title":{"rendered":"Vit4ever <br>NAC 600 &#8211; N-acetil L-cisteina &#8211; 240 capsule"},"content":{"rendered":"<p>La N-acetil-L-cisteina (nota anche come NAC) \u00e8 la forma N-acetilata e altamente efficace della L-cisteina ed \u00e8 molto biodisponibile.<\/p>\n<p>La NAC \u00e8 pi\u00f9 stabile della normale L-cisteina e prolunga l&#8217;effetto dell&#8217;aminoacido nella produzione di glutatione, che \u00e8 coinvolto in numerosi processi importanti dell&#8217;organismo e ha anche un effetto antiossidante.<\/p>\n<ul>\n<li>Vegano<\/li>\n<li>Senza glutine<\/li>\n<li>Senza lattosio<\/li>\n<li>Senza OGM<\/li>\n<li>Prodotto secondo rigorosi standard di qualit\u00e0 nell&#8217;UE<\/li>\n<\/ul>\n","protected":false},"excerpt":{"rendered":"<p>La N-acetil-L-cisteina (nota anche come NAC) \u00e8 la forma N-acetilata e altamente efficace della L-cisteina ed \u00e8 molto biodisponibile. La NAC \u00e8 pi\u00f9 stabile della normale L-cisteina e prolunga l&#8217;effetto dell&#8217;aminoacido nella produzione di glutatione, che \u00e8 coinvolto in numerosi processi importanti dell&#8217;organismo e ha anche un effetto antiossidante. Vegano Senza glutine Senza lattosio Senza [&hellip;]<\/p>\n","protected":false},"featured_media":62829,"template":"","meta":{"_acf_changed":false},"product_brand":[10218],"product_cat":[349,364],"product_tag":[],"class_list":{"0":"post-43199","1":"product","2":"type-product","3":"status-publish","4":"has-post-thumbnail","6":"product_brand-vit4ever-it","7":"product_cat-nutrienti","8":"product_cat-prodotti-dalla-a-alla-z","10":"first","11":"instock","12":"taxable","13":"shipping-taxable","14":"purchasable","15":"product-type-simple"},"acf":[],"_links":{"self":[{"href":"https:\/\/dev.vitalstoffversand.com\/it\/wp-json\/wp\/v2\/product\/43199","targetHints":{"allow":["GET"]}}],"collection":[{"href":"https:\/\/dev.vitalstoffversand.com\/it\/wp-json\/wp\/v2\/product"}],"about":[{"href":"https:\/\/dev.vitalstoffversand.com\/it\/wp-json\/wp\/v2\/types\/product"}],"wp:featuredmedia":[{"embeddable":true,"href":"https:\/\/dev.vitalstoffversand.com\/it\/wp-json\/wp\/v2\/media\/62829"}],"wp:attachment":[{"href":"https:\/\/dev.vitalstoffversand.com\/it\/wp-json\/wp\/v2\/media?parent=43199"}],"wp:term":[{"taxonomy":"product_brand","embeddable":true,"href":"https:\/\/dev.vitalstoffversand.com\/it\/wp-json\/wp\/v2\/product_brand?post=43199"},{"taxonomy":"product_cat","embeddable":true,"href":"https:\/\/dev.vitalstoffversand.com\/it\/wp-json\/wp\/v2\/product_cat?post=43199"},{"taxonomy":"product_tag","embeddable":true,"href":"https:\/\/dev.vitalstoffversand.com\/it\/wp-json\/wp\/v2\/product_tag?post=43199"}],"curies":[{"name":"wp","href":"https:\/\/api.w.org\/{rel}","templated":true}]}}