{"id":22196,"date":"2024-11-12T14:35:02","date_gmt":"2024-11-12T13:35:02","guid":{"rendered":"https:\/\/vitalstoffversand.com\/produkt\/gen-caffe-proteico-wheypresso-908-g-gusti-diversi\/"},"modified":"2026-03-12T12:20:47","modified_gmt":"2026-03-12T11:20:47","slug":"gen-caffe-proteico-wheypresso-908-g-gusti-diversi","status":"publish","type":"product","link":"https:\/\/dev.vitalstoffversand.com\/it\/prodotto\/gen-caffe-proteico-wheypresso-908-g-gusti-diversi\/","title":{"rendered":"GEN <br>Caff\u00e8 proteico Wheypresso &#8211; 908 g &#8211; gusti diversi"},"content":{"rendered":"<p>Wheypresso \u00e8 il massimo del piacere proteico al caff\u00e8 ed \u00e8 disponibile in 6 gusti deliziosi.<\/p>\n<p>Combinate una deliziosa esperienza di caff\u00e8 con i vostri obiettivi di fitness, perch\u00e9 ogni porzione di caff\u00e8 proteico fornisce fino a 22 grammi di proteine.<\/p>\n<p>Buono sia caldo che freddo.<\/p>\n<ul>\n<li>Senza glutine<\/li>\n<li>Prodotto secondo rigorosi standard di qualit\u00e0 nell&#8217;UE<\/li>\n<\/ul>\n","protected":false},"excerpt":{"rendered":"<p>Wheypresso \u00e8 il massimo del piacere proteico al caff\u00e8 ed \u00e8 disponibile in 6 gusti deliziosi. Combinate una deliziosa esperienza di caff\u00e8 con i vostri obiettivi di fitness, perch\u00e9 ogni porzione di caff\u00e8 proteico fornisce fino a 22 grammi di proteine. Buono sia caldo che freddo. Senza glutine Prodotto secondo rigorosi standard di qualit\u00e0 nell&#8217;UE<\/p>\n","protected":false},"featured_media":46413,"template":"","meta":{"_acf_changed":false},"product_brand":[10198],"product_cat":[344,328,364],"product_tag":[],"class_list":{"0":"post-22196","1":"product","2":"type-product","3":"status-publish","4":"has-post-thumbnail","6":"product_brand-gen-german-elite-nutrition-it","7":"product_cat-proteine-it","8":"product_cat-cucina-e-spuntini","9":"product_cat-prodotti-dalla-a-alla-z","11":"first","12":"outofstock","13":"taxable","14":"shipping-taxable","15":"purchasable","16":"product-type-variable"},"acf":[],"_links":{"self":[{"href":"https:\/\/dev.vitalstoffversand.com\/it\/wp-json\/wp\/v2\/product\/22196","targetHints":{"allow":["GET"]}}],"collection":[{"href":"https:\/\/dev.vitalstoffversand.com\/it\/wp-json\/wp\/v2\/product"}],"about":[{"href":"https:\/\/dev.vitalstoffversand.com\/it\/wp-json\/wp\/v2\/types\/product"}],"wp:featuredmedia":[{"embeddable":true,"href":"https:\/\/dev.vitalstoffversand.com\/it\/wp-json\/wp\/v2\/media\/46413"}],"wp:attachment":[{"href":"https:\/\/dev.vitalstoffversand.com\/it\/wp-json\/wp\/v2\/media?parent=22196"}],"wp:term":[{"taxonomy":"product_brand","embeddable":true,"href":"https:\/\/dev.vitalstoffversand.com\/it\/wp-json\/wp\/v2\/product_brand?post=22196"},{"taxonomy":"product_cat","embeddable":true,"href":"https:\/\/dev.vitalstoffversand.com\/it\/wp-json\/wp\/v2\/product_cat?post=22196"},{"taxonomy":"product_tag","embeddable":true,"href":"https:\/\/dev.vitalstoffversand.com\/it\/wp-json\/wp\/v2\/product_tag?post=22196"}],"curies":[{"name":"wp","href":"https:\/\/api.w.org\/{rel}","templated":true}]}}