{"id":21261,"date":"2024-11-12T11:56:30","date_gmt":"2024-11-12T10:56:30","guid":{"rendered":"https:\/\/vitalstoffversand.com\/produkt\/gen-acido-gamma-aminobutirrico-gaba-320-capsule\/"},"modified":"2026-03-11T14:36:40","modified_gmt":"2026-03-11T13:36:40","slug":"gen-acido-gamma-aminobutirrico-gaba-320-capsule","status":"publish","type":"product","link":"https:\/\/dev.vitalstoffversand.com\/it\/prodotto\/gen-acido-gamma-aminobutirrico-gaba-320-capsule\/","title":{"rendered":"GEN <br>Acido gamma-aminobutirrico Gaba &#8211; 320 capsule"},"content":{"rendered":"<p>L&#8217;acido \u03b3-aminobutirrico (GABA) \u00e8 un aminoacido non proteinogenico e, insieme al glutammato, \u00e8 un importante neurotrasmettitore del sistema nervoso centrale.<\/p>\n<p>Il GABA \u00e8 in grado di rallentare molti stimoli, in modo da avere un effetto positivo sullo stress e sul sonno.<\/p>\n<ul>\n<li>Senza glutine<\/li>\n<li>Senza lattosio<\/li>\n<li>Senza OGM<\/li>\n<li>Prodotto secondo rigorosi standard di qualit\u00e0 nell&#8217;UE<\/li>\n<\/ul>\n","protected":false},"excerpt":{"rendered":"<p>L&#8217;acido \u03b3-aminobutirrico (GABA) \u00e8 un aminoacido non proteinogenico e, insieme al glutammato, \u00e8 un importante neurotrasmettitore del sistema nervoso centrale. Il GABA \u00e8 in grado di rallentare molti stimoli, in modo da avere un effetto positivo sullo stress e sul sonno. Senza glutine Senza lattosio Senza OGM Prodotto secondo rigorosi standard di qualit\u00e0 nell&#8217;UE<\/p>\n","protected":false},"featured_media":61170,"template":"","meta":{"_acf_changed":false},"product_brand":[10198],"product_cat":[333,364],"product_tag":[],"class_list":{"0":"post-21261","1":"product","2":"type-product","3":"status-publish","4":"has-post-thumbnail","6":"product_brand-gen-german-elite-nutrition-it","7":"product_cat-aminoacidi","8":"product_cat-prodotti-dalla-a-alla-z","10":"first","11":"instock","12":"taxable","13":"shipping-taxable","14":"purchasable","15":"product-type-simple"},"acf":[],"_links":{"self":[{"href":"https:\/\/dev.vitalstoffversand.com\/it\/wp-json\/wp\/v2\/product\/21261","targetHints":{"allow":["GET"]}}],"collection":[{"href":"https:\/\/dev.vitalstoffversand.com\/it\/wp-json\/wp\/v2\/product"}],"about":[{"href":"https:\/\/dev.vitalstoffversand.com\/it\/wp-json\/wp\/v2\/types\/product"}],"wp:featuredmedia":[{"embeddable":true,"href":"https:\/\/dev.vitalstoffversand.com\/it\/wp-json\/wp\/v2\/media\/61170"}],"wp:attachment":[{"href":"https:\/\/dev.vitalstoffversand.com\/it\/wp-json\/wp\/v2\/media?parent=21261"}],"wp:term":[{"taxonomy":"product_brand","embeddable":true,"href":"https:\/\/dev.vitalstoffversand.com\/it\/wp-json\/wp\/v2\/product_brand?post=21261"},{"taxonomy":"product_cat","embeddable":true,"href":"https:\/\/dev.vitalstoffversand.com\/it\/wp-json\/wp\/v2\/product_cat?post=21261"},{"taxonomy":"product_tag","embeddable":true,"href":"https:\/\/dev.vitalstoffversand.com\/it\/wp-json\/wp\/v2\/product_tag?post=21261"}],"curies":[{"name":"wp","href":"https:\/\/api.w.org\/{rel}","templated":true}]}}