{"id":66983,"date":"2026-02-25T12:24:07","date_gmt":"2026-02-25T11:24:07","guid":{"rendered":"https:\/\/vitalstoffversand.com\/produkt\/vit4ever-caakg-alpha-cetoglutarate-de-calcium-120-gelules\/"},"modified":"2026-03-21T15:52:03","modified_gmt":"2026-03-21T14:52:03","slug":"vit4ever-caakg-alpha-cetoglutarate-de-calcium-120-gelules","status":"publish","type":"product","link":"https:\/\/dev.vitalstoffversand.com\/fr\/produit\/vit4ever-caakg-alpha-cetoglutarate-de-calcium-120-gelules\/","title":{"rendered":"Vit4ever <br>CaAKG &#8211; Alpha-c\u00e9toglutarate de calcium &#8211; 120 g\u00e9lules"},"content":{"rendered":"<p>Le CaAKG est un compos\u00e9 de calcium et d&#8217;alpha-c\u00e9toglutarate.<\/p>\n<ul>\n<li>V\u00e9gan<\/li>\n<li>Sans gluten<\/li>\n<li>Sans lactose<\/li>\n<li>Sans OGM<\/li>\n<li>Fabriqu\u00e9 selon les normes de qualit\u00e9 strictes de l&#8217;UE<\/li>\n<\/ul>\n","protected":false},"excerpt":{"rendered":"<p>Le CaAKG est un compos\u00e9 de calcium et d&#8217;alpha-c\u00e9toglutarate. V\u00e9gan Sans gluten Sans lactose Sans OGM Fabriqu\u00e9 selon les normes de qualit\u00e9 strictes de l&#8217;UE<\/p>\n","protected":false},"featured_media":66978,"template":"","meta":{"_acf_changed":false},"product_brand":[10217],"product_cat":[348,365],"product_tag":[],"class_list":{"0":"post-66983","1":"product","2":"type-product","3":"status-publish","4":"has-post-thumbnail","6":"product_brand-vit4ever-fr","7":"product_cat-nutriments","8":"product_cat-produits-de-a-a-z","10":"first","11":"instock","12":"taxable","13":"shipping-taxable","14":"purchasable","15":"product-type-simple"},"acf":[],"_links":{"self":[{"href":"https:\/\/dev.vitalstoffversand.com\/fr\/wp-json\/wp\/v2\/product\/66983","targetHints":{"allow":["GET"]}}],"collection":[{"href":"https:\/\/dev.vitalstoffversand.com\/fr\/wp-json\/wp\/v2\/product"}],"about":[{"href":"https:\/\/dev.vitalstoffversand.com\/fr\/wp-json\/wp\/v2\/types\/product"}],"wp:featuredmedia":[{"embeddable":true,"href":"https:\/\/dev.vitalstoffversand.com\/fr\/wp-json\/wp\/v2\/media\/66978"}],"wp:attachment":[{"href":"https:\/\/dev.vitalstoffversand.com\/fr\/wp-json\/wp\/v2\/media?parent=66983"}],"wp:term":[{"taxonomy":"product_brand","embeddable":true,"href":"https:\/\/dev.vitalstoffversand.com\/fr\/wp-json\/wp\/v2\/product_brand?post=66983"},{"taxonomy":"product_cat","embeddable":true,"href":"https:\/\/dev.vitalstoffversand.com\/fr\/wp-json\/wp\/v2\/product_cat?post=66983"},{"taxonomy":"product_tag","embeddable":true,"href":"https:\/\/dev.vitalstoffversand.com\/fr\/wp-json\/wp\/v2\/product_tag?post=66983"}],"curies":[{"name":"wp","href":"https:\/\/api.w.org\/{rel}","templated":true}]}}