{"id":66969,"date":"2026-01-13T18:25:07","date_gmt":"2026-01-13T17:25:07","guid":{"rendered":"https:\/\/vitalstoffversand.com\/produkt\/vit4ever-beurre-de-noix-de-cajou-chocolat-blanc-et-cannelle-1-000-g\/"},"modified":"2026-03-21T15:52:19","modified_gmt":"2026-03-21T14:52:19","slug":"vit4ever-beurre-de-noix-de-cajou-chocolat-blanc-et-cannelle-1-000-g","status":"publish","type":"product","link":"https:\/\/dev.vitalstoffversand.com\/fr\/produit\/vit4ever-beurre-de-noix-de-cajou-chocolat-blanc-et-cannelle-1-000-g\/","title":{"rendered":"Vit4ever <br>Beurre de noix de cajou &#8211; Chocolat blanc et cannelle &#8211; 1 000 g"},"content":{"rendered":"<p>Une d\u00e9licieuse pur\u00e9e de noix de cajou au chocolat blanc sans sucre, avec une l\u00e9g\u00e8re note de cannelle.<\/p>\n<p>Ce produit allie une texture onctueuse \u00e0 un go\u00fbt de noisette \u00e0 la fois l\u00e9g\u00e8rement sucr\u00e9 et agr\u00e9ablement \u00e9pic\u00e9.<\/p>\n<p>Remarque : la formation d&#8217;une couche d&#8217;huile \u00e0 la surface est normale avec ce produit. Il suffit de remuer bri\u00e8vement pour retrouver une texture onctueuse. <\/p>\n<ul>\n<li>Vegetarisch<\/li>\n<li>Sans huile de palme<\/li>\n<li>Sans sucre ajout\u00e9<\/li>\n<li>Sans OGM<\/li>\n<li>Fabriqu\u00e9 selon les normes de qualit\u00e9 strictes de l&#8217;UE<\/li>\n<\/ul>\n","protected":false},"excerpt":{"rendered":"<p>Une d\u00e9licieuse pur\u00e9e de noix de cajou au chocolat blanc sans sucre, avec une l\u00e9g\u00e8re note de cannelle. Ce produit allie une texture onctueuse \u00e0 un go\u00fbt de noisette \u00e0 la fois l\u00e9g\u00e8rement sucr\u00e9 et agr\u00e9ablement \u00e9pic\u00e9. Remarque : la formation d&#8217;une couche d&#8217;huile \u00e0 la surface est normale avec ce produit. Il suffit de [&hellip;]<\/p>\n","protected":false},"featured_media":66968,"template":"","meta":{"_acf_changed":false},"product_brand":[10217],"product_cat":[329,365],"product_tag":[],"class_list":{"0":"post-66969","1":"product","2":"type-product","3":"status-publish","4":"has-post-thumbnail","6":"product_brand-vit4ever-fr","7":"product_cat-cuisiner-grignoter","8":"product_cat-produits-de-a-a-z","10":"first","11":"instock","12":"taxable","13":"shipping-taxable","14":"purchasable","15":"product-type-simple"},"acf":[],"_links":{"self":[{"href":"https:\/\/dev.vitalstoffversand.com\/fr\/wp-json\/wp\/v2\/product\/66969","targetHints":{"allow":["GET"]}}],"collection":[{"href":"https:\/\/dev.vitalstoffversand.com\/fr\/wp-json\/wp\/v2\/product"}],"about":[{"href":"https:\/\/dev.vitalstoffversand.com\/fr\/wp-json\/wp\/v2\/types\/product"}],"wp:featuredmedia":[{"embeddable":true,"href":"https:\/\/dev.vitalstoffversand.com\/fr\/wp-json\/wp\/v2\/media\/66968"}],"wp:attachment":[{"href":"https:\/\/dev.vitalstoffversand.com\/fr\/wp-json\/wp\/v2\/media?parent=66969"}],"wp:term":[{"taxonomy":"product_brand","embeddable":true,"href":"https:\/\/dev.vitalstoffversand.com\/fr\/wp-json\/wp\/v2\/product_brand?post=66969"},{"taxonomy":"product_cat","embeddable":true,"href":"https:\/\/dev.vitalstoffversand.com\/fr\/wp-json\/wp\/v2\/product_cat?post=66969"},{"taxonomy":"product_tag","embeddable":true,"href":"https:\/\/dev.vitalstoffversand.com\/fr\/wp-json\/wp\/v2\/product_tag?post=66969"}],"curies":[{"name":"wp","href":"https:\/\/api.w.org\/{rel}","templated":true}]}}